{"id":1564,"date":"2017-05-08T18:07:42","date_gmt":"2017-05-08T16:07:42","guid":{"rendered":"https:\/\/jania.org\/web\/?page_id=1564"},"modified":"2017-05-30T04:48:41","modified_gmt":"2017-05-30T02:48:41","slug":"suscribete-a-nuestra-newsletter","status":"publish","type":"page","link":"https:\/\/jania.org\/web\/suscribete-a-nuestra-newsletter\/","title":{"rendered":"Suscr\u00edbete a nuestra Newsletter"},"content":{"rendered":"<p><div class=\"column two_fifth\"><span class=\"titulo-banner-home\">\u00bfQu\u00e9 te ofrecen las Newsletter de Jania?<\/span><\/p>\n<ul class=\"lista-jania\">\n<li><strong>Ofertas<\/strong> y <strong>promociones<\/strong> del mes<\/li>\n<li>Informaci\u00f3n sobre nuestras <strong>actividades<\/strong><\/li>\n<li>Los pr\u00f3ximos <strong>cursos<\/strong> y <strong>talleres<\/strong> que tenemos programados<\/li>\n<\/ul>\n<p><strong>&#8230;y mucho m\u00e1s!<\/strong><\/p>\n<p>Suscr\u00edbete ahora y recibe las \u00faltimas novedades sobre <strong>Jania<\/strong><\/p>\n<p class=\"texto-baja\">Al final del email de noticias que recibir\u00e1s, est\u00e1 el enlace para cancelar tu suscripci\u00f3n, si en alg\u00fan momento quisieras darte de baja.<\/p>\n<p><\/div><div class=\"column three_fifth last\"><\/p>\n<div id=\"mc_embed_signup\" class=\"form-contacto\">\n<form id=\"mc-embedded-subscribe-form\" class=\"validate\" action=\"\/\/jania.us11.list-manage.com\/subscribe\/post?u=323adbe1094467b237f054812&amp;id=56803f2dac\" method=\"post\" name=\"mc-embedded-subscribe-form\" novalidate=\"\" target=\"_blank\">\n<div id=\"mc_embed_signup_scroll\">\n<p>Email*<br \/>\n<input id=\"mce-EMAIL\" class=\"required email wpcf7-text\" name=\"EMAIL\" type=\"email\" value=\"\" \/><\/p>\n<p>Nombre<br \/>\n<input id=\"mce-FNAME\" class=\"wpcf7-text\" name=\"FNAME\" type=\"text\" value=\"\" \/><\/p>\n<p>Apellidos<br \/>\n<input id=\"mce-LNAME\" class=\"wpcf7-text\" name=\"LNAME\" type=\"text\" value=\"\" \/><\/p>\n<div id=\"mce-responses\" class=\"clear\"><\/div>\n<p><!-- real people should not fill this in and expect good things - do not remove this or risk form bot signups--><\/p>\n<div style=\"position: absolute; left: -5000px;\"><input tabindex=\"-1\" name=\"b_323adbe1094467b237f054812_56803f2dac\" type=\"text\" value=\"\" \/><\/div>\n<div class=\"clearfix\"><input id=\"mc-embedded-subscribe\" class=\"wpcf7-submit\" name=\"subscribe\" type=\"submit\" value=\"SUSCRIBIRME\" \/><\/div>\n<\/div>\n<\/form>\n<\/div>\n<p><\/div><div class=\"clear\"><\/div><\/p>\n","protected":false},"excerpt":{"rendered":"","protected":false},"author":1,"featured_media":1622,"parent":0,"menu_order":0,"comment_status":"closed","ping_status":"closed","template":"","meta":{"footnotes":""},"class_list":["post-1564","page","type-page","status-publish","has-post-thumbnail","hentry"],"yoast_head":"<!-- This site is optimized with the Yoast SEO plugin v15.4 - https:\/\/yoast.com\/wordpress\/plugins\/seo\/ -->\n<meta name=\"robots\" content=\"index, follow, max-snippet:-1, max-image-preview:large, max-video-preview:-1\" \/>\n<link rel=\"canonical\" href=\"https:\/\/jania.org\/web\/suscribete-a-nuestra-newsletter\/\" \/>\n<meta property=\"og:locale\" content=\"es_ES\" \/>\n<meta property=\"og:type\" content=\"article\" \/>\n<meta property=\"og:title\" content=\"Suscr\u00edbete a nuestra Newsletter - Jania - Sistema de centros de Energ\u00eda\" \/>\n<meta property=\"og:url\" content=\"https:\/\/jania.org\/web\/suscribete-a-nuestra-newsletter\/\" \/>\n<meta property=\"og:site_name\" content=\"Jania - Sistema de centros de Energ\u00eda\" \/>\n<meta property=\"article:modified_time\" content=\"2017-05-30T02:48:41+00:00\" \/>\n<meta property=\"og:image\" content=\"https:\/\/jania.org\/web\/wp-content\/uploads\/2017\/05\/newsletter.jpg\" \/>\n\t<meta property=\"og:image:width\" content=\"1024\" \/>\n\t<meta property=\"og:image:height\" content=\"322\" \/>\n<meta name=\"twitter:label1\" content=\"Escrito por\">\n\t<meta name=\"twitter:data1\" content=\"Ainhoa\">\n\t<meta name=\"twitter:label2\" content=\"Tiempo de lectura\">\n\t<meta name=\"twitter:data2\" content=\"0 minutos\">\n<script type=\"application\/ld+json\" class=\"yoast-schema-graph\">{\"@context\":\"https:\/\/schema.org\",\"@graph\":[{\"@type\":\"WebSite\",\"@id\":\"https:\/\/jania.org\/web\/#website\",\"url\":\"https:\/\/jania.org\/web\/\",\"name\":\"Jania - Sistema de centros de Energ\\u00eda\",\"description\":\"Sistema de centros de Energ\\u00eda - Din\\u00e1micas corporales\",\"potentialAction\":[{\"@type\":\"SearchAction\",\"target\":\"https:\/\/jania.org\/web\/?s={search_term_string}\",\"query-input\":\"required name=search_term_string\"}],\"inLanguage\":\"es\"},{\"@type\":\"ImageObject\",\"@id\":\"https:\/\/jania.org\/web\/suscribete-a-nuestra-newsletter\/#primaryimage\",\"inLanguage\":\"es\",\"url\":\"https:\/\/jania.org\/web\/wp-content\/uploads\/2017\/05\/newsletter.jpg\",\"width\":1024,\"height\":322},{\"@type\":\"WebPage\",\"@id\":\"https:\/\/jania.org\/web\/suscribete-a-nuestra-newsletter\/#webpage\",\"url\":\"https:\/\/jania.org\/web\/suscribete-a-nuestra-newsletter\/\",\"name\":\"Suscr\\u00edbete a nuestra Newsletter - Jania - Sistema de centros de Energ\\u00eda\",\"isPartOf\":{\"@id\":\"https:\/\/jania.org\/web\/#website\"},\"primaryImageOfPage\":{\"@id\":\"https:\/\/jania.org\/web\/suscribete-a-nuestra-newsletter\/#primaryimage\"},\"datePublished\":\"2017-05-08T16:07:42+00:00\",\"dateModified\":\"2017-05-30T02:48:41+00:00\",\"inLanguage\":\"es\",\"potentialAction\":[{\"@type\":\"ReadAction\",\"target\":[\"https:\/\/jania.org\/web\/suscribete-a-nuestra-newsletter\/\"]}]}]}<\/script>\n<!-- \/ Yoast SEO plugin. -->","_links":{"self":[{"href":"https:\/\/jania.org\/web\/wp-json\/wp\/v2\/pages\/1564","targetHints":{"allow":["GET"]}}],"collection":[{"href":"https:\/\/jania.org\/web\/wp-json\/wp\/v2\/pages"}],"about":[{"href":"https:\/\/jania.org\/web\/wp-json\/wp\/v2\/types\/page"}],"author":[{"embeddable":true,"href":"https:\/\/jania.org\/web\/wp-json\/wp\/v2\/users\/1"}],"replies":[{"embeddable":true,"href":"https:\/\/jania.org\/web\/wp-json\/wp\/v2\/comments?post=1564"}],"version-history":[{"count":9,"href":"https:\/\/jania.org\/web\/wp-json\/wp\/v2\/pages\/1564\/revisions"}],"predecessor-version":[{"id":1628,"href":"https:\/\/jania.org\/web\/wp-json\/wp\/v2\/pages\/1564\/revisions\/1628"}],"wp:featuredmedia":[{"embeddable":true,"href":"https:\/\/jania.org\/web\/wp-json\/wp\/v2\/media\/1622"}],"wp:attachment":[{"href":"https:\/\/jania.org\/web\/wp-json\/wp\/v2\/media?parent=1564"}],"curies":[{"name":"wp","href":"https:\/\/api.w.org\/{rel}","templated":true}]}}