{"id":17,"date":"2015-08-09T02:34:55","date_gmt":"2015-08-09T02:34:55","guid":{"rendered":"https:\/\/jania.org\/web\/?page_id=17"},"modified":"2020-12-09T17:09:32","modified_gmt":"2020-12-09T15:09:32","slug":"jania","status":"publish","type":"page","link":"https:\/\/jania.org\/web\/","title":{"rendered":"Jania"},"content":{"rendered":"<p><strong>JANIA<\/strong> es la <strong>Escuela del Sistema de Centros de Energ\u00eda en Bilbao<\/strong>. Un espacio donde la <strong>m\u00fasica<\/strong> y el <strong>movimiento expresivo<\/strong> dialogan para trabajar las emociones y llevar la salud a nuestro cuerpo.<\/p>\n<p><a href=\"https:\/\/jania.org\/web\/sistema-de-centros-de-energia\/\">Nuestro Sistema<\/a> propone una gimnasia corporal espec\u00edfica, que cualquier persona puede practicar. Se trata de liberar las tensiones acumuladas en nuestro cuerpo, lograr una mayor flexibilidad muscular y readaptar la posici\u00f3n corporal para sentirnos en sinton\u00eda con nosotros mismos, con nuestras emociones y con las relaciones que establecemos con los dem\u00e1s.<\/p>\n<p><strong>JANIA<\/strong>, que naci\u00f3 a mediados de los a\u00f1os 90, re\u00fane hoy un amplio <a href=\"https:\/\/jania.org\/web\/equipo\/\"><strong>equipo<\/strong><\/a> de profesionales que imparten numerosas disciplinas y actividades, todas relacionadas con el <strong>trabajo corporal<\/strong>, el <strong>crecimiento y el bienestar personal.<\/strong><\/p>\n<p class=\"titulo-banner-cursos\"><em>Te invitamos a conocernos.<\/em><\/p>\n<div class=\"column one_half\">\n<div class=\"banner-home\">\n<p><a href=\"https:\/\/jania.org\/web\/escuela-jania\/\"><img loading=\"lazy\" decoding=\"async\" class=\"size-full wp-image-1258\" src=\"https:\/\/jania.org\/web\/wp-content\/uploads\/2016\/05\/banner-escuela-centros-energia.jpg\" alt=\"Escuela Sistema de Centros de Energ\u00eda\" width=\"415\" height=\"221\" srcset=\"https:\/\/jania.org\/web\/wp-content\/uploads\/2016\/05\/banner-escuela-centros-energia.jpg 415w, https:\/\/jania.org\/web\/wp-content\/uploads\/2016\/05\/banner-escuela-centros-energia-300x160.jpg 300w\" sizes=\"auto, (max-width: 415px) 100vw, 415px\" \/><\/a><\/p>\n<div class=\"banner-home-texto\">\n<p><a class=\"titulo-banner-home\" href=\"https:\/\/jania.org\/web\/escuela-jania\/\">ESCUELA DEL SISTEMA DE CENTROS DE ENERG\u00cdA<\/a><\/p>\n<p>Ofrecemos <strong>Cursos Certificados de Masaje y Movimiento<\/strong> en los que formamos a todas las personas interesadas en la <strong>salud<\/strong>, el <strong>autoconocimiento<\/strong> y el <strong>desarrollo personal<\/strong> que lo deseen.<\/p>\n<\/div>\n<hr \/>\n<div class=\"ver-mas\"><a href=\"https:\/\/jania.org\/web\/escuela-jania\/\">Ver m\u00e1s<\/a><\/div>\n<\/div>\n<p><\/div> <div class=\"column one_half last\"><\/p>\n<div class=\"banner-home\">\n<p><a href=\"https:\/\/jania.org\/web\/reserva-de-salas\/\"><img loading=\"lazy\" decoding=\"async\" class=\"alignnone size-full wp-image-1261\" src=\"https:\/\/jania.org\/web\/wp-content\/uploads\/2016\/05\/banner-reserva-salas.jpg\" alt=\"Reserva de salas\" width=\"415\" height=\"221\" srcset=\"https:\/\/jania.org\/web\/wp-content\/uploads\/2016\/05\/banner-reserva-salas.jpg 415w, https:\/\/jania.org\/web\/wp-content\/uploads\/2016\/05\/banner-reserva-salas-300x160.jpg 300w\" sizes=\"auto, (max-width: 415px) 100vw, 415px\" \/><\/a><\/p>\n<div class=\"banner-home-texto\">\n<p><a class=\"titulo-banner-home\" href=\"https:\/\/jania.org\/web\/reserva-de-salas\/\">RESERVA DE SALAS PARA CURSOS, TALLERES, ETC&#8230;<\/a><\/p>\n<p>Disponemos de <strong>amplias salas multifuncionales<\/strong> especialmente preparadas para <strong>trabajos corporales<\/strong>, cursos, seminarios, etc., y acondicionadas con suelo de madera, luz natural, calefacci\u00f3n, equipo de m\u00fasica\u2026<\/p>\n<\/div>\n<hr \/>\n<div class=\"ver-mas\"><a href=\"https:\/\/jania.org\/web\/reserva-de-salas\/\">Ver m\u00e1s<\/a><\/div>\n<\/div>\n<p><\/div><div class=\"clear\"><\/div><div class=\"column one_half\"><\/p>\n<div class=\"banner-home\">\n<p><a href=\"https:\/\/jania.org\/web\/sesiones-individuales\/masaje-de-centros-de-energia\/\"><img loading=\"lazy\" decoding=\"async\" class=\"alignnone size-full wp-image-1262\" src=\"https:\/\/jania.org\/web\/wp-content\/uploads\/2016\/05\/banner-sesiones-individuales.jpg\" alt=\"Sesiones individuales\" width=\"415\" height=\"221\" srcset=\"https:\/\/jania.org\/web\/wp-content\/uploads\/2016\/05\/banner-sesiones-individuales.jpg 415w, https:\/\/jania.org\/web\/wp-content\/uploads\/2016\/05\/banner-sesiones-individuales-300x160.jpg 300w\" sizes=\"auto, (max-width: 415px) 100vw, 415px\" \/><\/a><\/p>\n<div class=\"banner-home-texto\">\n<p><a class=\"titulo-banner-home\" href=\"https:\/\/jania.org\/web\/sesiones-individuales\/masaje-de-centros-de-energia\/\">SESIONES INDIVIDUALES<\/a><\/p>\n<p>Te ofrecemos sesiones individuales de <strong>Masaje de Centros de Energ\u00eda<\/strong>, <strong>Masaje sonoro con diapasones<\/strong>, <strong>Masaje facial<\/strong>, <strong>Construir un pie sano<\/strong>, <strong>Relajar la mand\u00edbula<\/strong>, <strong>Pilates<\/strong>, <strong>Yoga Iyengar<\/strong>, <strong>Psicolog\u00eda<\/strong>, <strong>Reiki<\/strong> y <strong>M\u00e9todo Bates<\/strong>.<\/p>\n<\/div>\n<hr \/>\n<div class=\"ver-mas\"><a href=\"https:\/\/jania.org\/web\/sesiones-individuales\/masaje-de-centros-de-energia\/\">Ver m\u00e1s<\/a><\/div>\n<\/div>\n<p><\/div> <div class=\"column one_half last\"><\/p>\n<div class=\"banner-home\">\n<p><a href=\"https:\/\/jania.org\/web\/actividades\/movimiento-de-centros-de-energia\/\"><img loading=\"lazy\" decoding=\"async\" class=\"alignnone size-full wp-image-1260\" src=\"https:\/\/jania.org\/web\/wp-content\/uploads\/2016\/05\/banner-clases-semanales.jpg\" alt=\"banner-clases-semanales\" width=\"415\" height=\"221\" srcset=\"https:\/\/jania.org\/web\/wp-content\/uploads\/2016\/05\/banner-clases-semanales.jpg 415w, https:\/\/jania.org\/web\/wp-content\/uploads\/2016\/05\/banner-clases-semanales-300x160.jpg 300w\" sizes=\"auto, (max-width: 415px) 100vw, 415px\" \/><\/a><\/p>\n<div class=\"banner-home-texto\">\n<p><a class=\"titulo-banner-home\" href=\"https:\/\/jania.org\/web\/actividades\/movimiento-de-centros-de-energia\/\">CLASES SEMANALES<\/a><\/p>\n<p>Contamos con clases semanales de <strong>Body rolling<\/strong>, <strong>Estiramientos<\/strong>, <strong>Movimiento de Centros de Energ\u00eda<\/strong>, <strong>Yoga Iyengar<\/strong>, <strong>Feldenkrais y Abdominales sin riesgo<\/strong>, <strong>Movimiento creativo<\/strong>, <strong>Chi Kung<\/strong> y \u00a0<strong>M\u00e9todo Bates<\/strong>.<\/p>\n<\/div>\n<hr \/>\n<div class=\"ver-mas\"><a href=\"https:\/\/jania.org\/web\/actividades\/movimiento-de-centros-de-energia\/\">Ver m\u00e1s<\/a><\/div>\n<\/div>\n<p><\/div><div class=\"clear\"><\/div><\/p>\n","protected":false},"excerpt":{"rendered":"<p>JANIA es la Escuela del Sistema de Centros de Energ\u00eda en Bilbao. Un espacio donde la m\u00fasica y el movimiento expresivo dialogan para trabajar las emociones y llevar la salud a nuestro cuerpo. Nuestro Sistema propone una gimnasia corporal espec\u00edfica, que cualquier persona puede practicar. Se trata de liberar las tensiones acumuladas en nuestro cuerpo, lograr una mayor flexibilidad muscular y readaptar la posici\u00f3n corporal para sentirnos en sinton\u00eda con nosotros mismos, con nuestras emociones y con las relaciones que establecemos con los dem\u00e1s. JANIA, que naci\u00f3 a mediados de los a\u00f1os 90, re\u00fane hoy un amplio equipo de profesionales [&hellip;]<\/p>\n","protected":false},"author":1,"featured_media":0,"parent":0,"menu_order":0,"comment_status":"closed","ping_status":"closed","template":"template-home.php","meta":{"footnotes":""},"class_list":["post-17","page","type-page","status-publish","hentry"],"yoast_head":"<!-- This site is optimized with the Yoast SEO plugin v15.4 - https:\/\/yoast.com\/wordpress\/plugins\/seo\/ -->\n<meta name=\"description\" content=\"Jania Bilbao sistema de centros de energia body rolling estiramientos yoga feldenkrais chi kung metodo bates\" \/>\n<meta name=\"robots\" content=\"index, follow, max-snippet:-1, max-image-preview:large, max-video-preview:-1\" \/>\n<link rel=\"canonical\" href=\"https:\/\/jania.org\/web\/\" \/>\n<meta property=\"og:locale\" content=\"es_ES\" \/>\n<meta property=\"og:type\" content=\"article\" \/>\n<meta property=\"og:title\" content=\"Jania - Jania - Sistema de centros de Energ\u00eda\" \/>\n<meta property=\"og:description\" content=\"Jania Bilbao sistema de centros de energia body rolling estiramientos yoga feldenkrais chi kung metodo bates\" \/>\n<meta property=\"og:url\" content=\"https:\/\/jania.org\/web\/\" \/>\n<meta property=\"og:site_name\" content=\"Jania - Sistema de centros de Energ\u00eda\" \/>\n<meta property=\"article:modified_time\" content=\"2020-12-09T15:09:32+00:00\" \/>\n<meta property=\"og:image\" content=\"https:\/\/jania.org\/web\/wp-content\/uploads\/2016\/05\/banner-escuela-centros-energia.jpg\" \/>\n<meta name=\"twitter:label1\" content=\"Escrito por\">\n\t<meta name=\"twitter:data1\" content=\"Ainhoa\">\n\t<meta name=\"twitter:label2\" content=\"Tiempo de lectura\">\n\t<meta name=\"twitter:data2\" content=\"1 minuto\">\n<script type=\"application\/ld+json\" class=\"yoast-schema-graph\">{\"@context\":\"https:\/\/schema.org\",\"@graph\":[{\"@type\":\"WebSite\",\"@id\":\"https:\/\/jania.org\/web\/#website\",\"url\":\"https:\/\/jania.org\/web\/\",\"name\":\"Jania - Sistema de centros de Energ\\u00eda\",\"description\":\"Sistema de centros de Energ\\u00eda - Din\\u00e1micas corporales\",\"potentialAction\":[{\"@type\":\"SearchAction\",\"target\":\"https:\/\/jania.org\/web\/?s={search_term_string}\",\"query-input\":\"required name=search_term_string\"}],\"inLanguage\":\"es\"},{\"@type\":\"ImageObject\",\"@id\":\"https:\/\/jania.org\/web\/#primaryimage\",\"inLanguage\":\"es\",\"url\":\"https:\/\/jania.org\/web\/wp-content\/uploads\/2016\/05\/banner-escuela-centros-energia.jpg\",\"width\":415,\"height\":221,\"caption\":\"Escuela Sistema de Centros de Energ\\u00eda\"},{\"@type\":\"WebPage\",\"@id\":\"https:\/\/jania.org\/web\/#webpage\",\"url\":\"https:\/\/jania.org\/web\/\",\"name\":\"Jania - Jania - Sistema de centros de Energ\\u00eda\",\"isPartOf\":{\"@id\":\"https:\/\/jania.org\/web\/#website\"},\"primaryImageOfPage\":{\"@id\":\"https:\/\/jania.org\/web\/#primaryimage\"},\"datePublished\":\"2015-08-09T02:34:55+00:00\",\"dateModified\":\"2020-12-09T15:09:32+00:00\",\"description\":\"Jania Bilbao sistema de centros de energia body rolling estiramientos yoga feldenkrais chi kung metodo bates\",\"inLanguage\":\"es\",\"potentialAction\":[{\"@type\":\"ReadAction\",\"target\":[\"https:\/\/jania.org\/web\/\"]}]}]}<\/script>\n<!-- \/ Yoast SEO plugin. -->","_links":{"self":[{"href":"https:\/\/jania.org\/web\/wp-json\/wp\/v2\/pages\/17","targetHints":{"allow":["GET"]}}],"collection":[{"href":"https:\/\/jania.org\/web\/wp-json\/wp\/v2\/pages"}],"about":[{"href":"https:\/\/jania.org\/web\/wp-json\/wp\/v2\/types\/page"}],"author":[{"embeddable":true,"href":"https:\/\/jania.org\/web\/wp-json\/wp\/v2\/users\/1"}],"replies":[{"embeddable":true,"href":"https:\/\/jania.org\/web\/wp-json\/wp\/v2\/comments?post=17"}],"version-history":[{"count":122,"href":"https:\/\/jania.org\/web\/wp-json\/wp\/v2\/pages\/17\/revisions"}],"predecessor-version":[{"id":2979,"href":"https:\/\/jania.org\/web\/wp-json\/wp\/v2\/pages\/17\/revisions\/2979"}],"wp:attachment":[{"href":"https:\/\/jania.org\/web\/wp-json\/wp\/v2\/media?parent=17"}],"curies":[{"name":"wp","href":"https:\/\/api.w.org\/{rel}","templated":true}]}}