{"id":2214,"date":"2018-09-04T03:38:41","date_gmt":"2018-09-04T01:38:41","guid":{"rendered":"https:\/\/jania.org\/web\/?page_id=2214"},"modified":"2018-09-04T07:25:24","modified_gmt":"2018-09-04T05:25:24","slug":"yamuna-foot-fitness","status":"publish","type":"page","link":"https:\/\/jania.org\/web\/body-rolling-ybr\/yamuna-foot-fitness\/","title":{"rendered":"Yamuna\u00ae Foot Fitness"},"content":{"rendered":"<h2>YAMUNA\u00ae FOOT FITNESS<\/h2>\n<p>Los pies est\u00e1n sometidos a mucho estr\u00e9s durante nuestra vida. El resultado son unos pies que no pueden funcionar a pleno rendimiento y que se vuelven r\u00edgidos y contra\u00eddos.<br \/>\nEsto, sumado al hecho de que la mayor\u00eda de la gente tiene patrones de la marcha incorrectos o desequilibrados, hace que nuestros huesos se estrechen, se junten unos con otros, que los m\u00fasculos se atrofien y que algunos tejidos se adhieran, con fatales consecuencias: dolor, juanetes, fascitis, dedos en martillo, neuromas de Morton\u2026<\/p>\n<p>Todo lo que sucede en nuestros pies se refleja en nuestro cuerpo. La falta de movilidad del pie o el inadecuado apoyo de los pies puede provocar adem\u00e1s dolores de espalda, de rodillas, problemas de cadera. Cuando cuidas tus pies, est\u00e1s cuidando el resto de tu cuerpo.<\/p>\n<p>Yamuna\u00aeFoot Fitness (YFF) est\u00e1 desarrollado para restaurar saludablemente la funci\u00f3n del pie y crear equilibrio, flexibilidad, fuerza y una marcha correcta. Con las rutinas del trabajo en el PIE aprendemos c\u00f3mo caminar de forma adecuada y utilizando todas las partes del pie.<\/p>\n<h2>BENEFICIOS<\/h2>\n<ul>\n<li>Estimula, tonifica y elonga todos los m\u00fasculos, tendones y ligamentos de los pies y las piernas.<\/li>\n<li>Permite desarrollar un mayor arco de movimiento no s\u00f3lo en los pies, sino tambi\u00e9n en la pelvis, el t\u00f3rax.<\/li>\n<li>Incrementar la flexibilidad del pie, devolver el movimiento y la separaci\u00f3n de los huesos del pie, mejorando el tono muscular y la circulaci\u00f3n.<\/li>\n<li>Estimula los huesos, mejorando la calidad \u00f3sea.<\/li>\n<li>Relaja el sistema nervioso.<\/li>\n<\/ul>\n<p>YFF se puede practicar en CLASES GRUPALES o en SESIONES INDIVIDUALES. Aprendemos a observar nuestro patr\u00f3n al caminar, a ver si somos capaces de utilizar cada parte del pie, tal\u00f3n, borde externo y cada dedo de forma independiente; ver qu\u00e9 zonas est\u00e1n m\u00e1s tensas y cu\u00e1les necesitan ser trabajadas porque est\u00e1n hipertrofiadas.<\/p>\n<p>Los ejercicios son \u00fatiles para todos, pero resultan especialmente beneficiosos cuando hay problemas o patolog\u00edas en los pies, y tambi\u00e9n son muy eficaces para las bailarinas y los deportistas que quieren mejorar su rendimiento.<br \/>\n&nbsp;<\/p>\n","protected":false},"excerpt":{"rendered":"<p>YAMUNA\u00ae FOOT FITNESS Los pies est\u00e1n sometidos a mucho estr\u00e9s durante nuestra vida. El resultado son unos pies que no pueden funcionar a pleno rendimiento y que se vuelven r\u00edgidos y contra\u00eddos. Esto, sumado al hecho de que la mayor\u00eda de la gente tiene patrones de la marcha incorrectos o desequilibrados, hace que nuestros huesos se estrechen, se junten unos con otros, que los m\u00fasculos se atrofien y que algunos tejidos se adhieran, con fatales consecuencias: dolor, juanetes, fascitis, dedos en martillo, neuromas de Morton\u2026 Todo lo que sucede en nuestros pies se refleja en nuestro cuerpo. La falta de [&hellip;]<\/p>\n","protected":false},"author":1,"featured_media":2239,"parent":2199,"menu_order":0,"comment_status":"closed","ping_status":"closed","template":"","meta":{"footnotes":""},"class_list":["post-2214","page","type-page","status-publish","has-post-thumbnail","hentry"],"yoast_head":"<!-- This site is optimized with the Yoast SEO plugin v15.4 - https:\/\/yoast.com\/wordpress\/plugins\/seo\/ -->\n<meta name=\"robots\" content=\"index, follow, max-snippet:-1, max-image-preview:large, max-video-preview:-1\" \/>\n<link rel=\"canonical\" href=\"https:\/\/jania.org\/web\/body-rolling-ybr\/yamuna-foot-fitness\/\" \/>\n<meta property=\"og:locale\" content=\"es_ES\" \/>\n<meta property=\"og:type\" content=\"article\" \/>\n<meta property=\"og:title\" content=\"Yamuna\u00ae Foot Fitness - Jania - Sistema de centros de Energ\u00eda\" \/>\n<meta property=\"og:description\" content=\"YAMUNA\u00ae FOOT FITNESS Los pies est\u00e1n sometidos a mucho estr\u00e9s durante nuestra vida. El resultado son unos pies que no pueden funcionar a pleno rendimiento y que se vuelven r\u00edgidos y contra\u00eddos. Esto, sumado al hecho de que la mayor\u00eda de la gente tiene patrones de la marcha incorrectos o desequilibrados, hace que nuestros huesos se estrechen, se junten unos con otros, que los m\u00fasculos se atrofien y que algunos tejidos se adhieran, con fatales consecuencias: dolor, juanetes, fascitis, dedos en martillo, neuromas de Morton\u2026 Todo lo que sucede en nuestros pies se refleja en nuestro cuerpo. La falta de [&hellip;]\" \/>\n<meta property=\"og:url\" content=\"https:\/\/jania.org\/web\/body-rolling-ybr\/yamuna-foot-fitness\/\" \/>\n<meta property=\"og:site_name\" content=\"Jania - Sistema de centros de Energ\u00eda\" \/>\n<meta property=\"article:modified_time\" content=\"2018-09-04T05:25:24+00:00\" \/>\n<meta property=\"og:image\" content=\"https:\/\/jania.org\/web\/wp-content\/uploads\/2018\/09\/yamuna-foot.jpg\" \/>\n\t<meta property=\"og:image:width\" content=\"1024\" \/>\n\t<meta property=\"og:image:height\" content=\"642\" \/>\n<meta name=\"twitter:label1\" content=\"Escrito por\">\n\t<meta name=\"twitter:data1\" content=\"Ainhoa\">\n\t<meta name=\"twitter:label2\" content=\"Tiempo de lectura\">\n\t<meta name=\"twitter:data2\" content=\"1 minuto\">\n<script type=\"application\/ld+json\" class=\"yoast-schema-graph\">{\"@context\":\"https:\/\/schema.org\",\"@graph\":[{\"@type\":\"WebSite\",\"@id\":\"https:\/\/jania.org\/web\/#website\",\"url\":\"https:\/\/jania.org\/web\/\",\"name\":\"Jania - Sistema de centros de Energ\\u00eda\",\"description\":\"Sistema de centros de Energ\\u00eda - Din\\u00e1micas corporales\",\"potentialAction\":[{\"@type\":\"SearchAction\",\"target\":\"https:\/\/jania.org\/web\/?s={search_term_string}\",\"query-input\":\"required name=search_term_string\"}],\"inLanguage\":\"es\"},{\"@type\":\"ImageObject\",\"@id\":\"https:\/\/jania.org\/web\/body-rolling-ybr\/yamuna-foot-fitness\/#primaryimage\",\"inLanguage\":\"es\",\"url\":\"https:\/\/jania.org\/web\/wp-content\/uploads\/2018\/09\/yamuna-foot.jpg\",\"width\":1024,\"height\":642},{\"@type\":\"WebPage\",\"@id\":\"https:\/\/jania.org\/web\/body-rolling-ybr\/yamuna-foot-fitness\/#webpage\",\"url\":\"https:\/\/jania.org\/web\/body-rolling-ybr\/yamuna-foot-fitness\/\",\"name\":\"Yamuna\\u00ae Foot Fitness - Jania - Sistema de centros de Energ\\u00eda\",\"isPartOf\":{\"@id\":\"https:\/\/jania.org\/web\/#website\"},\"primaryImageOfPage\":{\"@id\":\"https:\/\/jania.org\/web\/body-rolling-ybr\/yamuna-foot-fitness\/#primaryimage\"},\"datePublished\":\"2018-09-04T01:38:41+00:00\",\"dateModified\":\"2018-09-04T05:25:24+00:00\",\"inLanguage\":\"es\",\"potentialAction\":[{\"@type\":\"ReadAction\",\"target\":[\"https:\/\/jania.org\/web\/body-rolling-ybr\/yamuna-foot-fitness\/\"]}]}]}<\/script>\n<!-- \/ Yoast SEO plugin. -->","_links":{"self":[{"href":"https:\/\/jania.org\/web\/wp-json\/wp\/v2\/pages\/2214","targetHints":{"allow":["GET"]}}],"collection":[{"href":"https:\/\/jania.org\/web\/wp-json\/wp\/v2\/pages"}],"about":[{"href":"https:\/\/jania.org\/web\/wp-json\/wp\/v2\/types\/page"}],"author":[{"embeddable":true,"href":"https:\/\/jania.org\/web\/wp-json\/wp\/v2\/users\/1"}],"replies":[{"embeddable":true,"href":"https:\/\/jania.org\/web\/wp-json\/wp\/v2\/comments?post=2214"}],"version-history":[{"count":3,"href":"https:\/\/jania.org\/web\/wp-json\/wp\/v2\/pages\/2214\/revisions"}],"predecessor-version":[{"id":2240,"href":"https:\/\/jania.org\/web\/wp-json\/wp\/v2\/pages\/2214\/revisions\/2240"}],"up":[{"embeddable":true,"href":"https:\/\/jania.org\/web\/wp-json\/wp\/v2\/pages\/2199"}],"wp:featuredmedia":[{"embeddable":true,"href":"https:\/\/jania.org\/web\/wp-json\/wp\/v2\/media\/2239"}],"wp:attachment":[{"href":"https:\/\/jania.org\/web\/wp-json\/wp\/v2\/media?parent=2214"}],"curies":[{"name":"wp","href":"https:\/\/api.w.org\/{rel}","templated":true}]}}