{"id":2453,"date":"2019-02-04T18:26:48","date_gmt":"2019-02-04T16:26:48","guid":{"rendered":"https:\/\/jania.org\/web\/?page_id=2453"},"modified":"2019-02-04T18:43:44","modified_gmt":"2019-02-04T16:43:44","slug":"terapia-de-reflejos-primarios-para-ninos-y-adultos","status":"publish","type":"page","link":"https:\/\/jania.org\/web\/sesiones-individuales\/terapia-de-reflejos-primarios-para-ninos-y-adultos\/","title":{"rendered":"Terapia de Reflejos Primarios para ni\u00f1os y adultos"},"content":{"rendered":"<p><strong>QU\u00c9 SON LOS REFLEJOS PRIMARIOS<\/strong><\/p>\n<p>Los reflejos primitivos deben aparecer, cumplir su funci\u00f3n y desaparecer, integr\u00e1ndose en patrones de movimiento m\u00e1s complejos.<\/p>\n<p>Cada reflejo tiene una determinada funci\u00f3n, pero si no se integra correctamente durante el desarrollo del beb\u00e9, interferir\u00e1 en la correcta maduraci\u00f3n del SNC (Sistema Nervioso Central) y dificultar\u00e1 la adquisici\u00f3n de nuevas habilidades.<\/p>\n<p><strong>S\u00edntomas<\/strong>\u00a0<strong>que nos hagan sospechar que un ni\u00f1o o un adulto tenga reflejos a\u00fan activos:<\/strong><\/p>\n<ul>\n<li>Tono muscular m\u00e1s bajo o m\u00e1s alto de lo normal, pobre equilibrio y coordinaci\u00f3n, \u201ctorpe\u201d en los deportes, se tropieza o se choca mucho,\u2026<\/li>\n<li>Les cuesta permanecer sentados, adoptando posturas echados sobre la mesa, se sientan en \u201cW\u201d o caminan de puntillas.<\/li>\n<li>Dificultades oculomotoras, de percepci\u00f3n visual y espacial, de concentraci\u00f3n, de lateralidad, problemas de lectoescritura, confundir unas letras por otras,\u2026<\/li>\n<li>Incapacidad para cruzar la l\u00ednea media con las manos, dificultad para tareas de motricidad fina, muchos movimientos con la boca durante la manipulaci\u00f3n\u2026<\/li>\n<li>Dificultad para el control de esf\u00ednteres.<\/li>\n<li>Excesivamente miedosos, asustadizos, inseguros, dependientes\u2026<\/li>\n<\/ul>\n<p><strong>\u00bfQu\u00e9 podemos hacer si hay indicios de la persistencia de reflejos primitivos?<\/strong><br \/>\nMediante una evaluaci\u00f3n es posible detectar la existencia de reflejos primitivos residuales que pueden tratarse con un programa de estimulaci\u00f3n e inhibici\u00f3n de reflejos.<\/p>\n<p>Este<strong>\u00a0programa de estimulaci\u00f3n\/inhibici\u00f3n de reflejos<\/strong>\u00a0<strong>consiste en movimientos estereotipados espec\u00edficamente dise\u00f1ados para cada persona, que tiene que realizar durante cinco o diez minutos diarios<\/strong>\u00a0a lo largo de varios meses. Estos movimientos est\u00e1n basados en los que realizan los beb\u00e9s si se les deja moverse libremente, en su primer a\u00f1o de vida, ya que esos movimientos contienen en s\u00ed mismos un inhibidor natural de los reflejos.<\/p>\n<p>Por lo tanto, es posible que\u00a0<strong>la aplicaci\u00f3n de secuencias de estos movimientos d\u00e9 al cerebro \u201cuna nueva oportunidad\u201d para inhibir los reflejos que a\u00fan est\u00e1n activos tanto en los ni\u00f1os como en personas adultas.<\/strong><br \/>\n&nbsp;<\/p>\n<div class=\"alert yellow\"><p><strong>Arantza G\u00f3mez Querejeta IKUS-BERRI<\/strong><br \/>\nTfno: 679 165 603<br \/>\nEmail: ikusberri.bates@gmail.com<br \/>\nWeb: <a href=\"http:\/\/www.ikusberri-metodobates.com\" rel=\"noopener\" target=\"_blank\">www.ikusberri-metodobates.com<\/a><br \/>\n<\/p><\/div>\n","protected":false},"excerpt":{"rendered":"<p>QU\u00c9 SON LOS REFLEJOS PRIMARIOS Los reflejos primitivos deben aparecer, cumplir su funci\u00f3n y desaparecer, integr\u00e1ndose en patrones de movimiento m\u00e1s complejos. Cada reflejo tiene una determinada funci\u00f3n, pero si no se integra correctamente durante el desarrollo del beb\u00e9, interferir\u00e1 en la correcta maduraci\u00f3n del SNC (Sistema Nervioso Central) y dificultar\u00e1 la adquisici\u00f3n de nuevas habilidades. S\u00edntomas\u00a0que nos hagan sospechar que un ni\u00f1o o un adulto tenga reflejos a\u00fan activos: Tono muscular m\u00e1s bajo o m\u00e1s alto de lo normal, pobre equilibrio y coordinaci\u00f3n, \u201ctorpe\u201d en los deportes, se tropieza o se choca mucho,\u2026 Les cuesta permanecer sentados, adoptando posturas [&hellip;]<\/p>\n","protected":false},"author":1,"featured_media":2454,"parent":271,"menu_order":0,"comment_status":"closed","ping_status":"closed","template":"","meta":{"footnotes":""},"class_list":["post-2453","page","type-page","status-publish","has-post-thumbnail","hentry"],"yoast_head":"<!-- This site is optimized with the Yoast SEO plugin v15.4 - https:\/\/yoast.com\/wordpress\/plugins\/seo\/ -->\n<meta name=\"robots\" content=\"index, follow, max-snippet:-1, max-image-preview:large, max-video-preview:-1\" \/>\n<link rel=\"canonical\" href=\"https:\/\/jania.org\/web\/sesiones-individuales\/terapia-de-reflejos-primarios-para-ninos-y-adultos\/\" \/>\n<meta property=\"og:locale\" content=\"es_ES\" \/>\n<meta property=\"og:type\" content=\"article\" \/>\n<meta property=\"og:title\" content=\"Terapia de Reflejos Primarios para ni\u00f1os y adultos - Jania - Sistema de centros de Energ\u00eda\" \/>\n<meta property=\"og:description\" content=\"QU\u00c9 SON LOS REFLEJOS PRIMARIOS Los reflejos primitivos deben aparecer, cumplir su funci\u00f3n y desaparecer, integr\u00e1ndose en patrones de movimiento m\u00e1s complejos. Cada reflejo tiene una determinada funci\u00f3n, pero si no se integra correctamente durante el desarrollo del beb\u00e9, interferir\u00e1 en la correcta maduraci\u00f3n del SNC (Sistema Nervioso Central) y dificultar\u00e1 la adquisici\u00f3n de nuevas habilidades. S\u00edntomas\u00a0que nos hagan sospechar que un ni\u00f1o o un adulto tenga reflejos a\u00fan activos: Tono muscular m\u00e1s bajo o m\u00e1s alto de lo normal, pobre equilibrio y coordinaci\u00f3n, \u201ctorpe\u201d en los deportes, se tropieza o se choca mucho,\u2026 Les cuesta permanecer sentados, adoptando posturas [&hellip;]\" \/>\n<meta property=\"og:url\" content=\"https:\/\/jania.org\/web\/sesiones-individuales\/terapia-de-reflejos-primarios-para-ninos-y-adultos\/\" \/>\n<meta property=\"og:site_name\" content=\"Jania - Sistema de centros de Energ\u00eda\" \/>\n<meta property=\"article:modified_time\" content=\"2019-02-04T16:43:44+00:00\" \/>\n<meta property=\"og:image\" content=\"https:\/\/jania.org\/web\/wp-content\/uploads\/2019\/02\/family-1237701_1280.jpg\" \/>\n\t<meta property=\"og:image:width\" content=\"1280\" \/>\n\t<meta property=\"og:image:height\" content=\"1023\" \/>\n<meta name=\"twitter:label1\" content=\"Escrito por\">\n\t<meta name=\"twitter:data1\" content=\"Ainhoa\">\n\t<meta name=\"twitter:label2\" content=\"Tiempo de lectura\">\n\t<meta name=\"twitter:data2\" content=\"1 minuto\">\n<script type=\"application\/ld+json\" class=\"yoast-schema-graph\">{\"@context\":\"https:\/\/schema.org\",\"@graph\":[{\"@type\":\"WebSite\",\"@id\":\"https:\/\/jania.org\/web\/#website\",\"url\":\"https:\/\/jania.org\/web\/\",\"name\":\"Jania - Sistema de centros de Energ\\u00eda\",\"description\":\"Sistema de centros de Energ\\u00eda - Din\\u00e1micas corporales\",\"potentialAction\":[{\"@type\":\"SearchAction\",\"target\":\"https:\/\/jania.org\/web\/?s={search_term_string}\",\"query-input\":\"required name=search_term_string\"}],\"inLanguage\":\"es\"},{\"@type\":\"ImageObject\",\"@id\":\"https:\/\/jania.org\/web\/sesiones-individuales\/terapia-de-reflejos-primarios-para-ninos-y-adultos\/#primaryimage\",\"inLanguage\":\"es\",\"url\":\"https:\/\/jania.org\/web\/wp-content\/uploads\/2019\/02\/family-1237701_1280.jpg\",\"width\":1280,\"height\":1023},{\"@type\":\"WebPage\",\"@id\":\"https:\/\/jania.org\/web\/sesiones-individuales\/terapia-de-reflejos-primarios-para-ninos-y-adultos\/#webpage\",\"url\":\"https:\/\/jania.org\/web\/sesiones-individuales\/terapia-de-reflejos-primarios-para-ninos-y-adultos\/\",\"name\":\"Terapia de Reflejos Primarios para ni\\u00f1os y adultos - Jania - Sistema de centros de Energ\\u00eda\",\"isPartOf\":{\"@id\":\"https:\/\/jania.org\/web\/#website\"},\"primaryImageOfPage\":{\"@id\":\"https:\/\/jania.org\/web\/sesiones-individuales\/terapia-de-reflejos-primarios-para-ninos-y-adultos\/#primaryimage\"},\"datePublished\":\"2019-02-04T16:26:48+00:00\",\"dateModified\":\"2019-02-04T16:43:44+00:00\",\"inLanguage\":\"es\",\"potentialAction\":[{\"@type\":\"ReadAction\",\"target\":[\"https:\/\/jania.org\/web\/sesiones-individuales\/terapia-de-reflejos-primarios-para-ninos-y-adultos\/\"]}]}]}<\/script>\n<!-- \/ Yoast SEO plugin. -->","_links":{"self":[{"href":"https:\/\/jania.org\/web\/wp-json\/wp\/v2\/pages\/2453","targetHints":{"allow":["GET"]}}],"collection":[{"href":"https:\/\/jania.org\/web\/wp-json\/wp\/v2\/pages"}],"about":[{"href":"https:\/\/jania.org\/web\/wp-json\/wp\/v2\/types\/page"}],"author":[{"embeddable":true,"href":"https:\/\/jania.org\/web\/wp-json\/wp\/v2\/users\/1"}],"replies":[{"embeddable":true,"href":"https:\/\/jania.org\/web\/wp-json\/wp\/v2\/comments?post=2453"}],"version-history":[{"count":4,"href":"https:\/\/jania.org\/web\/wp-json\/wp\/v2\/pages\/2453\/revisions"}],"predecessor-version":[{"id":2458,"href":"https:\/\/jania.org\/web\/wp-json\/wp\/v2\/pages\/2453\/revisions\/2458"}],"up":[{"embeddable":true,"href":"https:\/\/jania.org\/web\/wp-json\/wp\/v2\/pages\/271"}],"wp:featuredmedia":[{"embeddable":true,"href":"https:\/\/jania.org\/web\/wp-json\/wp\/v2\/media\/2454"}],"wp:attachment":[{"href":"https:\/\/jania.org\/web\/wp-json\/wp\/v2\/media?parent=2453"}],"curies":[{"name":"wp","href":"https:\/\/api.w.org\/{rel}","templated":true}]}}