{"id":271,"date":"2015-09-02T05:48:50","date_gmt":"2015-09-02T03:48:50","guid":{"rendered":"https:\/\/jania.org\/web\/?page_id=271"},"modified":"2019-09-25T00:03:51","modified_gmt":"2019-09-24T22:03:51","slug":"sesiones-individuales","status":"publish","type":"page","link":"https:\/\/jania.org\/web\/sesiones-individuales\/","title":{"rendered":"Sesiones individuales"},"content":{"rendered":"<p>Te ofrecemos sesiones individuales de <a href=\"https:\/\/jania.org\/web\/sesiones-individuales\/masaje-de-centros-de-energia\/\">Masaje de Centros de Energ\u00eda<\/a>, <a href=\"https:\/\/jania.org\/web\/sesiones-individuales\/masaje-sonoro-con-diapasones\/\">Masaje sonoro con diapasones<\/a>, <a href=\"https:\/\/jania.org\/web\/sesiones-individuales\/masaje-facial-cuida-tu-cara\/\">Masaje facial: Cuida tu cara<\/a>, <a href=\"https:\/\/jania.org\/web\/sesiones-individuales\/como-construir-un-pie-sano\/\">C\u00f3mo construir un pie sano<\/a>, <a href=\"https:\/\/jania.org\/web\/sesiones-individuales\/como-relajar-la-mandibula\/\">C\u00f3mo relajar la mandibula<\/a>, <a href=\"https:\/\/jania.org\/web\/sesiones-individuales\/masaje-para-embarazadas\/\">Masaje para Embarazadas<\/a>, <a href=\"https:\/\/jania.org\/web\/sesiones-individuales\/yoga-iyengar\/\">Yoga Iyengar<\/a>, <a href=\"https:\/\/jania.org\/web\/sesiones-individuales\/psicologia\/\">Psicolog\u00eda<\/a> y <a href=\"https:\/\/jania.org\/web\/sesiones-individuales\/como-solucionar-problemas-visuales-metodo-bates\/\">Solucionar problemas visuales: M\u00e9todo Bates<\/a>, <a href=\"https:\/\/jania.org\/web\/sesiones-individuales\/terapia-de-reflejos-primarios-para-ninos-y-adultos\/\">Terapia de Reflejos Primarios<\/a>.<\/p>\n<p>&nbsp;<\/p>\n","protected":false},"excerpt":{"rendered":"<p>Te ofrecemos sesiones individuales de Masaje de Centros de Energ\u00eda, Masaje sonoro con diapasones, Masaje facial: Cuida tu cara, C\u00f3mo construir un pie sano, C\u00f3mo relajar la mandibula, Masaje para Embarazadas, Yoga Iyengar, Psicolog\u00eda y Solucionar problemas visuales: M\u00e9todo Bates, Terapia de Reflejos Primarios. &nbsp;<\/p>\n","protected":false},"author":1,"featured_media":280,"parent":0,"menu_order":0,"comment_status":"closed","ping_status":"closed","template":"","meta":{"footnotes":""},"class_list":["post-271","page","type-page","status-publish","has-post-thumbnail","hentry"],"yoast_head":"<!-- This site is optimized with the Yoast SEO plugin v15.4 - https:\/\/yoast.com\/wordpress\/plugins\/seo\/ -->\n<meta name=\"robots\" content=\"index, follow, max-snippet:-1, max-image-preview:large, max-video-preview:-1\" \/>\n<link rel=\"canonical\" href=\"https:\/\/jania.org\/web\/sesiones-individuales\/\" \/>\n<meta property=\"og:locale\" content=\"es_ES\" \/>\n<meta property=\"og:type\" content=\"article\" \/>\n<meta property=\"og:title\" content=\"Sesiones individuales - Jania - Sistema de centros de Energ\u00eda\" \/>\n<meta property=\"og:description\" content=\"Te ofrecemos sesiones individuales de Masaje de Centros de Energ\u00eda, Masaje sonoro con diapasones, Masaje facial: Cuida tu cara, C\u00f3mo construir un pie sano, C\u00f3mo relajar la mandibula, Masaje para Embarazadas, Yoga Iyengar, Psicolog\u00eda y Solucionar problemas visuales: M\u00e9todo Bates, Terapia de Reflejos Primarios. &nbsp;\" \/>\n<meta property=\"og:url\" content=\"https:\/\/jania.org\/web\/sesiones-individuales\/\" \/>\n<meta property=\"og:site_name\" content=\"Jania - Sistema de centros de Energ\u00eda\" \/>\n<meta property=\"article:modified_time\" content=\"2019-09-24T22:03:51+00:00\" \/>\n<meta property=\"og:image\" content=\"https:\/\/jania.org\/web\/wp-content\/uploads\/2015\/09\/curso2.jpg\" \/>\n\t<meta property=\"og:image:width\" content=\"1024\" \/>\n\t<meta property=\"og:image:height\" content=\"510\" \/>\n<meta name=\"twitter:label1\" content=\"Escrito por\">\n\t<meta name=\"twitter:data1\" content=\"Ainhoa\">\n\t<meta name=\"twitter:label2\" content=\"Tiempo de lectura\">\n\t<meta name=\"twitter:data2\" content=\"0 minutos\">\n<script type=\"application\/ld+json\" class=\"yoast-schema-graph\">{\"@context\":\"https:\/\/schema.org\",\"@graph\":[{\"@type\":\"WebSite\",\"@id\":\"https:\/\/jania.org\/web\/#website\",\"url\":\"https:\/\/jania.org\/web\/\",\"name\":\"Jania - Sistema de centros de Energ\\u00eda\",\"description\":\"Sistema de centros de Energ\\u00eda - Din\\u00e1micas corporales\",\"potentialAction\":[{\"@type\":\"SearchAction\",\"target\":\"https:\/\/jania.org\/web\/?s={search_term_string}\",\"query-input\":\"required name=search_term_string\"}],\"inLanguage\":\"es\"},{\"@type\":\"ImageObject\",\"@id\":\"https:\/\/jania.org\/web\/sesiones-individuales\/#primaryimage\",\"inLanguage\":\"es\",\"url\":\"https:\/\/jania.org\/web\/wp-content\/uploads\/2015\/09\/curso2.jpg\",\"width\":1024,\"height\":510,\"caption\":\"sesiones individuales\"},{\"@type\":\"WebPage\",\"@id\":\"https:\/\/jania.org\/web\/sesiones-individuales\/#webpage\",\"url\":\"https:\/\/jania.org\/web\/sesiones-individuales\/\",\"name\":\"Sesiones individuales - Jania - Sistema de centros de Energ\\u00eda\",\"isPartOf\":{\"@id\":\"https:\/\/jania.org\/web\/#website\"},\"primaryImageOfPage\":{\"@id\":\"https:\/\/jania.org\/web\/sesiones-individuales\/#primaryimage\"},\"datePublished\":\"2015-09-02T03:48:50+00:00\",\"dateModified\":\"2019-09-24T22:03:51+00:00\",\"inLanguage\":\"es\",\"potentialAction\":[{\"@type\":\"ReadAction\",\"target\":[\"https:\/\/jania.org\/web\/sesiones-individuales\/\"]}]}]}<\/script>\n<!-- \/ Yoast SEO plugin. -->","_links":{"self":[{"href":"https:\/\/jania.org\/web\/wp-json\/wp\/v2\/pages\/271","targetHints":{"allow":["GET"]}}],"collection":[{"href":"https:\/\/jania.org\/web\/wp-json\/wp\/v2\/pages"}],"about":[{"href":"https:\/\/jania.org\/web\/wp-json\/wp\/v2\/types\/page"}],"author":[{"embeddable":true,"href":"https:\/\/jania.org\/web\/wp-json\/wp\/v2\/users\/1"}],"replies":[{"embeddable":true,"href":"https:\/\/jania.org\/web\/wp-json\/wp\/v2\/comments?post=271"}],"version-history":[{"count":13,"href":"https:\/\/jania.org\/web\/wp-json\/wp\/v2\/pages\/271\/revisions"}],"predecessor-version":[{"id":2640,"href":"https:\/\/jania.org\/web\/wp-json\/wp\/v2\/pages\/271\/revisions\/2640"}],"wp:featuredmedia":[{"embeddable":true,"href":"https:\/\/jania.org\/web\/wp-json\/wp\/v2\/media\/280"}],"wp:attachment":[{"href":"https:\/\/jania.org\/web\/wp-json\/wp\/v2\/media?parent=271"}],"curies":[{"name":"wp","href":"https:\/\/api.w.org\/{rel}","templated":true}]}}