{"id":281,"date":"2015-09-07T13:22:13","date_gmt":"2015-09-07T11:22:13","guid":{"rendered":"https:\/\/jania.org\/web\/?page_id=281"},"modified":"2020-12-01T19:54:14","modified_gmt":"2020-12-01T17:54:14","slug":"masaje-de-centros-de-energia","status":"publish","type":"page","link":"https:\/\/jania.org\/web\/sesiones-individuales\/masaje-de-centros-de-energia\/","title":{"rendered":"Masaje de Centros de Energ\u00eda"},"content":{"rendered":"<p>En nuestro sistema aplicamos varios tipos de masaje que cumplen distintos objetivos, seg\u00fan las necesidades de cada persona que lo solicite. En primer lugar, el masaje se utiliza como complemento del movimiento, para intervenir sobre las capas profundas de la musculatura y las articulaciones m\u00e1s r\u00edgidas, que no se pueden activar y liberar s\u00f3lo a trav\u00e9s de la gimnasia.<\/p>\n<p>La principal funci\u00f3n del <strong>Masaje de Centros de Energ\u00eda<\/strong> es <strong>producir cambios en la postura corporal<\/strong>, restablecer la circulaci\u00f3n de energ\u00eda en zonas desvitalizadas o con contracturas y tensiones musculares cr\u00f3nicas, y devolverle al m\u00fasculo su flexibilidad y elasticidad natural. Estos cambios, adem\u00e1s de beneficiarnos f\u00edsicamente, producen un cambio en nuestro modo de estar, de sentir y de relacionarnos con las personas y con la vida.<\/p>\n<p><strong>El Masaje de Centros de Energ\u00eda<\/strong> es tambi\u00e9n un medio para conectar con el propio cuerpo, con antiguas experiencias almacenadas en los m\u00fasculos y liberarlas. Es un viaje a nuestro yo profundo para recuperar nuestra verdadera identidad.<\/p>\n<p>Desde hace m\u00e1s de 50 a\u00f1os trabajamos con este masaje y formamos instructores, y hemos constatado la eficacia del <strong>Masaje de Centros de Energ\u00eda<\/strong> en el tratamiento de las disfunciones de origen postural y problemas derivados de la rigidez y el acortamiento de los m\u00fasculos vertebrales, que son el origen de:<em> lumbalgias, ci\u00e1tica, protrusi\u00f3n y hernias de disco; lordosis, cifosis, escoliosis, migra\u00f1as, mareos, v\u00e9rtigo y dolor de origen cervical, dolor de espalda, dolor de pies ( pies planos, exceso de arco plantar, juanete); rodillas en valgo y problemas de menisco.\u00a0Estr\u00e9s y sus derivados (insomnio, ansiedad, angustia, depresi\u00f3n, falta de vitalidad).<\/em><\/p>\n<p>&nbsp;<\/p>\n<div class=\"alert yellow\"><p><strong>Ana de la Fuente<\/strong><br \/>\nTfno: 688 68 08 34 \/ 944 10 39 49<br \/>\nEmail: info@jania.org<\/p>\n<p><strong>Kiera Lokko<\/strong><br \/>\nTfno: 619 88 42 01<br \/>\nEmail: kieralokko@hotmail.com<\/p>\n<p><em>Existe la posibilidad de recibir este masaje a <strong>precio reducido<\/strong> realizado por alumn@s en periodo de pr\u00e1cticas.<\/em> <a href=\"https:\/\/jania.org\/web\/formulario-contacto\">Cons\u00faltanos.<\/a><br \/>\n<\/p><\/div>\n","protected":false},"excerpt":{"rendered":"<p>En nuestro sistema aplicamos varios tipos de masaje que cumplen distintos objetivos, seg\u00fan las necesidades de cada persona que lo solicite. En primer lugar, el masaje se utiliza como complemento del movimiento, para intervenir sobre las capas profundas de la musculatura y las articulaciones m\u00e1s r\u00edgidas, que no se pueden activar y liberar s\u00f3lo a trav\u00e9s de la gimnasia. La principal funci\u00f3n del Masaje de Centros de Energ\u00eda es producir cambios en la postura corporal, restablecer la circulaci\u00f3n de energ\u00eda en zonas desvitalizadas o con contracturas y tensiones musculares cr\u00f3nicas, y devolverle al m\u00fasculo su flexibilidad y elasticidad natural. Estos [&hellip;]<\/p>\n","protected":false},"author":1,"featured_media":960,"parent":271,"menu_order":0,"comment_status":"closed","ping_status":"closed","template":"","meta":{"footnotes":""},"class_list":["post-281","page","type-page","status-publish","has-post-thumbnail","hentry"],"yoast_head":"<!-- This site is optimized with the Yoast SEO plugin v15.4 - https:\/\/yoast.com\/wordpress\/plugins\/seo\/ -->\n<meta name=\"robots\" content=\"index, follow, max-snippet:-1, max-image-preview:large, max-video-preview:-1\" \/>\n<link rel=\"canonical\" href=\"https:\/\/jania.org\/web\/sesiones-individuales\/masaje-de-centros-de-energia\/\" \/>\n<meta property=\"og:locale\" content=\"es_ES\" \/>\n<meta property=\"og:type\" content=\"article\" \/>\n<meta property=\"og:title\" content=\"Masaje de Centros de Energ\u00eda - Jania - Sistema de centros de Energ\u00eda\" \/>\n<meta property=\"og:description\" content=\"En nuestro sistema aplicamos varios tipos de masaje que cumplen distintos objetivos, seg\u00fan las necesidades de cada persona que lo solicite. En primer lugar, el masaje se utiliza como complemento del movimiento, para intervenir sobre las capas profundas de la musculatura y las articulaciones m\u00e1s r\u00edgidas, que no se pueden activar y liberar s\u00f3lo a trav\u00e9s de la gimnasia. La principal funci\u00f3n del Masaje de Centros de Energ\u00eda es producir cambios en la postura corporal, restablecer la circulaci\u00f3n de energ\u00eda en zonas desvitalizadas o con contracturas y tensiones musculares cr\u00f3nicas, y devolverle al m\u00fasculo su flexibilidad y elasticidad natural. Estos [&hellip;]\" \/>\n<meta property=\"og:url\" content=\"https:\/\/jania.org\/web\/sesiones-individuales\/masaje-de-centros-de-energia\/\" \/>\n<meta property=\"og:site_name\" content=\"Jania - Sistema de centros de Energ\u00eda\" \/>\n<meta property=\"article:modified_time\" content=\"2020-12-01T17:54:14+00:00\" \/>\n<meta property=\"og:image\" content=\"https:\/\/jania.org\/web\/wp-content\/uploads\/2015\/09\/masaje-centros-de-energia.jpg\" \/>\n\t<meta property=\"og:image:width\" content=\"920\" \/>\n\t<meta property=\"og:image:height\" content=\"553\" \/>\n<meta name=\"twitter:label1\" content=\"Escrito por\">\n\t<meta name=\"twitter:data1\" content=\"Ainhoa\">\n\t<meta name=\"twitter:label2\" content=\"Tiempo de lectura\">\n\t<meta name=\"twitter:data2\" content=\"1 minuto\">\n<script type=\"application\/ld+json\" class=\"yoast-schema-graph\">{\"@context\":\"https:\/\/schema.org\",\"@graph\":[{\"@type\":\"WebSite\",\"@id\":\"https:\/\/jania.org\/web\/#website\",\"url\":\"https:\/\/jania.org\/web\/\",\"name\":\"Jania - Sistema de centros de Energ\\u00eda\",\"description\":\"Sistema de centros de Energ\\u00eda - Din\\u00e1micas corporales\",\"potentialAction\":[{\"@type\":\"SearchAction\",\"target\":\"https:\/\/jania.org\/web\/?s={search_term_string}\",\"query-input\":\"required name=search_term_string\"}],\"inLanguage\":\"es\"},{\"@type\":\"ImageObject\",\"@id\":\"https:\/\/jania.org\/web\/sesiones-individuales\/masaje-de-centros-de-energia\/#primaryimage\",\"inLanguage\":\"es\",\"url\":\"https:\/\/jania.org\/web\/wp-content\/uploads\/2015\/09\/masaje-centros-de-energia.jpg\",\"width\":920,\"height\":553,\"caption\":\"Sesiones de masaje de centros de energia\"},{\"@type\":\"WebPage\",\"@id\":\"https:\/\/jania.org\/web\/sesiones-individuales\/masaje-de-centros-de-energia\/#webpage\",\"url\":\"https:\/\/jania.org\/web\/sesiones-individuales\/masaje-de-centros-de-energia\/\",\"name\":\"Masaje de Centros de Energ\\u00eda - Jania - Sistema de centros de Energ\\u00eda\",\"isPartOf\":{\"@id\":\"https:\/\/jania.org\/web\/#website\"},\"primaryImageOfPage\":{\"@id\":\"https:\/\/jania.org\/web\/sesiones-individuales\/masaje-de-centros-de-energia\/#primaryimage\"},\"datePublished\":\"2015-09-07T11:22:13+00:00\",\"dateModified\":\"2020-12-01T17:54:14+00:00\",\"inLanguage\":\"es\",\"potentialAction\":[{\"@type\":\"ReadAction\",\"target\":[\"https:\/\/jania.org\/web\/sesiones-individuales\/masaje-de-centros-de-energia\/\"]}]}]}<\/script>\n<!-- \/ Yoast SEO plugin. -->","_links":{"self":[{"href":"https:\/\/jania.org\/web\/wp-json\/wp\/v2\/pages\/281","targetHints":{"allow":["GET"]}}],"collection":[{"href":"https:\/\/jania.org\/web\/wp-json\/wp\/v2\/pages"}],"about":[{"href":"https:\/\/jania.org\/web\/wp-json\/wp\/v2\/types\/page"}],"author":[{"embeddable":true,"href":"https:\/\/jania.org\/web\/wp-json\/wp\/v2\/users\/1"}],"replies":[{"embeddable":true,"href":"https:\/\/jania.org\/web\/wp-json\/wp\/v2\/comments?post=281"}],"version-history":[{"count":15,"href":"https:\/\/jania.org\/web\/wp-json\/wp\/v2\/pages\/281\/revisions"}],"predecessor-version":[{"id":2976,"href":"https:\/\/jania.org\/web\/wp-json\/wp\/v2\/pages\/281\/revisions\/2976"}],"up":[{"embeddable":true,"href":"https:\/\/jania.org\/web\/wp-json\/wp\/v2\/pages\/271"}],"wp:featuredmedia":[{"embeddable":true,"href":"https:\/\/jania.org\/web\/wp-json\/wp\/v2\/media\/960"}],"wp:attachment":[{"href":"https:\/\/jania.org\/web\/wp-json\/wp\/v2\/media?parent=281"}],"curies":[{"name":"wp","href":"https:\/\/api.w.org\/{rel}","templated":true}]}}