{"id":284,"date":"2015-09-07T14:26:20","date_gmt":"2015-09-07T12:26:20","guid":{"rendered":"https:\/\/jania.org\/web\/?page_id=284"},"modified":"2015-10-04T22:20:23","modified_gmt":"2015-10-04T20:20:23","slug":"masaje-sonoro-con-diapasones","status":"publish","type":"page","link":"https:\/\/jania.org\/web\/sesiones-individuales\/masaje-sonoro-con-diapasones\/","title":{"rendered":"Masaje sonoro con diapasones"},"content":{"rendered":"<p>Es un innovador sistema para <strong>equilibrar y restaurar la armon\u00eda<\/strong> en nuestro ser.<\/p>\n<p>El masaje sonoro <strong>calma la mente<\/strong> y aporta un profundo estado de <strong>relajaci\u00f3n<\/strong> y bienestar. El sonido tiene unas extraordinarias propiedades terap\u00e9uticas ya que produce cambios energ\u00e9ticos y fisiol\u00f3gicos muy importantes: reduce el estr\u00e9s y la ansiedad, disminuye la tensi\u00f3n sangu\u00ednea y estimula el sistema inmunitario, aumentando su capacidad de respuesta. Tambi\u00e9n favorece la <strong>creaci\u00f3n de endorfinas<\/strong>, sustancias qu\u00edmicas generadas por el propio cuerpo y que son responsables de la experiencia subjetiva de felicidad.<\/p>\n<p>El masaje sonoro act\u00faa b\u00e1sicamente a trav\u00e9s de la <strong>vibraci\u00f3n sonora<\/strong> producida por los diapasones. Durante el masaje sonoro la persona recibe un ba\u00f1o de sonido que lo inunda completamente, llegando de forma sanadora a las zonas donde se precisa <strong>reestablecer armon\u00eda<\/strong>.<\/p>\n<p>Los diapasones emiten un sonido puro en diferentes frecuencias para cada parte del cuerpo, teniendo as\u00ed un <strong>efecto curativo<\/strong>. Todo lo que forma nuestro cuerpo (\u00f3rganos, etc.) y el universo est\u00e1 en continua <strong>vibraci\u00f3n<\/strong>, en ondas que percibimos como formas. Cuando esta vibraci\u00f3n se desarmoniza llega a nosotros tarde o temprano la enfermedad. En este caso los diapasones pueden modificar dicha vibraci\u00f3n y ponernos en nuestra frecuencia para <strong>armonizar<\/strong> los tres planos, <strong>mental, f\u00edsico, espiritual.<\/strong><\/p>\n<p>&nbsp;<\/p>\n<div class=\"alert yellow\"><p><strong>Ana de la Fuente<\/strong><\/p>\n<p>Tfno: 944 10 39 49<br \/>\nEmail: info@jania.org<\/p><\/div>\n<p>&nbsp;<\/p>\n","protected":false},"excerpt":{"rendered":"<p>Es un innovador sistema para equilibrar y restaurar la armon\u00eda en nuestro ser. El masaje sonoro calma la mente y aporta un profundo estado de relajaci\u00f3n y bienestar. El sonido tiene unas extraordinarias propiedades terap\u00e9uticas ya que produce cambios energ\u00e9ticos y fisiol\u00f3gicos muy importantes: reduce el estr\u00e9s y la ansiedad, disminuye la tensi\u00f3n sangu\u00ednea y estimula el sistema inmunitario, aumentando su capacidad de respuesta. Tambi\u00e9n favorece la creaci\u00f3n de endorfinas, sustancias qu\u00edmicas generadas por el propio cuerpo y que son responsables de la experiencia subjetiva de felicidad. El masaje sonoro act\u00faa b\u00e1sicamente a trav\u00e9s de la vibraci\u00f3n sonora producida por [&hellip;]<\/p>\n","protected":false},"author":1,"featured_media":343,"parent":271,"menu_order":0,"comment_status":"closed","ping_status":"closed","template":"","meta":{"footnotes":""},"class_list":["post-284","page","type-page","status-publish","has-post-thumbnail","hentry"],"yoast_head":"<!-- This site is optimized with the Yoast SEO plugin v15.4 - https:\/\/yoast.com\/wordpress\/plugins\/seo\/ -->\n<meta name=\"robots\" content=\"index, follow, max-snippet:-1, max-image-preview:large, max-video-preview:-1\" \/>\n<link rel=\"canonical\" href=\"https:\/\/jania.org\/web\/sesiones-individuales\/masaje-sonoro-con-diapasones\/\" \/>\n<meta property=\"og:locale\" content=\"es_ES\" \/>\n<meta property=\"og:type\" content=\"article\" \/>\n<meta property=\"og:title\" content=\"Masaje sonoro con diapasones - Jania - Sistema de centros de Energ\u00eda\" \/>\n<meta property=\"og:description\" content=\"Es un innovador sistema para equilibrar y restaurar la armon\u00eda en nuestro ser. El masaje sonoro calma la mente y aporta un profundo estado de relajaci\u00f3n y bienestar. El sonido tiene unas extraordinarias propiedades terap\u00e9uticas ya que produce cambios energ\u00e9ticos y fisiol\u00f3gicos muy importantes: reduce el estr\u00e9s y la ansiedad, disminuye la tensi\u00f3n sangu\u00ednea y estimula el sistema inmunitario, aumentando su capacidad de respuesta. Tambi\u00e9n favorece la creaci\u00f3n de endorfinas, sustancias qu\u00edmicas generadas por el propio cuerpo y que son responsables de la experiencia subjetiva de felicidad. El masaje sonoro act\u00faa b\u00e1sicamente a trav\u00e9s de la vibraci\u00f3n sonora producida por [&hellip;]\" \/>\n<meta property=\"og:url\" content=\"https:\/\/jania.org\/web\/sesiones-individuales\/masaje-sonoro-con-diapasones\/\" \/>\n<meta property=\"og:site_name\" content=\"Jania - Sistema de centros de Energ\u00eda\" \/>\n<meta property=\"article:modified_time\" content=\"2015-10-04T20:20:23+00:00\" \/>\n<meta property=\"og:image\" content=\"https:\/\/jania.org\/web\/wp-content\/uploads\/2015\/09\/masaje-sonoro-diapasones.jpg\" \/>\n\t<meta property=\"og:image:width\" content=\"1024\" \/>\n\t<meta property=\"og:image:height\" content=\"505\" \/>\n<meta name=\"twitter:label1\" content=\"Escrito por\">\n\t<meta name=\"twitter:data1\" content=\"Ainhoa\">\n\t<meta name=\"twitter:label2\" content=\"Tiempo de lectura\">\n\t<meta name=\"twitter:data2\" content=\"1 minuto\">\n<script type=\"application\/ld+json\" class=\"yoast-schema-graph\">{\"@context\":\"https:\/\/schema.org\",\"@graph\":[{\"@type\":\"WebSite\",\"@id\":\"https:\/\/jania.org\/web\/#website\",\"url\":\"https:\/\/jania.org\/web\/\",\"name\":\"Jania - Sistema de centros de Energ\\u00eda\",\"description\":\"Sistema de centros de Energ\\u00eda - Din\\u00e1micas corporales\",\"potentialAction\":[{\"@type\":\"SearchAction\",\"target\":\"https:\/\/jania.org\/web\/?s={search_term_string}\",\"query-input\":\"required name=search_term_string\"}],\"inLanguage\":\"es\"},{\"@type\":\"ImageObject\",\"@id\":\"https:\/\/jania.org\/web\/sesiones-individuales\/masaje-sonoro-con-diapasones\/#primaryimage\",\"inLanguage\":\"es\",\"url\":\"https:\/\/jania.org\/web\/wp-content\/uploads\/2015\/09\/masaje-sonoro-diapasones.jpg\",\"width\":1024,\"height\":505},{\"@type\":\"WebPage\",\"@id\":\"https:\/\/jania.org\/web\/sesiones-individuales\/masaje-sonoro-con-diapasones\/#webpage\",\"url\":\"https:\/\/jania.org\/web\/sesiones-individuales\/masaje-sonoro-con-diapasones\/\",\"name\":\"Masaje sonoro con diapasones - Jania - Sistema de centros de Energ\\u00eda\",\"isPartOf\":{\"@id\":\"https:\/\/jania.org\/web\/#website\"},\"primaryImageOfPage\":{\"@id\":\"https:\/\/jania.org\/web\/sesiones-individuales\/masaje-sonoro-con-diapasones\/#primaryimage\"},\"datePublished\":\"2015-09-07T12:26:20+00:00\",\"dateModified\":\"2015-10-04T20:20:23+00:00\",\"inLanguage\":\"es\",\"potentialAction\":[{\"@type\":\"ReadAction\",\"target\":[\"https:\/\/jania.org\/web\/sesiones-individuales\/masaje-sonoro-con-diapasones\/\"]}]}]}<\/script>\n<!-- \/ Yoast SEO plugin. -->","_links":{"self":[{"href":"https:\/\/jania.org\/web\/wp-json\/wp\/v2\/pages\/284","targetHints":{"allow":["GET"]}}],"collection":[{"href":"https:\/\/jania.org\/web\/wp-json\/wp\/v2\/pages"}],"about":[{"href":"https:\/\/jania.org\/web\/wp-json\/wp\/v2\/types\/page"}],"author":[{"embeddable":true,"href":"https:\/\/jania.org\/web\/wp-json\/wp\/v2\/users\/1"}],"replies":[{"embeddable":true,"href":"https:\/\/jania.org\/web\/wp-json\/wp\/v2\/comments?post=284"}],"version-history":[{"count":14,"href":"https:\/\/jania.org\/web\/wp-json\/wp\/v2\/pages\/284\/revisions"}],"predecessor-version":[{"id":666,"href":"https:\/\/jania.org\/web\/wp-json\/wp\/v2\/pages\/284\/revisions\/666"}],"up":[{"embeddable":true,"href":"https:\/\/jania.org\/web\/wp-json\/wp\/v2\/pages\/271"}],"wp:featuredmedia":[{"embeddable":true,"href":"https:\/\/jania.org\/web\/wp-json\/wp\/v2\/media\/343"}],"wp:attachment":[{"href":"https:\/\/jania.org\/web\/wp-json\/wp\/v2\/media?parent=284"}],"curies":[{"name":"wp","href":"https:\/\/api.w.org\/{rel}","templated":true}]}}