{"id":297,"date":"2015-09-10T12:30:27","date_gmt":"2015-09-10T10:30:27","guid":{"rendered":"https:\/\/jania.org\/web\/?page_id=297"},"modified":"2017-01-02T20:34:02","modified_gmt":"2017-01-02T18:34:02","slug":"masaje-facial-cuida-tu-cara","status":"publish","type":"page","link":"https:\/\/jania.org\/web\/sesiones-individuales\/masaje-facial-cuida-tu-cara\/","title":{"rendered":"Masaje facial: Cuida tu cara"},"content":{"rendered":"<p><strong>TRATAMIENTOS FACIALES<\/strong> para borrar los efectos del estr\u00e9s en tu cara.<\/p>\n<p><em>La industria de la imagen y la belleza ha hecho creer al consumidor que las mayores amenazas para la piel de la cara son los agentes externos: el sol, la contaminaci\u00f3n y el envejecimiento. Pero lo cierto es que el <strong>estr\u00e9s repetitivo<\/strong> y algunas <strong>expresiones<\/strong> de la cara, como <strong>fruncir el ce\u00f1o<\/strong>, <strong>apretar la mand\u00edbula<\/strong>, etc., <strong>causan l\u00edneas de expresi\u00f3n y arrugas<\/strong> en un grado mucho mayor que otros agentes externos.<\/em><\/p>\n<p><em><strong>Con la edad el hueso disminuye su tama\u00f1o<\/strong>, \u201cencoje\u201d, <strong>la piel se adhiere y se hunde alrededor de \u00e9l<\/strong>. Yamuna\u00ae Face Saver ofrece una <strong>soluci\u00f3n activa<\/strong> contra los efectos del estr\u00e9s repetitivo y la tensi\u00f3n mantenida, mediante la <strong>estimulaci\u00f3n<\/strong> y la <strong>alineaci\u00f3n\u00a0<\/strong>de los <strong>huesos<\/strong>, la <strong>activaci\u00f3n<\/strong> de los <strong>m\u00fasculos<\/strong>, el <strong>aumento de la circulaci\u00f3n<\/strong> y el <strong>tono\u00a0<\/strong>en la cara, revirtiendo los efectos de la gravedad.<\/em><\/p>\n<p><em>Al finalizar la sesi\u00f3n, la piel est\u00e1 m\u00e1s <strong>brillante<\/strong>, m\u00e1s llena y m\u00e1s <strong>turgente<\/strong>, porque los huesos se han activado y la piel se <strong>rellena<\/strong>, se engrosa, volvi\u00e9ndose m\u00e1s tersa debido al <strong>aumento de su circulaci\u00f3n<\/strong>.<\/em><\/p>\n<p><em>Con esta t\u00e9cnica se consigue una relajaci\u00f3n profunda de la mand\u00edbula y tambi\u00e9n puede ayudar en problemas como bruxismo, cefaleas, sinusitis, dolor de trig\u00e9mino&#8230;<\/em><\/p>\n<p><strong>SESIONES INDIVIDUALES Y GRUPALES<\/strong><\/p>\n<p>&nbsp;<\/p>\n<div class=\"alert yellow\"><p><strong>Ana de la Fuente.<\/strong><\/p>\n<p><em>Instructora Certificada de Yamuna Save your Face, Yamuna Body Rolling, Yamuna Foot Fitness y Yamuna Table Treatment.<\/em><br \/>\nTfno: 944 10 39 49<br \/>\nEmail: info@jania.org<br \/>\n<\/p><\/div>\n<p>&nbsp;<\/p>\n","protected":false},"excerpt":{"rendered":"<p>TRATAMIENTOS FACIALES para borrar los efectos del estr\u00e9s en tu cara. La industria de la imagen y la belleza ha hecho creer al consumidor que las mayores amenazas para la piel de la cara son los agentes externos: el sol, la contaminaci\u00f3n y el envejecimiento. Pero lo cierto es que el estr\u00e9s repetitivo y algunas expresiones de la cara, como fruncir el ce\u00f1o, apretar la mand\u00edbula, etc., causan l\u00edneas de expresi\u00f3n y arrugas en un grado mucho mayor que otros agentes externos. Con la edad el hueso disminuye su tama\u00f1o, \u201cencoje\u201d, la piel se adhiere y se hunde alrededor de [&hellip;]<\/p>\n","protected":false},"author":1,"featured_media":692,"parent":271,"menu_order":0,"comment_status":"closed","ping_status":"closed","template":"","meta":{"footnotes":""},"class_list":["post-297","page","type-page","status-publish","has-post-thumbnail","hentry"],"yoast_head":"<!-- This site is optimized with the Yoast SEO plugin v15.4 - https:\/\/yoast.com\/wordpress\/plugins\/seo\/ -->\n<meta name=\"robots\" content=\"index, follow, max-snippet:-1, max-image-preview:large, max-video-preview:-1\" \/>\n<link rel=\"canonical\" href=\"https:\/\/jania.org\/web\/sesiones-individuales\/masaje-facial-cuida-tu-cara\/\" \/>\n<meta property=\"og:locale\" content=\"es_ES\" \/>\n<meta property=\"og:type\" content=\"article\" \/>\n<meta property=\"og:title\" content=\"Masaje facial: Cuida tu cara - Jania - Sistema de centros de Energ\u00eda\" \/>\n<meta property=\"og:description\" content=\"TRATAMIENTOS FACIALES para borrar los efectos del estr\u00e9s en tu cara. La industria de la imagen y la belleza ha hecho creer al consumidor que las mayores amenazas para la piel de la cara son los agentes externos: el sol, la contaminaci\u00f3n y el envejecimiento. Pero lo cierto es que el estr\u00e9s repetitivo y algunas expresiones de la cara, como fruncir el ce\u00f1o, apretar la mand\u00edbula, etc., causan l\u00edneas de expresi\u00f3n y arrugas en un grado mucho mayor que otros agentes externos. Con la edad el hueso disminuye su tama\u00f1o, \u201cencoje\u201d, la piel se adhiere y se hunde alrededor de [&hellip;]\" \/>\n<meta property=\"og:url\" content=\"https:\/\/jania.org\/web\/sesiones-individuales\/masaje-facial-cuida-tu-cara\/\" \/>\n<meta property=\"og:site_name\" content=\"Jania - Sistema de centros de Energ\u00eda\" \/>\n<meta property=\"article:modified_time\" content=\"2017-01-02T18:34:02+00:00\" \/>\n<meta property=\"og:image\" content=\"https:\/\/jania.org\/web\/wp-content\/uploads\/2015\/09\/cuida-tu-cara.jpg\" \/>\n\t<meta property=\"og:image:width\" content=\"920\" \/>\n\t<meta property=\"og:image:height\" content=\"571\" \/>\n<meta name=\"twitter:label1\" content=\"Escrito por\">\n\t<meta name=\"twitter:data1\" content=\"Ainhoa\">\n\t<meta name=\"twitter:label2\" content=\"Tiempo de lectura\">\n\t<meta name=\"twitter:data2\" content=\"1 minuto\">\n<script type=\"application\/ld+json\" class=\"yoast-schema-graph\">{\"@context\":\"https:\/\/schema.org\",\"@graph\":[{\"@type\":\"WebSite\",\"@id\":\"https:\/\/jania.org\/web\/#website\",\"url\":\"https:\/\/jania.org\/web\/\",\"name\":\"Jania - Sistema de centros de Energ\\u00eda\",\"description\":\"Sistema de centros de Energ\\u00eda - Din\\u00e1micas corporales\",\"potentialAction\":[{\"@type\":\"SearchAction\",\"target\":\"https:\/\/jania.org\/web\/?s={search_term_string}\",\"query-input\":\"required name=search_term_string\"}],\"inLanguage\":\"es\"},{\"@type\":\"ImageObject\",\"@id\":\"https:\/\/jania.org\/web\/sesiones-individuales\/masaje-facial-cuida-tu-cara\/#primaryimage\",\"inLanguage\":\"es\",\"url\":\"https:\/\/jania.org\/web\/wp-content\/uploads\/2015\/09\/cuida-tu-cara.jpg\",\"width\":920,\"height\":571,\"caption\":\"Masaje facial cuida tu cara\"},{\"@type\":\"WebPage\",\"@id\":\"https:\/\/jania.org\/web\/sesiones-individuales\/masaje-facial-cuida-tu-cara\/#webpage\",\"url\":\"https:\/\/jania.org\/web\/sesiones-individuales\/masaje-facial-cuida-tu-cara\/\",\"name\":\"Masaje facial: Cuida tu cara - Jania - Sistema de centros de Energ\\u00eda\",\"isPartOf\":{\"@id\":\"https:\/\/jania.org\/web\/#website\"},\"primaryImageOfPage\":{\"@id\":\"https:\/\/jania.org\/web\/sesiones-individuales\/masaje-facial-cuida-tu-cara\/#primaryimage\"},\"datePublished\":\"2015-09-10T10:30:27+00:00\",\"dateModified\":\"2017-01-02T18:34:02+00:00\",\"inLanguage\":\"es\",\"potentialAction\":[{\"@type\":\"ReadAction\",\"target\":[\"https:\/\/jania.org\/web\/sesiones-individuales\/masaje-facial-cuida-tu-cara\/\"]}]}]}<\/script>\n<!-- \/ Yoast SEO plugin. -->","_links":{"self":[{"href":"https:\/\/jania.org\/web\/wp-json\/wp\/v2\/pages\/297","targetHints":{"allow":["GET"]}}],"collection":[{"href":"https:\/\/jania.org\/web\/wp-json\/wp\/v2\/pages"}],"about":[{"href":"https:\/\/jania.org\/web\/wp-json\/wp\/v2\/types\/page"}],"author":[{"embeddable":true,"href":"https:\/\/jania.org\/web\/wp-json\/wp\/v2\/users\/1"}],"replies":[{"embeddable":true,"href":"https:\/\/jania.org\/web\/wp-json\/wp\/v2\/comments?post=297"}],"version-history":[{"count":11,"href":"https:\/\/jania.org\/web\/wp-json\/wp\/v2\/pages\/297\/revisions"}],"predecessor-version":[{"id":1391,"href":"https:\/\/jania.org\/web\/wp-json\/wp\/v2\/pages\/297\/revisions\/1391"}],"up":[{"embeddable":true,"href":"https:\/\/jania.org\/web\/wp-json\/wp\/v2\/pages\/271"}],"wp:featuredmedia":[{"embeddable":true,"href":"https:\/\/jania.org\/web\/wp-json\/wp\/v2\/media\/692"}],"wp:attachment":[{"href":"https:\/\/jania.org\/web\/wp-json\/wp\/v2\/media?parent=297"}],"curies":[{"name":"wp","href":"https:\/\/api.w.org\/{rel}","templated":true}]}}