{"id":301,"date":"2015-09-10T12:46:49","date_gmt":"2015-09-10T10:46:49","guid":{"rendered":"https:\/\/jania.org\/web\/?page_id=301"},"modified":"2016-12-08T16:43:35","modified_gmt":"2016-12-08T14:43:35","slug":"como-relajar-la-mandibula","status":"publish","type":"page","link":"https:\/\/jania.org\/web\/sesiones-individuales\/como-relajar-la-mandibula\/","title":{"rendered":"C\u00f3mo relajar la mandibula"},"content":{"rendered":"<p><strong>TENSI\u00d3N EN LA MAND\u00cdBULA: C\u00d3MO AYUDAR A RELAJARLA.<\/strong><\/p>\n<p>Cualquiera que tenga un problema de <strong>estr\u00e9s<\/strong> ha podido comprobar que al final termina\u00a0<strong>afectando<\/strong> a su <strong>articulaci\u00f3n emporomandibular<\/strong> (ATM) cuando <strong>duerme<\/strong>, generando\u00a0<strong>problemas<\/strong> como el <strong>desgaste de los dientes y la mand\u00edbula<\/strong>, y causando un da\u00f1o \u00f3seo importante, as\u00ed como <strong>dolores de cabeza y cuello<\/strong>.<\/p>\n<p>Esta <strong>compresi\u00f3n<\/strong> de la articulaci\u00f3n al <strong>apretar los dientes y bloquear la mand\u00edbula durante el sue\u00f1o<\/strong> termina provocando de forma insconsciente toda clase de <strong>problemas\u00a0<\/strong>en el resto del cuerpo, ya que la <strong>ATM es una articulaci\u00f3n maestra que regula el nivel de tensi\u00f3n general en todas las otras articulaciones del cuerpo, especialmente de la cadera y los hombros<\/strong>.<\/p>\n<p><strong>SESIONES INDIVIDUALES Y GRUPALES<\/strong><\/p>\n<p>&nbsp;<\/p>\n<div class=\"alert yellow\"><p><strong>Ana de la Fuente<\/strong><\/p>\n<p>Tfno: 944 10 39 49<br \/>\nEmail: info@jania.org<\/p><\/div>\n","protected":false},"excerpt":{"rendered":"<p>TENSI\u00d3N EN LA MAND\u00cdBULA: C\u00d3MO AYUDAR A RELAJARLA. Cualquiera que tenga un problema de estr\u00e9s ha podido comprobar que al final termina\u00a0afectando a su articulaci\u00f3n emporomandibular (ATM) cuando duerme, generando\u00a0problemas como el desgaste de los dientes y la mand\u00edbula, y causando un da\u00f1o \u00f3seo importante, as\u00ed como dolores de cabeza y cuello. Esta compresi\u00f3n de la articulaci\u00f3n al apretar los dientes y bloquear la mand\u00edbula durante el sue\u00f1o termina provocando de forma insconsciente toda clase de problemas\u00a0en el resto del cuerpo, ya que la ATM es una articulaci\u00f3n maestra que regula el nivel de tensi\u00f3n general en todas las otras [&hellip;]<\/p>\n","protected":false},"author":1,"featured_media":587,"parent":271,"menu_order":0,"comment_status":"closed","ping_status":"closed","template":"","meta":{"footnotes":""},"class_list":["post-301","page","type-page","status-publish","has-post-thumbnail","hentry"],"yoast_head":"<!-- This site is optimized with the Yoast SEO plugin v15.4 - https:\/\/yoast.com\/wordpress\/plugins\/seo\/ -->\n<meta name=\"robots\" content=\"index, follow, max-snippet:-1, max-image-preview:large, max-video-preview:-1\" \/>\n<link rel=\"canonical\" href=\"https:\/\/jania.org\/web\/sesiones-individuales\/como-relajar-la-mandibula\/\" \/>\n<meta property=\"og:locale\" content=\"es_ES\" \/>\n<meta property=\"og:type\" content=\"article\" \/>\n<meta property=\"og:title\" content=\"C\u00f3mo relajar la mandibula - Jania - Sistema de centros de Energ\u00eda\" \/>\n<meta property=\"og:description\" content=\"TENSI\u00d3N EN LA MAND\u00cdBULA: C\u00d3MO AYUDAR A RELAJARLA. Cualquiera que tenga un problema de estr\u00e9s ha podido comprobar que al final termina\u00a0afectando a su articulaci\u00f3n emporomandibular (ATM) cuando duerme, generando\u00a0problemas como el desgaste de los dientes y la mand\u00edbula, y causando un da\u00f1o \u00f3seo importante, as\u00ed como dolores de cabeza y cuello. Esta compresi\u00f3n de la articulaci\u00f3n al apretar los dientes y bloquear la mand\u00edbula durante el sue\u00f1o termina provocando de forma insconsciente toda clase de problemas\u00a0en el resto del cuerpo, ya que la ATM es una articulaci\u00f3n maestra que regula el nivel de tensi\u00f3n general en todas las otras [&hellip;]\" \/>\n<meta property=\"og:url\" content=\"https:\/\/jania.org\/web\/sesiones-individuales\/como-relajar-la-mandibula\/\" \/>\n<meta property=\"og:site_name\" content=\"Jania - Sistema de centros de Energ\u00eda\" \/>\n<meta property=\"article:modified_time\" content=\"2016-12-08T14:43:35+00:00\" \/>\n<meta property=\"og:image\" content=\"https:\/\/jania.org\/web\/wp-content\/uploads\/2015\/09\/mandibula.jpg\" \/>\n\t<meta property=\"og:image:width\" content=\"920\" \/>\n\t<meta property=\"og:image:height\" content=\"746\" \/>\n<meta name=\"twitter:label1\" content=\"Escrito por\">\n\t<meta name=\"twitter:data1\" content=\"Ainhoa\">\n\t<meta name=\"twitter:label2\" content=\"Tiempo de lectura\">\n\t<meta name=\"twitter:data2\" content=\"1 minuto\">\n<script type=\"application\/ld+json\" class=\"yoast-schema-graph\">{\"@context\":\"https:\/\/schema.org\",\"@graph\":[{\"@type\":\"WebSite\",\"@id\":\"https:\/\/jania.org\/web\/#website\",\"url\":\"https:\/\/jania.org\/web\/\",\"name\":\"Jania - Sistema de centros de Energ\\u00eda\",\"description\":\"Sistema de centros de Energ\\u00eda - Din\\u00e1micas corporales\",\"potentialAction\":[{\"@type\":\"SearchAction\",\"target\":\"https:\/\/jania.org\/web\/?s={search_term_string}\",\"query-input\":\"required name=search_term_string\"}],\"inLanguage\":\"es\"},{\"@type\":\"ImageObject\",\"@id\":\"https:\/\/jania.org\/web\/sesiones-individuales\/como-relajar-la-mandibula\/#primaryimage\",\"inLanguage\":\"es\",\"url\":\"https:\/\/jania.org\/web\/wp-content\/uploads\/2015\/09\/mandibula.jpg\",\"width\":920,\"height\":746,\"caption\":\"relajar la mandibula\"},{\"@type\":\"WebPage\",\"@id\":\"https:\/\/jania.org\/web\/sesiones-individuales\/como-relajar-la-mandibula\/#webpage\",\"url\":\"https:\/\/jania.org\/web\/sesiones-individuales\/como-relajar-la-mandibula\/\",\"name\":\"C\\u00f3mo relajar la mandibula - Jania - Sistema de centros de Energ\\u00eda\",\"isPartOf\":{\"@id\":\"https:\/\/jania.org\/web\/#website\"},\"primaryImageOfPage\":{\"@id\":\"https:\/\/jania.org\/web\/sesiones-individuales\/como-relajar-la-mandibula\/#primaryimage\"},\"datePublished\":\"2015-09-10T10:46:49+00:00\",\"dateModified\":\"2016-12-08T14:43:35+00:00\",\"inLanguage\":\"es\",\"potentialAction\":[{\"@type\":\"ReadAction\",\"target\":[\"https:\/\/jania.org\/web\/sesiones-individuales\/como-relajar-la-mandibula\/\"]}]}]}<\/script>\n<!-- \/ Yoast SEO plugin. -->","_links":{"self":[{"href":"https:\/\/jania.org\/web\/wp-json\/wp\/v2\/pages\/301","targetHints":{"allow":["GET"]}}],"collection":[{"href":"https:\/\/jania.org\/web\/wp-json\/wp\/v2\/pages"}],"about":[{"href":"https:\/\/jania.org\/web\/wp-json\/wp\/v2\/types\/page"}],"author":[{"embeddable":true,"href":"https:\/\/jania.org\/web\/wp-json\/wp\/v2\/users\/1"}],"replies":[{"embeddable":true,"href":"https:\/\/jania.org\/web\/wp-json\/wp\/v2\/comments?post=301"}],"version-history":[{"count":8,"href":"https:\/\/jania.org\/web\/wp-json\/wp\/v2\/pages\/301\/revisions"}],"predecessor-version":[{"id":1369,"href":"https:\/\/jania.org\/web\/wp-json\/wp\/v2\/pages\/301\/revisions\/1369"}],"up":[{"embeddable":true,"href":"https:\/\/jania.org\/web\/wp-json\/wp\/v2\/pages\/271"}],"wp:featuredmedia":[{"embeddable":true,"href":"https:\/\/jania.org\/web\/wp-json\/wp\/v2\/media\/587"}],"wp:attachment":[{"href":"https:\/\/jania.org\/web\/wp-json\/wp\/v2\/media?parent=301"}],"curies":[{"name":"wp","href":"https:\/\/api.w.org\/{rel}","templated":true}]}}