{"id":38,"date":"2015-08-17T18:02:33","date_gmt":"2015-08-17T16:02:33","guid":{"rendered":"https:\/\/jania.org\/web\/?page_id=38"},"modified":"2019-05-03T13:01:14","modified_gmt":"2019-05-03T11:01:14","slug":"equipo","status":"publish","type":"page","link":"https:\/\/jania.org\/web\/equipo\/","title":{"rendered":"Equipo"},"content":{"rendered":"<p><div class=\"column two_third\"> <h2>Conoce al equipo.<\/h2><br \/>\nJania es un amplio <strong>equipo<\/strong> de profesionales que coordina e imparte numerosas disciplinas y actividades relacionadas con el <strong>trabajo corporal<\/strong> y el <strong>crecimiento personal<\/strong>. Nuestro trabajo y nuestra pasi\u00f3n es el deseo de contribuir a <strong>ensanchar la conciencia<\/strong> y mejorar la <strong>calidad de vida<\/strong> de las personas.<\/p>\n<blockquote><p>Eso es lo especial, lo que nos hace trabajar con honestidad y compromiso.<\/p><\/blockquote>\n<div class=\"separador\"><\/div>\n<h2>Ana de la Fuente. Directora.<\/h2>\n<p><div class=\"column one_third\"><img loading=\"lazy\" decoding=\"async\" class=\"alignnone size-full wp-image-193\" src=\"https:\/\/jania.org\/web\/wp-content\/imagenes\/ana-de-la-fuente.png\" alt=\"Ana de la Fuente\" width=\"225\" height=\"225\" \/><\/div> <div class=\"column two_third last\"><\/p>\n<p>Soy Licenciada en Ciencias de la Informaci\u00f3n y M\u00e1ster en Periodismo, pero \u00a0desde siempre me he sentido interesada por la salud y el autoconocimiento personal. A finales de los a\u00f1os 80 descubr\u00ed \u00a0el <strong>Sistema de Centros de Energ\u00eda<\/strong> del <a href=\"http:\/\/escuelahugoardiles.com.ar\/\" target=\"_blank\" rel=\"noopener noreferrer\">Dr. Hugo Ardiles<\/a>, me enamor\u00e9 de su filosof\u00eda\u00a0y as\u00ed comenc\u00e9 mi formaci\u00f3n en Buenos Aires y Barcelona. De forma paulatina experiment\u00e9 los cambios personales que se produc\u00edan en m\u00ed misma \u00a0y ya no tuve dudas. Desde entonces soy instructora y masajista del Sistema de Centros de Energ\u00eda, disfruto de trabajar en lo que me gusta y precisamente eso es lo me hace sentir bien cada d\u00eda.<\/p>\n<p><\/div><div class=\"clear\"><\/div><\/p>\n<p>Formada en el <strong>Sistema de Centros de Energ\u00eda<\/strong> con el Dr. Hugo Ardiles en Buenos Aires y con la terapeuta \u00a0Patricia R\u00edos, en Barcelona. \u00a0Formada tambi\u00e9n en \u00a0el Sistema R\u00edo Abierto en Buenos Aires, soy instructora de <strong>Movimiento y Masaje<\/strong> desde 1991. Actualmente dirijo la <strong>Escuela de Formaci\u00f3n de Instructores en Bilbao<\/strong>.<\/p>\n<p>Otros estudios y formaciones de inter\u00e9s: Yamuna\u00ae <strong>Body Rolling<\/strong>, Yamuna\u00ae Save your Face y Yamuna\u00ae Foot Fitness y Yamuna\u00ae Table Treatment. <strong>Cadenas Miofasciales<\/strong>, Terapia <strong>Cr\u00e1neo-Sacral<\/strong>, <strong>Manipulaci\u00f3n Visceral<\/strong>, <strong>Euton\u00eda<\/strong>, <strong>Feldenkrais<\/strong>, <strong>Reiki<\/strong>, <strong>Pilates<\/strong>.<\/p>\n<p><\/div> <div class=\"column one_third last\"> <h3>Equipo<\/h3><\/p>\n<div class=\"separador\"><\/div>\n<p><script>jQuery(document).ready(function($){$(\"#accordions-174.accordions\").accordion({active: \"\",event: \"click\",collapsible: true,heightStyle: \"content\",animated: \"swing\",})})<\/script><style type='text\/css'>\r\n\t\t#accordions-174{\r\n\t\t\t\ttext-align: left;}\r\n\t\t#accordions-174{\r\n\t\t\t\tbackground:#faf7f9 url() repeat scroll 0 0;\r\n\t\t\t\tpadding: 0;\r\n\t\t\t\t}\r\n\t\t#accordions-174 .accordions-head{\r\n\t\t\tcolor:#ffffff;\r\n\t\t\tfont-size:14px;\r\n\t\t\tbackground:#d1c3c9;\t\t\r\n\t\t\t}\t\t\r\n\t\t\r\n\t\t#accordions-174 .accordions-head-title{\r\n\t\t\t\r\n\t\t\t}\r\n\t\t\r\n\t\t\r\n\t\t#accordions-174 .ui-accordion-header-active{\r\n\t\t\tbackground: #946679;\r\n\t\t\r\n\t\t\t}\r\n\t\t#accordions-174 .accordion-content{\r\n\t\t\t\tbackground:#faf7f9 none repeat scroll 0 0;\r\n\t\t\t\tcolor:#663300;\r\n\t\t\t\tfont-size:12px;\r\n\t\t\t\t}\r\n\t\t\t\t\r\n\t\t#accordions-174 .accordion-icons{\r\n\t\t\t\tcolor:#6f4557;\r\n\t\t\t\tfont-size:16px;\t\t\t\t\r\n\t\t\t\t}\r\n\t\t\t\t<\/style><style type=\"text\/css\">#accordions-174{min-width: 220px;}\r\n#accordions-174 .accordions-head{\r\n    margin: 0;\r\n    padding: 7px 10px 7px 30px;\r\n    font-weight: 600;\r\n    font-size: 12px;\r\n\r\n    border-bottom: 1px solid  #946679;\r\n     cursor: pointer;\r\n   background-color: rgba(111, 69, 87, 0.32);\r\n  color:  #660033;\r\n    }\r\n#accordions-174 .ui-accordion-header-active {\r\n              background-color: #946679;\r\n              color: #fff;\r\n}\r\n#accordions-174 .accordion-content{\r\ncolor: #630;\r\n\/*border-bottom: 1px solid #ddd !important;\r\n    border-left: 1px solid #ddd !important;*\/\r\n    border-radius: 0;\r\n  \/*  border-right: 1px solid #ddd;*\/\r\n    border-top: 0 none;\r\n    background-color: #faf7f9;\r\n   border: 0 none;\r\n}\r\n.ui-state-active {\r\n    \/* border: 1px solid; *\/border: 0 none;\r\n}\r\n#accordions-174 .accordion-icons {\r\n  color: #6f4557;\r\n    font-size: 14px;\r\n}<\/style><div id=\"accordions-174\" class=\"accordions accordions-themes border-bottom accordions-174\"><div style=\"\" class=\"accordions-head\"><i class=\"accordion-icons left accordion-plus fa fa-chevron-up\"><\/i><i class=\"accordion-icons left accordion-minus fa fa-arrow-down fa-chevron-down\"><\/i><span class=\"accordions-head-title\">VEGA MARTIN<\/span><\/div><div class=\"accordion-content\"><p><img loading=\"lazy\" decoding=\"async\" class=\"size-full foto-equipo\" src=\"https:\/\/jania.org\/web\/wp-content\/imagenes\/vega.png\" alt=\"Vega Mart\u00edn\" width=\"180\" height=\"180\" \/><\/p>\n<p><strong>MOVIMIENTO Y EDUCACI\u00d3N CREADORA<\/strong><\/p>\n<p><em>Profesora, formada con Arno Stern y Jos\u00e9 Miguel Castro en EDUCACION CREADORA, comienza a colaborar con J.M. Castro en los talleres de Pintura y Arcilla en Bilbao y a aplicar en la escuela los principios de la Educaci\u00f3n Creadora.<\/em><\/p>\n<p><em>En 1993 conoce a Delphine Joubert y participa en sus cursos de Danza. En 1994 crea el taller de MOVIMIENTO aplicando los principios de la Educaci\u00f3n Creadora al juego con el cuerpo. Actualmente ha dejado la escuela y su trabajo se centra fundamentalmente en la Formaci\u00f3n y en los tres Talleres de Pintura, Arcilla y Movimiento. En JANIA realiza talleres semanales de Movimiento Creativo para Ni\u00f1os, Adolescentes y Adultos.<\/em><\/p>\n<p><strong>Tfno<\/strong>: 944 44 30 92 - 630 52 11 58<br \/>\n<strong>Email<\/strong>: info@dirayaexpresion.es<br \/>\n<a href=\"http:\/\/dirayaexpresion.es\/\" target=\"_blank\" rel=\"noopener noreferrer\">www.dirayaexpresion.es<\/a><\/p>\n<\/div><div style=\"\" class=\"accordions-head\"><i class=\"accordion-icons left accordion-plus fa fa-chevron-up\"><\/i><i class=\"accordion-icons left accordion-minus fa fa-arrow-down fa-chevron-down\"><\/i><span class=\"accordions-head-title\">KIERA LOKKO ECHEVERRIA<\/span><\/div><div class=\"accordion-content\"><p><img loading=\"lazy\" decoding=\"async\" class=\"size-full foto-equipo\" src=\"https:\/\/jania.org\/web\/wp-content\/imagenes\/kiera.png\" alt=\"Kiera Lokko\" width=\"180\" height=\"180\" \/><\/p>\n<p><strong>MASAJE CORRECTIVO PROFUNDO<\/strong><\/p>\n<p><em>Formada por <strong>Ana de la Fuente<\/strong> en Masaje de Centros de Energ\u00eda en el 2010. Desde entonces ha estado practicando y conociendo el cuerpo a trav\u00e9s del Masaje Correctivo Profundo.<\/em><\/p>\n<p><em>Anteriormente se dedic\u00f3 a entrenar disciplinas deportivas, entre ellas acrobacia, a\u00e9reos (trapecio y cuerda), Ashtanga yoga y Stand Up paddle yoga. Estas disciplinas le han dado un conocimiento sobre el cuerpo m\u00e1s profundo, especialmente haci\u00e9ndole consciente de las formas de relacionarse con el y de escuchar sus necesidades y aprender a abordarlas.<\/em><\/p>\n<p><em>El masaje le abri\u00f3 otra manera de hacer posible a los dem\u00e1s escuchar sus necesidades y crear un espacio de atenci\u00f3n y consciencia corporal.<\/em><\/p>\n<p><em>Actualmente sigue profundizando en los estudios sobre el cuerpo humano desde un punto de vista anat\u00f3mico y fisiol\u00f3gico dentro del marco de la osteopat\u00eda cl\u00e1sica; ahondando en c\u00f3mo ayudar a conseguir las condiciones necesarias para el equilibrio corporal y as\u00ed disfrutar de su m\u00e1ximo bienestar.<\/em><\/p>\n<p><strong>Tfno<\/strong>: 619 884 201<br \/>\n<strong>Email<\/strong>: kieralokko@hotmail.com<\/p>\n<\/div><div style=\"\" class=\"accordions-head\"><i class=\"accordion-icons left accordion-plus fa fa-chevron-up\"><\/i><i class=\"accordion-icons left accordion-minus fa fa-arrow-down fa-chevron-down\"><\/i><span class=\"accordions-head-title\">SANDRA BALLESTEROS<\/span><\/div><div class=\"accordion-content\"><p><strong>MOVIMIENTO DE CENTROS DE ENERG\u00cdA<\/strong><\/p>\n<p><em>Formada en Movimiento de Centros de Energ\u00eda por <strong>Ana de la Fuente<\/strong> , Patr\u00edcia R\u00edos y Valeria Zylbersztejn.<\/em><\/p>\n<p>Natur\u00f3pata , Nutricionista y experta en diferentes disciplinas como Masaje Ayurveda, Masaje Metam\u00f3rfico, Terap\u00e9uta en Flores de Bach y Masaje de Ajustes emocionales.<\/p>\n<p>Propietaria de Econatura, un comercio de alimentaci\u00f3n ecol\u00f3gica y herbolario, desde hace 17 a\u00f1os.<\/p>\n<p><strong>Tfno<\/strong>: 944 103 949 \u2013 692 526 917<br \/>\n<strong>Email<\/strong>: info@jania.org<\/p>\n<\/div><div style=\"\" class=\"accordions-head\"><i class=\"accordion-icons left accordion-plus fa fa-chevron-up\"><\/i><i class=\"accordion-icons left accordion-minus fa fa-arrow-down fa-chevron-down\"><\/i><span class=\"accordions-head-title\">JOSUNE OTXOA<\/span><\/div><div class=\"accordion-content\"><p><strong>YOGA IYENGAR<\/strong><\/p>\n<p><strong>Tfno<\/strong>: 606 60 64 93<br \/>\n<strong>Email<\/strong>: yogaiyengarenbilbao@gmail.com<\/p>\n<\/div><div style=\"\" class=\"accordions-head\"><i class=\"accordion-icons left accordion-plus fa fa-chevron-up\"><\/i><i class=\"accordion-icons left accordion-minus fa fa-arrow-down fa-chevron-down\"><\/i><span class=\"accordions-head-title\">ISABEL SANTIAGO MARTIN<\/span><\/div><div class=\"accordion-content\"><p><img loading=\"lazy\" decoding=\"async\" class=\"size-full foto-equipo\" src=\"https:\/\/jania.org\/web\/wp-content\/imagenes\/isabel-santiago.png\" alt=\"Isabel Santiago\" width=\"180\" height=\"180\" \/><\/p>\n<p><strong>PSICOLOG\u00cdA Y COACH<\/strong><\/p>\n<p><em>Experta en Coaching, PNL e Inteligencia Emocional.<br \/>\nFormada en Bioneuroemoci\u00f3n.Terapeuta Bioheart.<br \/>\nFacilitadora Diksha, Sanadora Akh\u00e1sica <\/em><\/p>\n<p><strong>Tfno<\/strong>: 669 78 91 22<br \/>\n<strong>Email<\/strong>: info@elespejodelcoaching.es<br \/>\n<a href=\"http:\/\/www.elespejodelcoaching.es\/\" target=\"_blank\" rel=\"noopener noreferrer\">www.elespejodelcoaching.es<\/a><\/p>\n<\/div><div style=\"\" class=\"accordions-head\"><i class=\"accordion-icons left accordion-plus fa fa-chevron-up\"><\/i><i class=\"accordion-icons left accordion-minus fa fa-arrow-down fa-chevron-down\"><\/i><span class=\"accordions-head-title\">ARANTZA GOMEZ QUEREJETA<\/span><\/div><div class=\"accordion-content\"><p><strong>SOLUCIONAR PROBLEMAS VISUALES: METODO BATES<\/strong><\/p>\n<p><strong>Tfno:<\/strong> 679 165 603<br \/>\n<strong>Email:<\/strong> ikusberri.bates@gmail.com<\/p>\n<\/div><div style=\"\" class=\"accordions-head\"><i class=\"accordion-icons left accordion-plus fa fa-chevron-up\"><\/i><i class=\"accordion-icons left accordion-minus fa fa-arrow-down fa-chevron-down\"><\/i><span class=\"accordions-head-title\">JAVIER SEMINARIO<\/span><\/div><div class=\"accordion-content\"><p><img loading=\"lazy\" decoding=\"async\" class=\"size-full foto-equipo\" src=\"https:\/\/jania.org\/web\/wp-content\/imagenes\/javier-seminario.png\" alt=\"javier-seminario\" width=\"180\" height=\"179\" \/><br \/>\n<strong>CHI KUNG<\/strong><\/p>\n<p><em>Fundador de la Asociaci\u00f3n de Terapias Energ\u00e9ticas SHEN QI YI<br \/>\nDisc\u00edpulo del Gran Maestro Ai Xin Jue Luo (Jing Ji Quan)<br \/>\nRepresentante en Espa\u00f1a del China Beijing International Acupuncture Training Centre de Pek\u00edn, centro reconocido por la Organizaci\u00f3n Mundial de la Salud desde 1983.<br \/>\nEn el verano del 2011 recibe simb\u00f3licamente el reconocimiento y la transmisi\u00f3n de las ense\u00f1anzas del Maestro Zhang Jian.<br \/>\nDe esta manera pasa a ser oficialmente representante de la 13\u00aa generaci\u00f3n del estilo Chen de Tai Chi Chuan en China<br \/>\nEs especialista en Chi Kung (Qi Gong) Terap\u00e9utico.<br \/>\nEspecialista en Zhan Zhuang Gong terap\u00e9utico y marcial.<br \/>\nEs tambi\u00e9n profesor de Tai Chi Chuan de los estilos Chen y Yan.<br \/>\nActualmente estudia el estilo Chen como disc\u00edpulo interno del Maestro Zhang Jian de manera tradicional.<br \/>\nHa estudiado el Chi Kung tao\u00edsta en Wu Dang Shan y en Espa\u00f1a con el Maestro Juan Li, con cuya organizaci\u00f3n colabora.<\/em><\/p>\n<p><strong>Tfno<\/strong>: 696 449 491<br \/>\n<strong>Email<\/strong>: info@shenqiyi.com<br \/>\n<a href=\"http:\/\/www.shenqiyi.com\/\" target=\"_blank\" rel=\"noopener noreferrer\">www.shenqiyi.com<\/a><\/p>\n<\/div><div style=\"\" class=\"accordions-head\"><i class=\"accordion-icons left accordion-plus fa fa-chevron-up\"><\/i><i class=\"accordion-icons left accordion-minus fa fa-arrow-down fa-chevron-down\"><\/i><span class=\"accordions-head-title\">JOSE LUIS REBOLLO<\/span><\/div><div class=\"accordion-content\"><p><strong>FELDENKRAIS Y ABDOMINALES SIN RIESGO<\/strong><\/p>\n<p><em>Profesor de los m\u00e9todos Perin\u00e9 y Movimiento\u00ae y Abdominales sin Riesgo\u00ae.<br \/>\nProfesor de Feldenkrais\u00ae y Pilates; formado en Anatom\u00eda para el Movimiento\u00ae (Blandine Calais-Germain).<br \/>\nM\u00fasico, Licenciado en Bellas Artes y Certificado en Aptitud Pedag\u00f3gica.<\/em><\/p>\n<p><strong>Tfno<\/strong>:\u00a0630 057 844<\/p>\n<\/div><div style=\"\" class=\"accordions-head\"><i class=\"accordion-icons left accordion-plus fa fa-chevron-up\"><\/i><i class=\"accordion-icons left accordion-minus fa fa-arrow-down fa-chevron-down\"><\/i><span class=\"accordions-head-title\">EL EQUIPO EN LOGRONO<\/span><\/div><div class=\"accordion-content\"><p><strong>JUAN MANUEL FERN\u00c1NDEZ<\/strong><\/p>\n<p><em>Diplomado en Ingenier\u00eda T\u00e9cnica Industrial. Larga experiencia en artes marciales: Tae Kwon Do y Tai Chi Chuan.<\/em><br \/>\n<em> Formado en el <strong>Sistema de Centros de Energ\u00eda<\/strong> con Patricia R\u00edos y Ana De La Fuente en Bilbao. Cursos de Perfeccionamiento del Sistema en la escuela del Dr. Hugo Ardiles en Buenos Aires.<\/em><br \/>\n<em> Instructor de <strong>Movimiento y Masaje<\/strong> desde 2006.<\/em><\/p>\n<p><em><strong>Actualmente imparte clases semanales y talleres de Movimiento en Logro\u00f1o.<\/strong><\/em><\/p>\n<p><strong>Tfnos<\/strong>: 941 58 17 19 \/ 666 94 32 33<br \/>\n<strong>Email<\/strong>: juanmafb@ono.com<\/p>\n<\/div><\/div><br \/>\n<h3>Centros colaboradores<\/h3><\/p>\n<div class=\"separador\"><\/div>\n<p><div class=\"column one_fifth\"><a href=\"http:\/\/escuelahugoardiles.com.ar\/\"><img loading=\"lazy\" decoding=\"async\" class=\"alignnone size-full wp-image-231\" src=\"https:\/\/jania.org\/web\/wp-content\/imagenes\/logo-hugo-ardiles.gif\" alt=\"logo-hugo-ardiles\" width=\"67\" height=\"55\" \/><\/a><\/div> <div class=\"column four_fifth last\"><a class=\"colaboradores\" href=\"http:\/\/escuelahugoardiles.com.ar\/\" target=\"_blank\" rel=\"noopener noreferrer\">ESCUELA HUGO ARDILES Hugo Ardiles &#8211; Argentina<\/a><\/div><div class=\"clear\"><\/div><br \/>\n<div class=\"column one_fifth\"><a href=\"http:\/\/www.escen.net\/\"><img loading=\"lazy\" decoding=\"async\" class=\"alignnone size-full wp-image-239\" src=\"https:\/\/jania.org\/web\/wp-content\/imagenes\/logo-escen.gif\" alt=\"Escen\" width=\"67\" height=\"55\" \/><\/a><\/div> <div class=\"column four_fifth last\"><a class=\"colaboradores\" href=\"http:\/\/www.escen.net\/\" target=\"_blank\" rel=\"noopener noreferrer\">ESCEN &#8211; SISTEMA DE CENTROS DE ENERG\u00cdA &#8211; Patricia R\u00edos &#8211;\u00a0Barcelona<\/a><\/div><div class=\"clear\"><\/div><br \/>\n<div class=\"column one_fifth\"><a href=\"http:\/\/www.dana.cat\/es\/\"><img loading=\"lazy\" decoding=\"async\" class=\"alignnone size-full wp-image-239\" src=\"https:\/\/jania.org\/web\/wp-content\/imagenes\/logo-dana.gif\" alt=\"Dana\" width=\"67\" height=\"55\" \/><\/a><\/div> <div class=\"column four_fifth last\"><a class=\"colaboradores\" href=\"http:\/\/www.dana.cat\/es\/\" target=\"_blank\" rel=\"noopener noreferrer\">DANA &#8211; CENTRES D&#8217;ENERG\u00cdA &#8211; Montse Costa &#8211;\u00a0Barcelona<\/a><\/div><div class=\"clear\"><\/div><\/p>\n<p><div class=\"column one_fifth\"><a href=\"http:\/\/claudiacasanovas.it\/?lang=es\"><img loading=\"lazy\" decoding=\"async\" class=\"alignnone size-full wp-image-231\" src=\"https:\/\/jania.org\/web\/wp-content\/imagenes\/logo-claudia.gif\" alt=\"logo-claudia-casanovas\" width=\"67\" height=\"55\" \/><\/a><\/div> <div class=\"column four_fifth last\"><a class=\"colaboradores\" href=\"http:\/\/claudiacasanovas.it\/?lang=es\" target=\"_blank\" rel=\"noopener noreferrer\">CAMINOS DE CRECIMIENTO PSICO-ESPIRITUAL Claudia Casanovas<\/a><\/div><div class=\"clear\"><\/div><\/div><div class=\"clear\"><\/div><\/p>\n","protected":false},"excerpt":{"rendered":"","protected":false},"author":1,"featured_media":321,"parent":0,"menu_order":0,"comment_status":"closed","ping_status":"closed","template":"","meta":{"footnotes":""},"class_list":["post-38","page","type-page","status-publish","has-post-thumbnail","hentry"],"yoast_head":"<!-- This site is optimized with the Yoast SEO plugin v15.4 - https:\/\/yoast.com\/wordpress\/plugins\/seo\/ -->\n<meta name=\"robots\" content=\"index, follow, max-snippet:-1, max-image-preview:large, max-video-preview:-1\" \/>\n<link rel=\"canonical\" href=\"https:\/\/jania.org\/web\/equipo\/\" \/>\n<meta property=\"og:locale\" content=\"es_ES\" \/>\n<meta property=\"og:type\" content=\"article\" \/>\n<meta property=\"og:title\" content=\"Equipo - Jania - Sistema de centros de Energ\u00eda\" \/>\n<meta property=\"og:url\" content=\"https:\/\/jania.org\/web\/equipo\/\" \/>\n<meta property=\"og:site_name\" content=\"Jania - Sistema de centros de Energ\u00eda\" \/>\n<meta property=\"article:modified_time\" content=\"2019-05-03T11:01:14+00:00\" \/>\n<meta property=\"og:image\" content=\"https:\/\/jania.org\/web\/wp-content\/uploads\/2015\/08\/equipo.jpg\" \/>\n\t<meta property=\"og:image:width\" content=\"1024\" \/>\n\t<meta property=\"og:image:height\" content=\"360\" \/>\n<meta name=\"twitter:label1\" content=\"Escrito por\">\n\t<meta name=\"twitter:data1\" content=\"Ainhoa\">\n\t<meta name=\"twitter:label2\" content=\"Tiempo de lectura\">\n\t<meta name=\"twitter:data2\" content=\"2 minutos\">\n<script type=\"application\/ld+json\" class=\"yoast-schema-graph\">{\"@context\":\"https:\/\/schema.org\",\"@graph\":[{\"@type\":\"WebSite\",\"@id\":\"https:\/\/jania.org\/web\/#website\",\"url\":\"https:\/\/jania.org\/web\/\",\"name\":\"Jania - Sistema de centros de Energ\\u00eda\",\"description\":\"Sistema de centros de Energ\\u00eda - Din\\u00e1micas corporales\",\"potentialAction\":[{\"@type\":\"SearchAction\",\"target\":\"https:\/\/jania.org\/web\/?s={search_term_string}\",\"query-input\":\"required name=search_term_string\"}],\"inLanguage\":\"es\"},{\"@type\":\"ImageObject\",\"@id\":\"https:\/\/jania.org\/web\/equipo\/#primaryimage\",\"inLanguage\":\"es\",\"url\":\"https:\/\/jania.org\/web\/wp-content\/uploads\/2015\/08\/equipo.jpg\",\"width\":1024,\"height\":360},{\"@type\":\"WebPage\",\"@id\":\"https:\/\/jania.org\/web\/equipo\/#webpage\",\"url\":\"https:\/\/jania.org\/web\/equipo\/\",\"name\":\"Equipo - Jania - Sistema de centros de Energ\\u00eda\",\"isPartOf\":{\"@id\":\"https:\/\/jania.org\/web\/#website\"},\"primaryImageOfPage\":{\"@id\":\"https:\/\/jania.org\/web\/equipo\/#primaryimage\"},\"datePublished\":\"2015-08-17T16:02:33+00:00\",\"dateModified\":\"2019-05-03T11:01:14+00:00\",\"inLanguage\":\"es\",\"potentialAction\":[{\"@type\":\"ReadAction\",\"target\":[\"https:\/\/jania.org\/web\/equipo\/\"]}]}]}<\/script>\n<!-- \/ Yoast SEO plugin. -->","_links":{"self":[{"href":"https:\/\/jania.org\/web\/wp-json\/wp\/v2\/pages\/38","targetHints":{"allow":["GET"]}}],"collection":[{"href":"https:\/\/jania.org\/web\/wp-json\/wp\/v2\/pages"}],"about":[{"href":"https:\/\/jania.org\/web\/wp-json\/wp\/v2\/types\/page"}],"author":[{"embeddable":true,"href":"https:\/\/jania.org\/web\/wp-json\/wp\/v2\/users\/1"}],"replies":[{"embeddable":true,"href":"https:\/\/jania.org\/web\/wp-json\/wp\/v2\/comments?post=38"}],"version-history":[{"count":70,"href":"https:\/\/jania.org\/web\/wp-json\/wp\/v2\/pages\/38\/revisions"}],"predecessor-version":[{"id":2538,"href":"https:\/\/jania.org\/web\/wp-json\/wp\/v2\/pages\/38\/revisions\/2538"}],"wp:featuredmedia":[{"embeddable":true,"href":"https:\/\/jania.org\/web\/wp-json\/wp\/v2\/media\/321"}],"wp:attachment":[{"href":"https:\/\/jania.org\/web\/wp-json\/wp\/v2\/media?parent=38"}],"curies":[{"name":"wp","href":"https:\/\/api.w.org\/{rel}","templated":true}]}}