{"id":395,"date":"2015-09-13T04:02:07","date_gmt":"2015-09-13T02:02:07","guid":{"rendered":"https:\/\/jania.org\/web\/?page_id=395"},"modified":"2020-11-02T20:11:29","modified_gmt":"2020-11-02T18:11:29","slug":"movimiento-de-centros-de-energia","status":"publish","type":"page","link":"https:\/\/jania.org\/web\/actividades\/movimiento-de-centros-de-energia\/","title":{"rendered":"Movimiento de Centros de Energ\u00eda"},"content":{"rendered":"<p>Las sesiones de movimiento son grupales y mixtas; cada sesi\u00f3n se compone de varias etapas complementarias entre s\u00ed:<\/p>\n<p><strong>Movimiento expresivo-correctivo y yoga.<\/strong><\/p>\n<p>El tipo de movimiento que practicamos es <strong>expresivo,<\/strong> porque expande, vitaliza, permite desbloquear y liberar emociones, sentimientos, deseos y anhelos guardados en el cuerpo y olvidados, y nos abre a nuevas formas de relacionarnos con nosotros mismos y con los dem\u00e1s. Es<strong>correctivo,<\/strong> porque, a trav\u00e9s de la movilizaci\u00f3n de m\u00fasculos y articulaciones, modifica patrones posturales y de movimiento. Este proceso libera el flujo de energ\u00eda, cuyo estancamiento es el origen de la rigidez postural, de dolores y malestares diversos.<\/p>\n<p><strong>Movimiento R\u00edtmico expresivo-correctivo y yoga.<\/strong><\/p>\n<p>Nuestro sistema busca, a trav\u00e9s del Movimiento Correctivo, iniciar un cambio en la postura corporal, que es \u201cnuestro modo habitual de estar en la vida\u201d: t\u00edmido, autoritario, temeroso, seductor, arrogante.<\/p>\n<p>Las sesiones de movimiento son grupales y mixtas. La m\u00fasica, el movimiento, el trabajo en pareja, las asanas (posturas del yoga), la respiraci\u00f3n , la relajaci\u00f3n y la meditaci\u00f3n son algunos de los recursos que utilizamos.<\/p>\n<p>El <strong>yoga,<\/strong> tanto din\u00e1mico como est\u00e1tico, ejerce efectos beneficiosos sobre la salud: flexibiliza la musculatura,\u00a0 tonifica el sistema nervioso y proporciona calma mental.<\/p>\n<p>OBJETIVOS: <strong>&#8221; El desarrollo arm\u00f3nico del ser humano&#8221;<\/strong><\/p>\n<p>&nbsp;<\/p>\n<p><div class=\"alert yellow\"><p><strong>Ana de la Fuente<\/strong><\/p>\n<p>Tfno: 944 10 39 49<br \/>\nEmail: info@jania.org<\/p>\n<p><strong>HORARIOS<\/strong><br \/>\n<strong>MARTES<\/strong>: De 19:30 a 21:00<br \/>\n<\/p><\/div><br \/>\n&nbsp;<\/p>\n<p style=\"text-align: center;\"><a class=\"descargar-horarios\" href=\"https:\/\/jania.org\/web\/wp-content\/pdf\/horarios2020-2021.pdf\" target=\"blank\" rel=\"noopener noreferrer\">Ver horarios <\/a><\/p>\n<p>&nbsp;<\/p>\n","protected":false},"excerpt":{"rendered":"<p>Las sesiones de movimiento son grupales y mixtas; cada sesi\u00f3n se compone de varias etapas complementarias entre s\u00ed: Movimiento expresivo-correctivo y yoga. El tipo de movimiento que practicamos es expresivo, porque expande, vitaliza, permite desbloquear y liberar emociones, sentimientos, deseos y anhelos guardados en el cuerpo y olvidados, y nos abre a nuevas formas de relacionarnos con nosotros mismos y con los dem\u00e1s. Escorrectivo, porque, a trav\u00e9s de la movilizaci\u00f3n de m\u00fasculos y articulaciones, modifica patrones posturales y de movimiento. Este proceso libera el flujo de energ\u00eda, cuyo estancamiento es el origen de la rigidez postural, de dolores y malestares [&hellip;]<\/p>\n","protected":false},"author":1,"featured_media":596,"parent":42,"menu_order":0,"comment_status":"closed","ping_status":"closed","template":"","meta":{"footnotes":""},"class_list":["post-395","page","type-page","status-publish","has-post-thumbnail","hentry"],"yoast_head":"<!-- This site is optimized with the Yoast SEO plugin v15.4 - https:\/\/yoast.com\/wordpress\/plugins\/seo\/ -->\n<meta name=\"robots\" content=\"index, follow, max-snippet:-1, max-image-preview:large, max-video-preview:-1\" \/>\n<link rel=\"canonical\" href=\"https:\/\/jania.org\/web\/actividades\/movimiento-de-centros-de-energia\/\" \/>\n<meta property=\"og:locale\" content=\"es_ES\" \/>\n<meta property=\"og:type\" content=\"article\" \/>\n<meta property=\"og:title\" content=\"Movimiento de Centros de Energ\u00eda - Jania - Sistema de centros de Energ\u00eda\" \/>\n<meta property=\"og:description\" content=\"Las sesiones de movimiento son grupales y mixtas; cada sesi\u00f3n se compone de varias etapas complementarias entre s\u00ed: Movimiento expresivo-correctivo y yoga. El tipo de movimiento que practicamos es expresivo, porque expande, vitaliza, permite desbloquear y liberar emociones, sentimientos, deseos y anhelos guardados en el cuerpo y olvidados, y nos abre a nuevas formas de relacionarnos con nosotros mismos y con los dem\u00e1s. Escorrectivo, porque, a trav\u00e9s de la movilizaci\u00f3n de m\u00fasculos y articulaciones, modifica patrones posturales y de movimiento. Este proceso libera el flujo de energ\u00eda, cuyo estancamiento es el origen de la rigidez postural, de dolores y malestares [&hellip;]\" \/>\n<meta property=\"og:url\" content=\"https:\/\/jania.org\/web\/actividades\/movimiento-de-centros-de-energia\/\" \/>\n<meta property=\"og:site_name\" content=\"Jania - Sistema de centros de Energ\u00eda\" \/>\n<meta property=\"article:modified_time\" content=\"2020-11-02T18:11:29+00:00\" \/>\n<meta property=\"og:image\" content=\"https:\/\/jania.org\/web\/wp-content\/uploads\/2015\/09\/movimiento-centros-energia1.jpg\" \/>\n\t<meta property=\"og:image:width\" content=\"920\" \/>\n\t<meta property=\"og:image:height\" content=\"614\" \/>\n<meta name=\"twitter:label1\" content=\"Escrito por\">\n\t<meta name=\"twitter:data1\" content=\"Ainhoa\">\n\t<meta name=\"twitter:label2\" content=\"Tiempo de lectura\">\n\t<meta name=\"twitter:data2\" content=\"1 minuto\">\n<script type=\"application\/ld+json\" class=\"yoast-schema-graph\">{\"@context\":\"https:\/\/schema.org\",\"@graph\":[{\"@type\":\"WebSite\",\"@id\":\"https:\/\/jania.org\/web\/#website\",\"url\":\"https:\/\/jania.org\/web\/\",\"name\":\"Jania - Sistema de centros de Energ\\u00eda\",\"description\":\"Sistema de centros de Energ\\u00eda - Din\\u00e1micas corporales\",\"potentialAction\":[{\"@type\":\"SearchAction\",\"target\":\"https:\/\/jania.org\/web\/?s={search_term_string}\",\"query-input\":\"required name=search_term_string\"}],\"inLanguage\":\"es\"},{\"@type\":\"ImageObject\",\"@id\":\"https:\/\/jania.org\/web\/actividades\/movimiento-de-centros-de-energia\/#primaryimage\",\"inLanguage\":\"es\",\"url\":\"https:\/\/jania.org\/web\/wp-content\/uploads\/2015\/09\/movimiento-centros-energia1.jpg\",\"width\":920,\"height\":614,\"caption\":\"movimiento de centros de energia\"},{\"@type\":\"WebPage\",\"@id\":\"https:\/\/jania.org\/web\/actividades\/movimiento-de-centros-de-energia\/#webpage\",\"url\":\"https:\/\/jania.org\/web\/actividades\/movimiento-de-centros-de-energia\/\",\"name\":\"Movimiento de Centros de Energ\\u00eda - Jania - Sistema de centros de Energ\\u00eda\",\"isPartOf\":{\"@id\":\"https:\/\/jania.org\/web\/#website\"},\"primaryImageOfPage\":{\"@id\":\"https:\/\/jania.org\/web\/actividades\/movimiento-de-centros-de-energia\/#primaryimage\"},\"datePublished\":\"2015-09-13T02:02:07+00:00\",\"dateModified\":\"2020-11-02T18:11:29+00:00\",\"inLanguage\":\"es\",\"potentialAction\":[{\"@type\":\"ReadAction\",\"target\":[\"https:\/\/jania.org\/web\/actividades\/movimiento-de-centros-de-energia\/\"]}]}]}<\/script>\n<!-- \/ Yoast SEO plugin. -->","_links":{"self":[{"href":"https:\/\/jania.org\/web\/wp-json\/wp\/v2\/pages\/395","targetHints":{"allow":["GET"]}}],"collection":[{"href":"https:\/\/jania.org\/web\/wp-json\/wp\/v2\/pages"}],"about":[{"href":"https:\/\/jania.org\/web\/wp-json\/wp\/v2\/types\/page"}],"author":[{"embeddable":true,"href":"https:\/\/jania.org\/web\/wp-json\/wp\/v2\/users\/1"}],"replies":[{"embeddable":true,"href":"https:\/\/jania.org\/web\/wp-json\/wp\/v2\/comments?post=395"}],"version-history":[{"count":18,"href":"https:\/\/jania.org\/web\/wp-json\/wp\/v2\/pages\/395\/revisions"}],"predecessor-version":[{"id":2954,"href":"https:\/\/jania.org\/web\/wp-json\/wp\/v2\/pages\/395\/revisions\/2954"}],"up":[{"embeddable":true,"href":"https:\/\/jania.org\/web\/wp-json\/wp\/v2\/pages\/42"}],"wp:featuredmedia":[{"embeddable":true,"href":"https:\/\/jania.org\/web\/wp-json\/wp\/v2\/media\/596"}],"wp:attachment":[{"href":"https:\/\/jania.org\/web\/wp-json\/wp\/v2\/media?parent=395"}],"curies":[{"name":"wp","href":"https:\/\/api.w.org\/{rel}","templated":true}]}}