{"id":399,"date":"2015-09-13T04:04:04","date_gmt":"2015-09-13T02:04:04","guid":{"rendered":"https:\/\/jania.org\/web\/?page_id=399"},"modified":"2020-11-02T20:14:04","modified_gmt":"2020-11-02T18:14:04","slug":"estiramientos","status":"publish","type":"page","link":"https:\/\/jania.org\/web\/actividades\/estiramientos\/","title":{"rendered":"Estiramientos con Conciencia"},"content":{"rendered":"<p>Basados en diferentes t\u00e9cnicas propioceptivas<\/p>\n<p>Se trata de ejercicios suaves y f\u00e1ciles, pensados para favorecer la percepci\u00f3n del propio cuerpo y de sus movimientos posibles.<\/p>\n<p>En estas clases empleamos <strong>t\u00e9cnicas variadas<\/strong> de estiramientos y ejercicios basados en aportaciones de distintos sistemas y m\u00e9todos como la <strong>Euton\u00eda<\/strong> o la t\u00e9cnica <strong>Feldenkrais<\/strong>, el <strong>automasaje<\/strong> y el <strong>masaje<\/strong>, el<strong> sistema de Cadenas musculares de Mezi\u00e8res<\/strong>, la <strong>Estructuraci\u00f3n<\/strong> <strong>Corporal<\/strong>, etc., aprovechando todo aquello que nos pueda resultar \u00fatil para <strong>desbloquear<\/strong> y <strong>descargar<\/strong> los <strong>puntos o lugares de tensi\u00f3n<\/strong>, tanto los m\u00e1s recientes como aquellos convertidos ya en cr\u00f3nicos.<\/p>\n<p>Empleamos muchos estiramientos, para expandir el cuerpo y liberarlo de la tensi\u00f3n.\u221e<\/p>\n<p>No nos forzamos, porque forzarse puede incrementar la resistencia y hacer que nos tensemos a\u00fan m\u00e1s.<\/p>\n<p>Insistimos en la respiraci\u00f3n, porque el cuerpo se pone r\u00edgido cuando se contiene el aliento.<\/p>\n<p>Establecemos una relaci\u00f3n diferente con nuestro cuerpo, con ejercicios que nos ayudan a relajarnos y a darnos una sensaci\u00f3n de facilidad en el movimiento.<\/p>\n<p>Desarrollamos la coordinaci\u00f3n y la elasticidad para valernos de los m\u00fasculos y las articulaciones de forma gr\u00e1cil y con el m\u00ednimo desgaste posible.<\/p>\n<p>Al modificar la manera de usar el cuerpo, los m\u00fasculos cambian tambi\u00e9n las se\u00f1ales que env\u00edan al cerebro.<\/p>\n<p>En la medida en que podamos evitar la rigidez mantendremos un cuerpo m\u00e1s joven, m\u00e1s sano y m\u00e1s abierto al placer.<\/p>\n<p>Utilizamos distintos <strong>elementos facilitadores<\/strong>: pelotas, bandas el\u00e1sticas, bandas de tela, balones, saquitos de mijo, ca\u00f1as\u2026<\/p>\n<h5 style=\"text-align: center;\"><em><strong>SIENTE TU CUERPO<br \/>\nAYUDATE A MEJORAR<\/strong><\/em><\/h5>\n<p>&nbsp;<\/p>\n<div class=\"alert yellow\"><p><strong>Ana de la Fuente<\/strong><\/p>\n<p>Tfno: 944 10 39 49<br \/>\nEmail: info@jania.org<\/p>\n<p><strong>HORARIOS<\/strong><br \/>\n<strong>MARTES<\/strong>: De 17:30 a 18:45<br \/>\n<\/p><\/div>\n<p>&nbsp;<\/p>\n<p style=\"text-align: center;\"><a class=\"descargar-horarios\" href=\"https:\/\/jania.org\/web\/wp-content\/pdf\/horarios2020-2021.pdf\" target=\"blank\" rel=\"noopener noreferrer\">Ver horarios <\/a><\/p>\n<p>&nbsp;<\/p>\n","protected":false},"excerpt":{"rendered":"<p>Basados en diferentes t\u00e9cnicas propioceptivas Se trata de ejercicios suaves y f\u00e1ciles, pensados para favorecer la percepci\u00f3n del propio cuerpo y de sus movimientos posibles. En estas clases empleamos t\u00e9cnicas variadas de estiramientos y ejercicios basados en aportaciones de distintos sistemas y m\u00e9todos como la Euton\u00eda o la t\u00e9cnica Feldenkrais, el automasaje y el masaje, el sistema de Cadenas musculares de Mezi\u00e8res, la Estructuraci\u00f3n Corporal, etc., aprovechando todo aquello que nos pueda resultar \u00fatil para desbloquear y descargar los puntos o lugares de tensi\u00f3n, tanto los m\u00e1s recientes como aquellos convertidos ya en cr\u00f3nicos. Empleamos muchos estiramientos, para expandir el [&hellip;]<\/p>\n","protected":false},"author":1,"featured_media":594,"parent":42,"menu_order":0,"comment_status":"closed","ping_status":"closed","template":"","meta":{"footnotes":""},"class_list":["post-399","page","type-page","status-publish","has-post-thumbnail","hentry"],"yoast_head":"<!-- This site is optimized with the Yoast SEO plugin v15.4 - https:\/\/yoast.com\/wordpress\/plugins\/seo\/ -->\n<meta name=\"robots\" content=\"index, follow, max-snippet:-1, max-image-preview:large, max-video-preview:-1\" \/>\n<link rel=\"canonical\" href=\"https:\/\/jania.org\/web\/actividades\/estiramientos\/\" \/>\n<meta property=\"og:locale\" content=\"es_ES\" \/>\n<meta property=\"og:type\" content=\"article\" \/>\n<meta property=\"og:title\" content=\"Estiramientos con Conciencia - Jania - Sistema de centros de Energ\u00eda\" \/>\n<meta property=\"og:description\" content=\"Basados en diferentes t\u00e9cnicas propioceptivas Se trata de ejercicios suaves y f\u00e1ciles, pensados para favorecer la percepci\u00f3n del propio cuerpo y de sus movimientos posibles. En estas clases empleamos t\u00e9cnicas variadas de estiramientos y ejercicios basados en aportaciones de distintos sistemas y m\u00e9todos como la Euton\u00eda o la t\u00e9cnica Feldenkrais, el automasaje y el masaje, el sistema de Cadenas musculares de Mezi\u00e8res, la Estructuraci\u00f3n Corporal, etc., aprovechando todo aquello que nos pueda resultar \u00fatil para desbloquear y descargar los puntos o lugares de tensi\u00f3n, tanto los m\u00e1s recientes como aquellos convertidos ya en cr\u00f3nicos. Empleamos muchos estiramientos, para expandir el [&hellip;]\" \/>\n<meta property=\"og:url\" content=\"https:\/\/jania.org\/web\/actividades\/estiramientos\/\" \/>\n<meta property=\"og:site_name\" content=\"Jania - Sistema de centros de Energ\u00eda\" \/>\n<meta property=\"article:modified_time\" content=\"2020-11-02T18:14:04+00:00\" \/>\n<meta property=\"og:image\" content=\"https:\/\/jania.org\/web\/wp-content\/uploads\/2015\/09\/estiramientos1.jpg\" \/>\n\t<meta property=\"og:image:width\" content=\"920\" \/>\n\t<meta property=\"og:image:height\" content=\"428\" \/>\n<meta name=\"twitter:label1\" content=\"Escrito por\">\n\t<meta name=\"twitter:data1\" content=\"Ainhoa\">\n\t<meta name=\"twitter:label2\" content=\"Tiempo de lectura\">\n\t<meta name=\"twitter:data2\" content=\"1 minuto\">\n<script type=\"application\/ld+json\" class=\"yoast-schema-graph\">{\"@context\":\"https:\/\/schema.org\",\"@graph\":[{\"@type\":\"WebSite\",\"@id\":\"https:\/\/jania.org\/web\/#website\",\"url\":\"https:\/\/jania.org\/web\/\",\"name\":\"Jania - Sistema de centros de Energ\\u00eda\",\"description\":\"Sistema de centros de Energ\\u00eda - Din\\u00e1micas corporales\",\"potentialAction\":[{\"@type\":\"SearchAction\",\"target\":\"https:\/\/jania.org\/web\/?s={search_term_string}\",\"query-input\":\"required name=search_term_string\"}],\"inLanguage\":\"es\"},{\"@type\":\"ImageObject\",\"@id\":\"https:\/\/jania.org\/web\/actividades\/estiramientos\/#primaryimage\",\"inLanguage\":\"es\",\"url\":\"https:\/\/jania.org\/web\/wp-content\/uploads\/2015\/09\/estiramientos1.jpg\",\"width\":920,\"height\":428,\"caption\":\"estiramientos\"},{\"@type\":\"WebPage\",\"@id\":\"https:\/\/jania.org\/web\/actividades\/estiramientos\/#webpage\",\"url\":\"https:\/\/jania.org\/web\/actividades\/estiramientos\/\",\"name\":\"Estiramientos con Conciencia - Jania - Sistema de centros de Energ\\u00eda\",\"isPartOf\":{\"@id\":\"https:\/\/jania.org\/web\/#website\"},\"primaryImageOfPage\":{\"@id\":\"https:\/\/jania.org\/web\/actividades\/estiramientos\/#primaryimage\"},\"datePublished\":\"2015-09-13T02:04:04+00:00\",\"dateModified\":\"2020-11-02T18:14:04+00:00\",\"inLanguage\":\"es\",\"potentialAction\":[{\"@type\":\"ReadAction\",\"target\":[\"https:\/\/jania.org\/web\/actividades\/estiramientos\/\"]}]}]}<\/script>\n<!-- \/ Yoast SEO plugin. -->","_links":{"self":[{"href":"https:\/\/jania.org\/web\/wp-json\/wp\/v2\/pages\/399","targetHints":{"allow":["GET"]}}],"collection":[{"href":"https:\/\/jania.org\/web\/wp-json\/wp\/v2\/pages"}],"about":[{"href":"https:\/\/jania.org\/web\/wp-json\/wp\/v2\/types\/page"}],"author":[{"embeddable":true,"href":"https:\/\/jania.org\/web\/wp-json\/wp\/v2\/users\/1"}],"replies":[{"embeddable":true,"href":"https:\/\/jania.org\/web\/wp-json\/wp\/v2\/comments?post=399"}],"version-history":[{"count":21,"href":"https:\/\/jania.org\/web\/wp-json\/wp\/v2\/pages\/399\/revisions"}],"predecessor-version":[{"id":2957,"href":"https:\/\/jania.org\/web\/wp-json\/wp\/v2\/pages\/399\/revisions\/2957"}],"up":[{"embeddable":true,"href":"https:\/\/jania.org\/web\/wp-json\/wp\/v2\/pages\/42"}],"wp:featuredmedia":[{"embeddable":true,"href":"https:\/\/jania.org\/web\/wp-json\/wp\/v2\/media\/594"}],"wp:attachment":[{"href":"https:\/\/jania.org\/web\/wp-json\/wp\/v2\/media?parent=399"}],"curies":[{"name":"wp","href":"https:\/\/api.w.org\/{rel}","templated":true}]}}