{"id":401,"date":"2015-09-13T04:06:10","date_gmt":"2015-09-13T02:06:10","guid":{"rendered":"https:\/\/jania.org\/web\/?page_id=401"},"modified":"2020-11-02T20:13:29","modified_gmt":"2020-11-02T18:13:29","slug":"bodyrolling","status":"publish","type":"page","link":"https:\/\/jania.org\/web\/actividades\/bodyrolling\/","title":{"rendered":"Body Rolling"},"content":{"rendered":"<p>YBR\u00ae est\u00e1 basado en la idea de que hay donde hay dolor o malestar<strong> \u201cfalta espacio\u201d<\/strong>, lo que produce una compresi\u00f3n y retracci\u00f3n del cuerpo, retrae los m\u00fasculos y tendones hacia el hueso, y mantenido en el tiempo produce pinzamientos nerviosos, acortamientos musculares y empobrecimiento de la densidad de la masa \u00f3sea.<br \/>\nLa clave de YBR\u00ae es \u201ccrear espacio\u201d, y el innovador concepto de <strong>ESTIMULAR EL HUESO<\/strong>, para relajar el tend\u00f3n al que se une y devolver al m\u00fasculo toda su longitud, por ello decimos que YBR\u00ae logra restablecer de forma efectiva la salud \u00f3sea y neuromuscular.<br \/>\nRodando sobre la pelota \u201clos m\u00fasculos se relajan de origen a inserci\u00f3n, siguiendo la inteligencia innata del cuerpo\u201d, y permite tratar cada m\u00fasculo de forma detallada mediante una serie de rutinas espec\u00edficas, que al hundirse en la pelota y rodar sobre ella, produce una liberaci\u00f3n instant\u00e1nea del\u00a0<strong>hueso, tend\u00f3n y m\u00fasculo<\/strong>, produciendo cambios instant\u00e1neos y permanentes en el cuerpo.<\/p>\n<p>&nbsp;<\/p>\n<div class=\"alert yellow\"><p><strong>Ana de la Fuente<\/strong><\/p>\n<p>Tfno: 944 10 39 49<br \/>\nEmail: info@jania.org<\/p>\n<p><strong><em>HORARIOS<\/em><\/strong><br \/>\n<strong>MARTES<\/strong>: De 19:00 a 20:30<br \/>\n<strong>JUEVES<\/strong>: De 16:00 a 17:30<br \/>\n<\/p><\/div>\n<p>&nbsp;<\/p>\n<p style=\"text-align: center;\"><a class=\"descargar-horarios\" href=\"https:\/\/jania.org\/web\/wp-content\/pdf\/horarios2020-2021.pdf\" target=\"blank\" rel=\"noopener noreferrer\">Ver horarios <\/a><\/p>\n<p>&nbsp;<\/p>\n","protected":false},"excerpt":{"rendered":"<p>YBR\u00ae est\u00e1 basado en la idea de que hay donde hay dolor o malestar \u201cfalta espacio\u201d, lo que produce una compresi\u00f3n y retracci\u00f3n del cuerpo, retrae los m\u00fasculos y tendones hacia el hueso, y mantenido en el tiempo produce pinzamientos nerviosos, acortamientos musculares y empobrecimiento de la densidad de la masa \u00f3sea. La clave de YBR\u00ae es \u201ccrear espacio\u201d, y el innovador concepto de ESTIMULAR EL HUESO, para relajar el tend\u00f3n al que se une y devolver al m\u00fasculo toda su longitud, por ello decimos que YBR\u00ae logra restablecer de forma efectiva la salud \u00f3sea y neuromuscular. Rodando sobre la [&hellip;]<\/p>\n","protected":false},"author":1,"featured_media":411,"parent":42,"menu_order":0,"comment_status":"closed","ping_status":"closed","template":"","meta":{"footnotes":""},"class_list":["post-401","page","type-page","status-publish","has-post-thumbnail","hentry"],"yoast_head":"<!-- This site is optimized with the Yoast SEO plugin v15.4 - https:\/\/yoast.com\/wordpress\/plugins\/seo\/ -->\n<meta name=\"robots\" content=\"index, follow, max-snippet:-1, max-image-preview:large, max-video-preview:-1\" \/>\n<link rel=\"canonical\" href=\"https:\/\/jania.org\/web\/actividades\/bodyrolling\/\" \/>\n<meta property=\"og:locale\" content=\"es_ES\" \/>\n<meta property=\"og:type\" content=\"article\" \/>\n<meta property=\"og:title\" content=\"Body Rolling - Jania - Sistema de centros de Energ\u00eda\" \/>\n<meta property=\"og:description\" content=\"YBR\u00ae est\u00e1 basado en la idea de que hay donde hay dolor o malestar \u201cfalta espacio\u201d, lo que produce una compresi\u00f3n y retracci\u00f3n del cuerpo, retrae los m\u00fasculos y tendones hacia el hueso, y mantenido en el tiempo produce pinzamientos nerviosos, acortamientos musculares y empobrecimiento de la densidad de la masa \u00f3sea. La clave de YBR\u00ae es \u201ccrear espacio\u201d, y el innovador concepto de ESTIMULAR EL HUESO, para relajar el tend\u00f3n al que se une y devolver al m\u00fasculo toda su longitud, por ello decimos que YBR\u00ae logra restablecer de forma efectiva la salud \u00f3sea y neuromuscular. Rodando sobre la [&hellip;]\" \/>\n<meta property=\"og:url\" content=\"https:\/\/jania.org\/web\/actividades\/bodyrolling\/\" \/>\n<meta property=\"og:site_name\" content=\"Jania - Sistema de centros de Energ\u00eda\" \/>\n<meta property=\"article:modified_time\" content=\"2020-11-02T18:13:29+00:00\" \/>\n<meta property=\"og:image\" content=\"https:\/\/jania.org\/web\/wp-content\/uploads\/2015\/09\/bodyrolling.jpg\" \/>\n\t<meta property=\"og:image:width\" content=\"1024\" \/>\n\t<meta property=\"og:image:height\" content=\"426\" \/>\n<meta name=\"twitter:label1\" content=\"Escrito por\">\n\t<meta name=\"twitter:data1\" content=\"Ainhoa\">\n\t<meta name=\"twitter:label2\" content=\"Tiempo de lectura\">\n\t<meta name=\"twitter:data2\" content=\"1 minuto\">\n<script type=\"application\/ld+json\" class=\"yoast-schema-graph\">{\"@context\":\"https:\/\/schema.org\",\"@graph\":[{\"@type\":\"WebSite\",\"@id\":\"https:\/\/jania.org\/web\/#website\",\"url\":\"https:\/\/jania.org\/web\/\",\"name\":\"Jania - Sistema de centros de Energ\\u00eda\",\"description\":\"Sistema de centros de Energ\\u00eda - Din\\u00e1micas corporales\",\"potentialAction\":[{\"@type\":\"SearchAction\",\"target\":\"https:\/\/jania.org\/web\/?s={search_term_string}\",\"query-input\":\"required name=search_term_string\"}],\"inLanguage\":\"es\"},{\"@type\":\"ImageObject\",\"@id\":\"https:\/\/jania.org\/web\/actividades\/bodyrolling\/#primaryimage\",\"inLanguage\":\"es\",\"url\":\"https:\/\/jania.org\/web\/wp-content\/uploads\/2015\/09\/bodyrolling.jpg\",\"width\":1024,\"height\":426,\"caption\":\"bodyrolling\"},{\"@type\":\"WebPage\",\"@id\":\"https:\/\/jania.org\/web\/actividades\/bodyrolling\/#webpage\",\"url\":\"https:\/\/jania.org\/web\/actividades\/bodyrolling\/\",\"name\":\"Body Rolling - Jania - Sistema de centros de Energ\\u00eda\",\"isPartOf\":{\"@id\":\"https:\/\/jania.org\/web\/#website\"},\"primaryImageOfPage\":{\"@id\":\"https:\/\/jania.org\/web\/actividades\/bodyrolling\/#primaryimage\"},\"datePublished\":\"2015-09-13T02:06:10+00:00\",\"dateModified\":\"2020-11-02T18:13:29+00:00\",\"inLanguage\":\"es\",\"potentialAction\":[{\"@type\":\"ReadAction\",\"target\":[\"https:\/\/jania.org\/web\/actividades\/bodyrolling\/\"]}]}]}<\/script>\n<!-- \/ Yoast SEO plugin. -->","_links":{"self":[{"href":"https:\/\/jania.org\/web\/wp-json\/wp\/v2\/pages\/401","targetHints":{"allow":["GET"]}}],"collection":[{"href":"https:\/\/jania.org\/web\/wp-json\/wp\/v2\/pages"}],"about":[{"href":"https:\/\/jania.org\/web\/wp-json\/wp\/v2\/types\/page"}],"author":[{"embeddable":true,"href":"https:\/\/jania.org\/web\/wp-json\/wp\/v2\/users\/1"}],"replies":[{"embeddable":true,"href":"https:\/\/jania.org\/web\/wp-json\/wp\/v2\/comments?post=401"}],"version-history":[{"count":30,"href":"https:\/\/jania.org\/web\/wp-json\/wp\/v2\/pages\/401\/revisions"}],"predecessor-version":[{"id":2956,"href":"https:\/\/jania.org\/web\/wp-json\/wp\/v2\/pages\/401\/revisions\/2956"}],"up":[{"embeddable":true,"href":"https:\/\/jania.org\/web\/wp-json\/wp\/v2\/pages\/42"}],"wp:featuredmedia":[{"embeddable":true,"href":"https:\/\/jania.org\/web\/wp-json\/wp\/v2\/media\/411"}],"wp:attachment":[{"href":"https:\/\/jania.org\/web\/wp-json\/wp\/v2\/media?parent=401"}],"curies":[{"name":"wp","href":"https:\/\/api.w.org\/{rel}","templated":true}]}}