{"id":412,"date":"2015-09-13T04:18:29","date_gmt":"2015-09-13T02:18:29","guid":{"rendered":"https:\/\/jania.org\/web\/?page_id=412"},"modified":"2020-10-29T20:36:25","modified_gmt":"2020-10-29T18:36:25","slug":"chi-kung","status":"publish","type":"page","link":"https:\/\/jania.org\/web\/actividades\/chi-kung\/","title":{"rendered":"Chi Kung"},"content":{"rendered":"<p><strong>Chi Kung TERAP\u00c9UTICO<\/strong><strong>, Curso especializado y avalado por el China Beijing International Acupuncture Training Centre de Pek\u00edn.<\/strong> Esta formaci\u00f3n consta de dos a\u00f1os, se imparte en un domingo al mes de octubre a junio.<\/p>\n<p><strong>Chi Kung ZHAN ZHUAN.<\/strong>\u00a0 <strong>Es la pr\u00e1ctica del desarrollo energ\u00e9tico por excelencia.<\/strong> Este entrenamiento de posturas est\u00e1ticas est\u00e1 dise\u00f1ado para entrenar el sistema energ\u00e9tico de manera integral. Desde la actividad de los \u00f3rganos internos y los meridianos hasta la relaci\u00f3n con la energ\u00eda del cielo y la tierra.<br \/>\n&nbsp;&nbsp;<br \/>\n<div class=\"alert yellow\"><p><strong>Javier Seminario<\/strong><\/p>\n<p><strong>Tfno<\/strong>: 696 449 491<br \/>\n<strong>Email<\/strong>: info@shenqiyi.com<br \/>\n<a href=\"http:\/\/www.shenqiyi.com\">www.shenqiyi.com<\/a><\/p>\n<p><strong><em>HORARIOS<\/em><\/strong><br \/>\n<strong>Un domingo al mes<\/strong><br \/>\n<\/p><\/div><\/p>\n<p>&nbsp;<\/p>\n","protected":false},"excerpt":{"rendered":"<p>Chi Kung TERAP\u00c9UTICO, Curso especializado y avalado por el China Beijing International Acupuncture Training Centre de Pek\u00edn. Esta formaci\u00f3n consta de dos a\u00f1os, se imparte en un domingo al mes de octubre a junio. Chi Kung ZHAN ZHUAN.\u00a0 Es la pr\u00e1ctica del desarrollo energ\u00e9tico por excelencia. Este entrenamiento de posturas est\u00e1ticas est\u00e1 dise\u00f1ado para entrenar el sistema energ\u00e9tico de manera integral. Desde la actividad de los \u00f3rganos internos y los meridianos hasta la relaci\u00f3n con la energ\u00eda del cielo y la tierra. &nbsp;&nbsp; &nbsp;<\/p>\n","protected":false},"author":1,"featured_media":2180,"parent":42,"menu_order":0,"comment_status":"closed","ping_status":"closed","template":"","meta":{"footnotes":""},"class_list":["post-412","page","type-page","status-publish","has-post-thumbnail","hentry"],"yoast_head":"<!-- This site is optimized with the Yoast SEO plugin v15.4 - https:\/\/yoast.com\/wordpress\/plugins\/seo\/ -->\n<meta name=\"robots\" content=\"index, follow, max-snippet:-1, max-image-preview:large, max-video-preview:-1\" \/>\n<link rel=\"canonical\" href=\"https:\/\/jania.org\/web\/actividades\/chi-kung\/\" \/>\n<meta property=\"og:locale\" content=\"es_ES\" \/>\n<meta property=\"og:type\" content=\"article\" \/>\n<meta property=\"og:title\" content=\"Chi Kung - Jania - Sistema de centros de Energ\u00eda\" \/>\n<meta property=\"og:description\" content=\"Chi Kung TERAP\u00c9UTICO, Curso especializado y avalado por el China Beijing International Acupuncture Training Centre de Pek\u00edn. Esta formaci\u00f3n consta de dos a\u00f1os, se imparte en un domingo al mes de octubre a junio. Chi Kung ZHAN ZHUAN.\u00a0 Es la pr\u00e1ctica del desarrollo energ\u00e9tico por excelencia. Este entrenamiento de posturas est\u00e1ticas est\u00e1 dise\u00f1ado para entrenar el sistema energ\u00e9tico de manera integral. Desde la actividad de los \u00f3rganos internos y los meridianos hasta la relaci\u00f3n con la energ\u00eda del cielo y la tierra. &nbsp;&nbsp; &nbsp;\" \/>\n<meta property=\"og:url\" content=\"https:\/\/jania.org\/web\/actividades\/chi-kung\/\" \/>\n<meta property=\"og:site_name\" content=\"Jania - Sistema de centros de Energ\u00eda\" \/>\n<meta property=\"article:modified_time\" content=\"2020-10-29T18:36:25+00:00\" \/>\n<meta property=\"og:image\" content=\"https:\/\/jania.org\/web\/wp-content\/uploads\/2018\/09\/chikung.jpg\" \/>\n\t<meta property=\"og:image:width\" content=\"1024\" \/>\n\t<meta property=\"og:image:height\" content=\"618\" \/>\n<meta name=\"twitter:label1\" content=\"Escrito por\">\n\t<meta name=\"twitter:data1\" content=\"Ainhoa\">\n\t<meta name=\"twitter:label2\" content=\"Tiempo de lectura\">\n\t<meta name=\"twitter:data2\" content=\"0 minutos\">\n<script type=\"application\/ld+json\" class=\"yoast-schema-graph\">{\"@context\":\"https:\/\/schema.org\",\"@graph\":[{\"@type\":\"WebSite\",\"@id\":\"https:\/\/jania.org\/web\/#website\",\"url\":\"https:\/\/jania.org\/web\/\",\"name\":\"Jania - Sistema de centros de Energ\\u00eda\",\"description\":\"Sistema de centros de Energ\\u00eda - Din\\u00e1micas corporales\",\"potentialAction\":[{\"@type\":\"SearchAction\",\"target\":\"https:\/\/jania.org\/web\/?s={search_term_string}\",\"query-input\":\"required name=search_term_string\"}],\"inLanguage\":\"es\"},{\"@type\":\"ImageObject\",\"@id\":\"https:\/\/jania.org\/web\/actividades\/chi-kung\/#primaryimage\",\"inLanguage\":\"es\",\"url\":\"https:\/\/jania.org\/web\/wp-content\/uploads\/2018\/09\/chikung.jpg\",\"width\":1024,\"height\":618,\"caption\":\"Chi Kung\"},{\"@type\":\"WebPage\",\"@id\":\"https:\/\/jania.org\/web\/actividades\/chi-kung\/#webpage\",\"url\":\"https:\/\/jania.org\/web\/actividades\/chi-kung\/\",\"name\":\"Chi Kung - Jania - Sistema de centros de Energ\\u00eda\",\"isPartOf\":{\"@id\":\"https:\/\/jania.org\/web\/#website\"},\"primaryImageOfPage\":{\"@id\":\"https:\/\/jania.org\/web\/actividades\/chi-kung\/#primaryimage\"},\"datePublished\":\"2015-09-13T02:18:29+00:00\",\"dateModified\":\"2020-10-29T18:36:25+00:00\",\"inLanguage\":\"es\",\"potentialAction\":[{\"@type\":\"ReadAction\",\"target\":[\"https:\/\/jania.org\/web\/actividades\/chi-kung\/\"]}]}]}<\/script>\n<!-- \/ Yoast SEO plugin. -->","_links":{"self":[{"href":"https:\/\/jania.org\/web\/wp-json\/wp\/v2\/pages\/412","targetHints":{"allow":["GET"]}}],"collection":[{"href":"https:\/\/jania.org\/web\/wp-json\/wp\/v2\/pages"}],"about":[{"href":"https:\/\/jania.org\/web\/wp-json\/wp\/v2\/types\/page"}],"author":[{"embeddable":true,"href":"https:\/\/jania.org\/web\/wp-json\/wp\/v2\/users\/1"}],"replies":[{"embeddable":true,"href":"https:\/\/jania.org\/web\/wp-json\/wp\/v2\/comments?post=412"}],"version-history":[{"count":13,"href":"https:\/\/jania.org\/web\/wp-json\/wp\/v2\/pages\/412\/revisions"}],"predecessor-version":[{"id":2919,"href":"https:\/\/jania.org\/web\/wp-json\/wp\/v2\/pages\/412\/revisions\/2919"}],"up":[{"embeddable":true,"href":"https:\/\/jania.org\/web\/wp-json\/wp\/v2\/pages\/42"}],"wp:featuredmedia":[{"embeddable":true,"href":"https:\/\/jania.org\/web\/wp-json\/wp\/v2\/media\/2180"}],"wp:attachment":[{"href":"https:\/\/jania.org\/web\/wp-json\/wp\/v2\/media?parent=412"}],"curies":[{"name":"wp","href":"https:\/\/api.w.org\/{rel}","templated":true}]}}