{"id":42,"date":"2015-08-17T19:04:13","date_gmt":"2015-08-17T17:04:13","guid":{"rendered":"https:\/\/jania.org\/web\/?page_id=42"},"modified":"2020-11-02T20:12:06","modified_gmt":"2020-11-02T18:12:06","slug":"actividades","status":"publish","type":"page","link":"https:\/\/jania.org\/web\/actividades\/","title":{"rendered":"Clases semanales"},"content":{"rendered":"<p>Contamos con <strong>clases semanales<\/strong> de <a href=\"https:\/\/jania.org\/web\/actividades\/yoga-iyengar\/\">Yoga Iyengar<\/a>, <a href=\"https:\/\/jania.org\/web\/actividades\/bodyrolling\/\">Body Rolling<\/a>, Biodanza, <a href=\"https:\/\/jania.org\/web\/actividades\/estiramientos\/\">Estiramientos con Conciencia<\/a>, <a href=\"https:\/\/jania.org\/web\/actividades\/movimiento-de-centros-de-energia\/\">Movimiento de Centros de Energ\u00eda<\/a>, <a href=\"https:\/\/jania.org\/web\/actividades\/ballet-clasico\/\">Ballet Cl\u00e1sico<\/a>, <a href=\"https:\/\/jania.org\/web\/actividades\/movimiento-creativo-para-ninos-y-adultos\/\">Movimiento creativo para ni\u00f1os, adolescentes y adultos<\/a>, 5Ritmos, Pilates, <a href=\"https:\/\/jania.org\/web\/actividades\/feldenkrais-y-abdominales-sin-riesgo\/\">Feldenkrais &#8211; Abdominales sin Riesgo<\/a>.<\/p>\n<p>&nbsp;<\/p>\n<p style=\"text-align: center;\"><a class=\"descargar-horarios\" href=\"https:\/\/jania.org\/web\/wp-content\/pdf\/horarios2020-2021.pdf\" target=\"blank\" rel=\"noopener noreferrer\">Ver horarios <\/a><\/p>\n<p>&nbsp;<\/p>\n","protected":false},"excerpt":{"rendered":"<p>Contamos con clases semanales de Yoga Iyengar, Body Rolling, Biodanza, Estiramientos con Conciencia, Movimiento de Centros de Energ\u00eda, Ballet Cl\u00e1sico, Movimiento creativo para ni\u00f1os, adolescentes y adultos, 5Ritmos, Pilates, Feldenkrais &#8211; Abdominales sin Riesgo. &nbsp; Ver horarios &nbsp;<\/p>\n","protected":false},"author":1,"featured_media":199,"parent":0,"menu_order":0,"comment_status":"closed","ping_status":"closed","template":"","meta":{"footnotes":""},"class_list":["post-42","page","type-page","status-publish","has-post-thumbnail","hentry"],"yoast_head":"<!-- This site is optimized with the Yoast SEO plugin v15.4 - https:\/\/yoast.com\/wordpress\/plugins\/seo\/ -->\n<meta name=\"robots\" content=\"index, follow, max-snippet:-1, max-image-preview:large, max-video-preview:-1\" \/>\n<link rel=\"canonical\" href=\"https:\/\/jania.org\/web\/actividades\/\" \/>\n<meta property=\"og:locale\" content=\"es_ES\" \/>\n<meta property=\"og:type\" content=\"article\" \/>\n<meta property=\"og:title\" content=\"Clases semanales - Jania - Sistema de centros de Energ\u00eda\" \/>\n<meta property=\"og:description\" content=\"Contamos con clases semanales de Yoga Iyengar, Body Rolling, Biodanza, Estiramientos con Conciencia, Movimiento de Centros de Energ\u00eda, Ballet Cl\u00e1sico, Movimiento creativo para ni\u00f1os, adolescentes y adultos, 5Ritmos, Pilates, Feldenkrais &#8211; Abdominales sin Riesgo. &nbsp; Ver horarios &nbsp;\" \/>\n<meta property=\"og:url\" content=\"https:\/\/jania.org\/web\/actividades\/\" \/>\n<meta property=\"og:site_name\" content=\"Jania - Sistema de centros de Energ\u00eda\" \/>\n<meta property=\"article:modified_time\" content=\"2020-11-02T18:12:06+00:00\" \/>\n<meta property=\"og:image\" content=\"https:\/\/jania.org\/web\/wp-content\/uploads\/2015\/08\/actividades.jpg\" \/>\n\t<meta property=\"og:image:width\" content=\"1024\" \/>\n\t<meta property=\"og:image:height\" content=\"449\" \/>\n<meta name=\"twitter:label1\" content=\"Escrito por\">\n\t<meta name=\"twitter:data1\" content=\"Ainhoa\">\n\t<meta name=\"twitter:label2\" content=\"Tiempo de lectura\">\n\t<meta name=\"twitter:data2\" content=\"0 minutos\">\n<script type=\"application\/ld+json\" class=\"yoast-schema-graph\">{\"@context\":\"https:\/\/schema.org\",\"@graph\":[{\"@type\":\"WebSite\",\"@id\":\"https:\/\/jania.org\/web\/#website\",\"url\":\"https:\/\/jania.org\/web\/\",\"name\":\"Jania - Sistema de centros de Energ\\u00eda\",\"description\":\"Sistema de centros de Energ\\u00eda - Din\\u00e1micas corporales\",\"potentialAction\":[{\"@type\":\"SearchAction\",\"target\":\"https:\/\/jania.org\/web\/?s={search_term_string}\",\"query-input\":\"required name=search_term_string\"}],\"inLanguage\":\"es\"},{\"@type\":\"ImageObject\",\"@id\":\"https:\/\/jania.org\/web\/actividades\/#primaryimage\",\"inLanguage\":\"es\",\"url\":\"https:\/\/jania.org\/web\/wp-content\/uploads\/2015\/08\/actividades.jpg\",\"width\":1024,\"height\":449,\"caption\":\"Actividades\"},{\"@type\":\"WebPage\",\"@id\":\"https:\/\/jania.org\/web\/actividades\/#webpage\",\"url\":\"https:\/\/jania.org\/web\/actividades\/\",\"name\":\"Clases semanales - Jania - Sistema de centros de Energ\\u00eda\",\"isPartOf\":{\"@id\":\"https:\/\/jania.org\/web\/#website\"},\"primaryImageOfPage\":{\"@id\":\"https:\/\/jania.org\/web\/actividades\/#primaryimage\"},\"datePublished\":\"2015-08-17T17:04:13+00:00\",\"dateModified\":\"2020-11-02T18:12:06+00:00\",\"inLanguage\":\"es\",\"potentialAction\":[{\"@type\":\"ReadAction\",\"target\":[\"https:\/\/jania.org\/web\/actividades\/\"]}]}]}<\/script>\n<!-- \/ Yoast SEO plugin. -->","_links":{"self":[{"href":"https:\/\/jania.org\/web\/wp-json\/wp\/v2\/pages\/42","targetHints":{"allow":["GET"]}}],"collection":[{"href":"https:\/\/jania.org\/web\/wp-json\/wp\/v2\/pages"}],"about":[{"href":"https:\/\/jania.org\/web\/wp-json\/wp\/v2\/types\/page"}],"author":[{"embeddable":true,"href":"https:\/\/jania.org\/web\/wp-json\/wp\/v2\/users\/1"}],"replies":[{"embeddable":true,"href":"https:\/\/jania.org\/web\/wp-json\/wp\/v2\/comments?post=42"}],"version-history":[{"count":34,"href":"https:\/\/jania.org\/web\/wp-json\/wp\/v2\/pages\/42\/revisions"}],"predecessor-version":[{"id":2955,"href":"https:\/\/jania.org\/web\/wp-json\/wp\/v2\/pages\/42\/revisions\/2955"}],"wp:featuredmedia":[{"embeddable":true,"href":"https:\/\/jania.org\/web\/wp-json\/wp\/v2\/media\/199"}],"wp:attachment":[{"href":"https:\/\/jania.org\/web\/wp-json\/wp\/v2\/media?parent=42"}],"curies":[{"name":"wp","href":"https:\/\/api.w.org\/{rel}","templated":true}]}}