{"id":422,"date":"2015-09-13T04:24:59","date_gmt":"2015-09-13T02:24:59","guid":{"rendered":"https:\/\/jania.org\/web\/?page_id=422"},"modified":"2020-11-02T20:16:51","modified_gmt":"2020-11-02T18:16:51","slug":"solucionar-problemas-visuales-metodo-bates","status":"publish","type":"page","link":"https:\/\/jania.org\/web\/actividades\/solucionar-problemas-visuales-metodo-bates\/","title":{"rendered":"Reeducaci\u00f3n visual: M\u00e9todo Bates"},"content":{"rendered":"<p>Los <strong>problemas visuales<\/strong> no son defectos f\u00edsicos ni enfermedades de los ojos sino <strong>malas costumbres<\/strong>. Si al mirar ponemos tensi\u00f3n, rigidez y esfuerzo en nuestros ojos y nuestra mente, acabamos generando visi\u00f3n borrosa. Nuestros pensamientos, emociones, vivencias y formas de ver el mundo y a nosotros mismos influyen directamente en nuestra visi\u00f3n.<\/p>\n<p>La <strong>reeducaci\u00f3n visual<\/strong> es un m\u00e9todo natural que permite la <strong>mejora de la visi\u00f3n<\/strong> a trav\u00e9s de la relajaci\u00f3n, el movimiento y un cambio de h\u00e1bitos visuales. Se ense\u00f1a a <strong>ver bien de nuevo<\/strong> de una forma agradable y placentera, partiendo de hacer conscientes tus h\u00e1bitos visuales actuales y modific\u00e1ndolos poco a poco por otros m\u00e1s armoniosos y relajados. Es un <strong>m\u00e9todo sencillo<\/strong> que est\u00e1 al alcance de todos. S\u00f3lo se necesita un poco de voluntad y ganas.<\/p>\n<p>Indicada en casos de:<\/p>\n<ul>\n<li><strong>Miop\u00eda<\/strong>: Globo ocular alargado y tensi\u00f3n excesiva del cristalino: se ve mal de lejos.<\/li>\n<li><strong>Hipermetrop\u00eda<\/strong>: Globo ocular corto y falta de tensi\u00f3n del cristalino: se ve mal de cerca.<\/li>\n<li><strong>Astigmatismo<\/strong>: Curvatura irregular de la c\u00f3rnea: se ve mal a cualquier distancia.<\/li>\n<li><strong>Presbicia<\/strong>: Rigidez del cristalino: se ve mal sobre todo de cerca.<\/li>\n<li><strong>Estrabismo<\/strong>: Ojos descoordinados, visi\u00f3n doble o monocular.<\/li>\n<\/ul>\n<p>&nbsp;<\/p>\n<div class=\"alert yellow\"><p><strong>Arantza G\u00f3mez Querejeta<\/strong><\/p>\n<p>Tfno: 679 165 603<br \/>\nEmail: ikusberri.bates@gmail.com<\/p>\n<p><strong>SABADOS: De 10:00 a 14:00<\/strong><\/p>\n<p><strong><em>CHARLAS \u2013 TALLERES \u2013 SESIONES INDIVIDUALES Ni\u00f1os y Adultos.<\/em><\/strong><\/p>\n<p><\/p><\/div>\n<p>&nbsp;<\/p>\n<p style=\"text-align: center;\"><a class=\"descargar-horarios\" href=\"https:\/\/jania.org\/web\/wp-content\/pdf\/horarios2020-2021.pdf\" target=\"blank\" rel=\"noopener noreferrer\">Ver horarios <\/a><\/p>\n<p>&nbsp;<\/p>\n","protected":false},"excerpt":{"rendered":"<p>Los problemas visuales no son defectos f\u00edsicos ni enfermedades de los ojos sino malas costumbres. Si al mirar ponemos tensi\u00f3n, rigidez y esfuerzo en nuestros ojos y nuestra mente, acabamos generando visi\u00f3n borrosa. Nuestros pensamientos, emociones, vivencias y formas de ver el mundo y a nosotros mismos influyen directamente en nuestra visi\u00f3n. La reeducaci\u00f3n visual es un m\u00e9todo natural que permite la mejora de la visi\u00f3n a trav\u00e9s de la relajaci\u00f3n, el movimiento y un cambio de h\u00e1bitos visuales. Se ense\u00f1a a ver bien de nuevo de una forma agradable y placentera, partiendo de hacer conscientes tus h\u00e1bitos visuales actuales [&hellip;]<\/p>\n","protected":false},"author":1,"featured_media":688,"parent":42,"menu_order":0,"comment_status":"closed","ping_status":"closed","template":"","meta":{"footnotes":""},"class_list":["post-422","page","type-page","status-publish","has-post-thumbnail","hentry"],"yoast_head":"<!-- This site is optimized with the Yoast SEO plugin v15.4 - https:\/\/yoast.com\/wordpress\/plugins\/seo\/ -->\n<meta name=\"robots\" content=\"index, follow, max-snippet:-1, max-image-preview:large, max-video-preview:-1\" \/>\n<link rel=\"canonical\" href=\"https:\/\/jania.org\/web\/actividades\/solucionar-problemas-visuales-metodo-bates\/\" \/>\n<meta property=\"og:locale\" content=\"es_ES\" \/>\n<meta property=\"og:type\" content=\"article\" \/>\n<meta property=\"og:title\" content=\"Reeducaci\u00f3n visual: M\u00e9todo Bates - Jania - Sistema de centros de Energ\u00eda\" \/>\n<meta property=\"og:description\" content=\"Los problemas visuales no son defectos f\u00edsicos ni enfermedades de los ojos sino malas costumbres. Si al mirar ponemos tensi\u00f3n, rigidez y esfuerzo en nuestros ojos y nuestra mente, acabamos generando visi\u00f3n borrosa. Nuestros pensamientos, emociones, vivencias y formas de ver el mundo y a nosotros mismos influyen directamente en nuestra visi\u00f3n. La reeducaci\u00f3n visual es un m\u00e9todo natural que permite la mejora de la visi\u00f3n a trav\u00e9s de la relajaci\u00f3n, el movimiento y un cambio de h\u00e1bitos visuales. Se ense\u00f1a a ver bien de nuevo de una forma agradable y placentera, partiendo de hacer conscientes tus h\u00e1bitos visuales actuales [&hellip;]\" \/>\n<meta property=\"og:url\" content=\"https:\/\/jania.org\/web\/actividades\/solucionar-problemas-visuales-metodo-bates\/\" \/>\n<meta property=\"og:site_name\" content=\"Jania - Sistema de centros de Energ\u00eda\" \/>\n<meta property=\"article:modified_time\" content=\"2020-11-02T18:16:51+00:00\" \/>\n<meta property=\"og:image\" content=\"https:\/\/jania.org\/web\/wp-content\/uploads\/2015\/09\/bates.jpg\" \/>\n\t<meta property=\"og:image:width\" content=\"920\" \/>\n\t<meta property=\"og:image:height\" content=\"505\" \/>\n<meta name=\"twitter:label1\" content=\"Escrito por\">\n\t<meta name=\"twitter:data1\" content=\"Ainhoa\">\n\t<meta name=\"twitter:label2\" content=\"Tiempo de lectura\">\n\t<meta name=\"twitter:data2\" content=\"1 minuto\">\n<script type=\"application\/ld+json\" class=\"yoast-schema-graph\">{\"@context\":\"https:\/\/schema.org\",\"@graph\":[{\"@type\":\"WebSite\",\"@id\":\"https:\/\/jania.org\/web\/#website\",\"url\":\"https:\/\/jania.org\/web\/\",\"name\":\"Jania - Sistema de centros de Energ\\u00eda\",\"description\":\"Sistema de centros de Energ\\u00eda - Din\\u00e1micas corporales\",\"potentialAction\":[{\"@type\":\"SearchAction\",\"target\":\"https:\/\/jania.org\/web\/?s={search_term_string}\",\"query-input\":\"required name=search_term_string\"}],\"inLanguage\":\"es\"},{\"@type\":\"ImageObject\",\"@id\":\"https:\/\/jania.org\/web\/actividades\/solucionar-problemas-visuales-metodo-bates\/#primaryimage\",\"inLanguage\":\"es\",\"url\":\"https:\/\/jania.org\/web\/wp-content\/uploads\/2015\/09\/bates.jpg\",\"width\":920,\"height\":505,\"caption\":\"gafas metodo bates\"},{\"@type\":\"WebPage\",\"@id\":\"https:\/\/jania.org\/web\/actividades\/solucionar-problemas-visuales-metodo-bates\/#webpage\",\"url\":\"https:\/\/jania.org\/web\/actividades\/solucionar-problemas-visuales-metodo-bates\/\",\"name\":\"Reeducaci\\u00f3n visual: M\\u00e9todo Bates - Jania - Sistema de centros de Energ\\u00eda\",\"isPartOf\":{\"@id\":\"https:\/\/jania.org\/web\/#website\"},\"primaryImageOfPage\":{\"@id\":\"https:\/\/jania.org\/web\/actividades\/solucionar-problemas-visuales-metodo-bates\/#primaryimage\"},\"datePublished\":\"2015-09-13T02:24:59+00:00\",\"dateModified\":\"2020-11-02T18:16:51+00:00\",\"inLanguage\":\"es\",\"potentialAction\":[{\"@type\":\"ReadAction\",\"target\":[\"https:\/\/jania.org\/web\/actividades\/solucionar-problemas-visuales-metodo-bates\/\"]}]}]}<\/script>\n<!-- \/ Yoast SEO plugin. -->","_links":{"self":[{"href":"https:\/\/jania.org\/web\/wp-json\/wp\/v2\/pages\/422","targetHints":{"allow":["GET"]}}],"collection":[{"href":"https:\/\/jania.org\/web\/wp-json\/wp\/v2\/pages"}],"about":[{"href":"https:\/\/jania.org\/web\/wp-json\/wp\/v2\/types\/page"}],"author":[{"embeddable":true,"href":"https:\/\/jania.org\/web\/wp-json\/wp\/v2\/users\/1"}],"replies":[{"embeddable":true,"href":"https:\/\/jania.org\/web\/wp-json\/wp\/v2\/comments?post=422"}],"version-history":[{"count":10,"href":"https:\/\/jania.org\/web\/wp-json\/wp\/v2\/pages\/422\/revisions"}],"predecessor-version":[{"id":2961,"href":"https:\/\/jania.org\/web\/wp-json\/wp\/v2\/pages\/422\/revisions\/2961"}],"up":[{"embeddable":true,"href":"https:\/\/jania.org\/web\/wp-json\/wp\/v2\/pages\/42"}],"wp:featuredmedia":[{"embeddable":true,"href":"https:\/\/jania.org\/web\/wp-json\/wp\/v2\/media\/688"}],"wp:attachment":[{"href":"https:\/\/jania.org\/web\/wp-json\/wp\/v2\/media?parent=422"}],"curies":[{"name":"wp","href":"https:\/\/api.w.org\/{rel}","templated":true}]}}