{"id":50,"date":"2015-08-17T19:07:37","date_gmt":"2015-08-17T17:07:37","guid":{"rendered":"https:\/\/jania.org\/web\/?page_id=50"},"modified":"2020-12-10T00:29:47","modified_gmt":"2020-12-09T22:29:47","slug":"sistema-de-centros-de-energia","status":"publish","type":"page","link":"https:\/\/jania.org\/web\/sistema-de-centros-de-energia\/","title":{"rendered":"Qu\u00e9 es el Sistema de Centros de Energ\u00eda"},"content":{"rendered":"<blockquote><p>Si las emociones no se exteriorizan, si no se expresan, nos enferman, nos envejecen y nos sentimos infelices<\/p><\/blockquote>\n<p><div class=\"column one_third\"><img loading=\"lazy\" decoding=\"async\" src=\"https:\/\/jania.org\/web\/wp-content\/imagenes\/hugo-ardiles.jpg\" alt=\"Hugo Ardiles\" width=\"203\" height=\"297\" \/><\/div><div class=\"column two_third last\">As\u00ed expresa el <a href=\"https:\/\/jania.org\/web\/hugo-ardiles\/\">Dr. Hugo Ardiles<\/a> la base del SCE-Sistema de Centros de Energ\u00eda. La terapia corporal que ayuda a expresar las emociones contenidas en nuestro interior a trav\u00e9s de la m\u00fasica y el movimiento expresivo como forma de desarrollar el equilibrio entre salud f\u00edsica, psicol\u00f3gica y espiritual de cada persona.<\/p>\n<p>El <a href=\"https:\/\/jania.org\/web\/hugo-ardiles\/\">Dr. Hugo Ardiles<\/a>, m\u00e9dico, home\u00f3pata y m\u00fasico, cre\u00f3 y desarroll\u00f3 el <a href=\"https:\/\/jania.org\/web\/sistema-de-centros-de-energia\/\">Sistema de Centros de Energ\u00eda<\/a> en 1966. Ardiles cre\u00eda, como Wilhelm Reich, que las emociones no expresadas producen bloqueos y <strong>tensiones<\/strong> en el cuerpo y lo \u2018acorazan\u2019. Pero la gran aportaci\u00f3n de sus investigaciones fue la idea de que tambi\u00e9n existen <strong>corazas<\/strong> emocionales, intelectuales y relacionales. Hablamos de las respuestas automatizadas y repetidas ante una situaci\u00f3n, que nos impiden expresarnos plenamente y bloquean nuestro cuerpo. Estereotipos que limitan la manera de relacionarnos con nosotros mismos y con los dem\u00e1s.<\/div><div class=\"clear\"><\/div><\/p>\n<p>Precisamente la gimnasia del <strong>Sistema de Centros de Energ\u00eda<\/strong> toma como base el trabajo corporal para disolver esas corazas. Una t\u00e9cnica <strong>al alcance de cualquier persona<\/strong> que desee practicarla. En cada sesi\u00f3n se trabaja para desbloquear una parte espec\u00edfica del cuerpo, la mente y el esp\u00edritu a trav\u00e9s de la <strong>m\u00fasica<\/strong>, el <strong>movimiento expresivo<\/strong> y el acompa\u00f1amiento del instructor.<\/p>\n<p><a href=\"https:\/\/jania.org\/web\/hugo-ardiles\/\">Para saber m\u00e1s de su historia y su filosof\u00eda<\/a><\/p>\n<h2>Los 7 Centros de Energ\u00eda<\/h2>\n<p><strong>SCE -Sistema de Centros de Energ\u00eda<\/strong> parte de la idea de que nuestro cuerpo est\u00e1 organizado en siete Centros principales de <strong>Energ\u00eda<\/strong>, un concepto compartido con el Yoga, que llama a estos puntos <strong>chakras<\/strong>. Son como v\u00e1lvulas que regulan nuestra energ\u00eda y la hacen circular. Est\u00e1n ubicados en la cara anterior de nuestro cuerpo. Nacen en la columna vertebral y se abren hacia delante como flores y nosotros llamamos <strong>Centros de Energ\u00eda<\/strong> a las partes del cuerpo que dependen de cada uno de esos chakras.<\/p>\n<p>SCE los considera puntos <strong>esenciales<\/strong> porque organizan y distribuyen la energ\u00eda a trav\u00e9s de nuestro cuerpo. Cuando no existe una buena conexi\u00f3n, una buena circulaci\u00f3n entre ellos, nos enfermamos, envejecemos y nos sentimos infelices.<\/p>\n<p>Tenemos <strong>siete zonas<\/strong> diferentes en nuestro cuerpo y cada una se relaciona con un determinado Centro. Se trata de <strong>unidades funcionales<\/strong> que contienen una gl\u00e1ndula del sistema endocrino, un plexo del sistema neurovegetativo, un grupo muscular y un grupo de \u00f3rganos. Cada centro, en su aspecto org\u00e1nico, se relaciona con un aspecto ps\u00edquico de la persona.<\/p>\n<p>Cada una de estas zonas se vincula con un <strong>Centro de Energ\u00eda<\/strong> espec\u00edfico.<\/p>\n<h2>Las corazas<\/h2>\n<p>El <strong>Dr. Hugo Ardiles<\/strong> enunci\u00f3 la teor\u00eda del <strong>Sistema de Centros de Energ\u00eda<\/strong>, inspirada en el yoga, hacia 1.966. Enseguida se dio cuenta de que lo que obstaculiza el libre fluir de la energ\u00eda a trav\u00e9s del cuerpo son los <strong>bloqueos energ\u00e9ticos<\/strong> que se instalan en nuestro cuerpo y van produciendo dolor, contracturas, enfermedades e infelicidad.<br \/>\nLa respuesta la encontr\u00f3 en la teor\u00eda de las \u2018<strong>corazas musculares<\/strong>\u2019 de Wilhelm Reich. A partir de ah\u00ed, cre\u00f3 una <strong>metodolog\u00eda<\/strong> de <strong>trabajo corporal<\/strong> que permite disolver estas corazas para <strong>devolver la expresi\u00f3n a las emociones<\/strong> enquistadas en el cuerpo.<\/p>\n<p>Las emociones no expresadas van <strong>dando forma<\/strong> a nuestro cuerpo. Nuestra historia, afectos, ideas, todo est\u00e1 registrado, queda grabado en nosotros produciendo estereotipos \u2013yo soy as\u00ed- inconscientes de conducta.<\/p>\n<blockquote><p>Las corazas nos hacen mover siempre igual, pero tambi\u00e9n nos hacen vivir siempre igual y, lo que es a\u00fan peor, pensar igual. En ese sentido nos perjudican, porque no nos permiten cambiar.<\/p><\/blockquote>\n<p>Nuestra Escuela distingue dos tipos de<strong> corazas<\/strong>: las <strong>sanas<\/strong> (o corazas de seguridad) y las <strong>patol\u00f3gicas<\/strong>. Las corazas de seguridad nos permiten resolver bien las dificultades de la vida. Las patol\u00f3gicas se formaron como defensas ante situaciones dif\u00edciles, y si bien nos defendemos con ellas de lo que no podemos resolver, tambi\u00e9n act\u00faan como una armadura a trav\u00e9s de la que no podemos expresar aquello que permanece guardado.<\/p>\n<div class=\"fondo-trans\">\n<p>Distinguimos <strong>tres clases de corazas<\/strong>:<\/p>\n<ul class=\"lista-jania\">\n<li>Corazas <strong>duras<\/strong>.<\/li>\n<li>Corazas <strong>blandas<\/strong>.<\/li>\n<li>Corazas <strong>r\u00edgidas<\/strong>.<\/li>\n<\/ul>\n<p>Si aprendemos a <strong>leer las Corazas<\/strong> en el cuerpo de una persona podremos saber c\u00f3mo es, qu\u00e9 siente, c\u00f3mo ama, qu\u00e9 piensa y crea con su mente. Nuestra propuesta es <strong>dar conexi\u00f3n<\/strong>, <strong>integrar<\/strong> y <strong>tomar conciencia<\/strong> de <strong>estas energ\u00edas<\/strong>, que ya existen en nosotros en potencia y <strong>desarrollarlas<\/strong>.<\/p>\n<\/div>\n<h2 class=\"header-title\">Qui\u00e9n puede practicarlo<\/h2>\n<p>La gimnasia del <a href=\"https:\/\/jania.org\/web\/sistema-de-centros-de-energia\/\">Sistema de Centros de Energ\u00eda<\/a> la pueden practicar <strong>todas las personas<\/strong> que deseen mejorar su salud corporal y aumentar su bienestar emocional. A trav\u00e9s del movimiento expresivo y correctivo y de la m\u00fasica mantendremos j\u00f3venes nuestras articulaciones y flexible nuestra musculatura.<\/p>\n<p>De esta forma <strong>modificaremos la postura<\/strong> y como plantea el Dr. Ardiles <blockquote><p>Daremos una salida, a trav\u00e9s del movimiento, a lo que ha quedado contenido en nuestro cuerpo.<\/p><\/blockquote><\/p>\n<p>Poco a poco se producen <strong>cambios<\/strong>, se recuperan las partes m\u00e1s \u2018olvidadas\u2019 de nuestro cuerpo y comenzamos sentir una nueva <strong>energ\u00eda<\/strong> y unos mejores apoyos en nuestra <strong>posici\u00f3n corporal<\/strong>.<\/p>\n<p>Recuerda que siempre puedes llamar al <strong>94 410 39 49<\/strong> y probar una de nuestras clases.<\/p>\n<h2 class=\"header-title\">Beneficios<\/h2>\n<ul class=\"list check\">\n<li class=\"check\">Desbloquea las articulaciones y la rigidez muscular, recupera la flexibilidad y espontaneidad natural del cuerpo.<\/li>\n<li class=\"check\">Mejora nuestra postura corporal, transforma nuestra energ\u00eda y libera las tensiones, nos hace sentir llenos de energ\u00eda renovadora.<\/li>\n<li class=\"check\">Revitaliza y rejuvenece nuestro sistema \u00f3seo y nuestras articulaciones. Hace m\u00e1s el\u00e1sticos nuestros ligamentos, alarga y fortalece nuestros m\u00fasculos.<\/li>\n<li class=\"check\">Reduce dolores, ya que mejora la postura y la movilidad de la columna que es la base estructural del cuerpo, el canal del sistema nervioso.<\/li>\n<li class=\"check\">Calma la ansiedad y estr\u00e9s, tambi\u00e9n aumenta nuestra concentraci\u00f3n y la relajaci\u00f3n mental.<\/li>\n<\/ul>\n<p>&nbsp;<\/p>\n","protected":false},"excerpt":{"rendered":"<p>Precisamente la gimnasia del Sistema de Centros de Energ\u00eda toma como base el trabajo corporal para disolver esas corazas. Una t\u00e9cnica al alcance de cualquier persona que desee practicarla. En cada sesi\u00f3n se trabaja para desbloquear una parte espec\u00edfica del cuerpo, la mente y el esp\u00edritu a trav\u00e9s de la m\u00fasica, el movimiento expresivo y el acompa\u00f1amiento del instructor. Para saber m\u00e1s de su historia y su filosof\u00eda Los 7 Centros de Energ\u00eda SCE -Sistema de Centros de Energ\u00eda parte de la idea de que nuestro cuerpo est\u00e1 organizado en siete Centros principales de Energ\u00eda, un concepto compartido con el [&hellip;]<\/p>\n","protected":false},"author":1,"featured_media":617,"parent":0,"menu_order":0,"comment_status":"closed","ping_status":"closed","template":"","meta":{"footnotes":""},"class_list":["post-50","page","type-page","status-publish","has-post-thumbnail","hentry"],"yoast_head":"<!-- This site is optimized with the Yoast SEO plugin v15.4 - https:\/\/yoast.com\/wordpress\/plugins\/seo\/ -->\n<meta name=\"robots\" content=\"index, follow, max-snippet:-1, max-image-preview:large, max-video-preview:-1\" \/>\n<link rel=\"canonical\" href=\"https:\/\/jania.org\/web\/sistema-de-centros-de-energia\/\" \/>\n<meta property=\"og:locale\" content=\"es_ES\" \/>\n<meta property=\"og:type\" content=\"article\" \/>\n<meta property=\"og:title\" content=\"Qu\u00e9 es el Sistema de Centros de Energ\u00eda - Jania - Sistema de centros de Energ\u00eda\" \/>\n<meta property=\"og:description\" content=\"Precisamente la gimnasia del Sistema de Centros de Energ\u00eda toma como base el trabajo corporal para disolver esas corazas. Una t\u00e9cnica al alcance de cualquier persona que desee practicarla. En cada sesi\u00f3n se trabaja para desbloquear una parte espec\u00edfica del cuerpo, la mente y el esp\u00edritu a trav\u00e9s de la m\u00fasica, el movimiento expresivo y el acompa\u00f1amiento del instructor. Para saber m\u00e1s de su historia y su filosof\u00eda Los 7 Centros de Energ\u00eda SCE -Sistema de Centros de Energ\u00eda parte de la idea de que nuestro cuerpo est\u00e1 organizado en siete Centros principales de Energ\u00eda, un concepto compartido con el [&hellip;]\" \/>\n<meta property=\"og:url\" content=\"https:\/\/jania.org\/web\/sistema-de-centros-de-energia\/\" \/>\n<meta property=\"og:site_name\" content=\"Jania - Sistema de centros de Energ\u00eda\" \/>\n<meta property=\"article:modified_time\" content=\"2020-12-09T22:29:47+00:00\" \/>\n<meta property=\"og:image\" content=\"https:\/\/jania.org\/web\/wp-content\/uploads\/2015\/08\/sistema-que-es.jpg\" \/>\n\t<meta property=\"og:image:width\" content=\"920\" \/>\n\t<meta property=\"og:image:height\" content=\"349\" \/>\n<meta name=\"twitter:label1\" content=\"Escrito por\">\n\t<meta name=\"twitter:data1\" content=\"Ainhoa\">\n\t<meta name=\"twitter:label2\" content=\"Tiempo de lectura\">\n\t<meta name=\"twitter:data2\" content=\"4 minutos\">\n<script type=\"application\/ld+json\" class=\"yoast-schema-graph\">{\"@context\":\"https:\/\/schema.org\",\"@graph\":[{\"@type\":\"WebSite\",\"@id\":\"https:\/\/jania.org\/web\/#website\",\"url\":\"https:\/\/jania.org\/web\/\",\"name\":\"Jania - Sistema de centros de Energ\\u00eda\",\"description\":\"Sistema de centros de Energ\\u00eda - Din\\u00e1micas corporales\",\"potentialAction\":[{\"@type\":\"SearchAction\",\"target\":\"https:\/\/jania.org\/web\/?s={search_term_string}\",\"query-input\":\"required name=search_term_string\"}],\"inLanguage\":\"es\"},{\"@type\":\"ImageObject\",\"@id\":\"https:\/\/jania.org\/web\/sistema-de-centros-de-energia\/#primaryimage\",\"inLanguage\":\"es\",\"url\":\"https:\/\/jania.org\/web\/wp-content\/uploads\/2015\/08\/sistema-que-es.jpg\",\"width\":920,\"height\":349,\"caption\":\"Sistema de Centros de Energia\"},{\"@type\":\"WebPage\",\"@id\":\"https:\/\/jania.org\/web\/sistema-de-centros-de-energia\/#webpage\",\"url\":\"https:\/\/jania.org\/web\/sistema-de-centros-de-energia\/\",\"name\":\"Qu\\u00e9 es el Sistema de Centros de Energ\\u00eda - Jania - Sistema de centros de Energ\\u00eda\",\"isPartOf\":{\"@id\":\"https:\/\/jania.org\/web\/#website\"},\"primaryImageOfPage\":{\"@id\":\"https:\/\/jania.org\/web\/sistema-de-centros-de-energia\/#primaryimage\"},\"datePublished\":\"2015-08-17T17:07:37+00:00\",\"dateModified\":\"2020-12-09T22:29:47+00:00\",\"inLanguage\":\"es\",\"potentialAction\":[{\"@type\":\"ReadAction\",\"target\":[\"https:\/\/jania.org\/web\/sistema-de-centros-de-energia\/\"]}]}]}<\/script>\n<!-- \/ Yoast SEO plugin. -->","_links":{"self":[{"href":"https:\/\/jania.org\/web\/wp-json\/wp\/v2\/pages\/50","targetHints":{"allow":["GET"]}}],"collection":[{"href":"https:\/\/jania.org\/web\/wp-json\/wp\/v2\/pages"}],"about":[{"href":"https:\/\/jania.org\/web\/wp-json\/wp\/v2\/types\/page"}],"author":[{"embeddable":true,"href":"https:\/\/jania.org\/web\/wp-json\/wp\/v2\/users\/1"}],"replies":[{"embeddable":true,"href":"https:\/\/jania.org\/web\/wp-json\/wp\/v2\/comments?post=50"}],"version-history":[{"count":43,"href":"https:\/\/jania.org\/web\/wp-json\/wp\/v2\/pages\/50\/revisions"}],"predecessor-version":[{"id":3003,"href":"https:\/\/jania.org\/web\/wp-json\/wp\/v2\/pages\/50\/revisions\/3003"}],"wp:featuredmedia":[{"embeddable":true,"href":"https:\/\/jania.org\/web\/wp-json\/wp\/v2\/media\/617"}],"wp:attachment":[{"href":"https:\/\/jania.org\/web\/wp-json\/wp\/v2\/media?parent=50"}],"curies":[{"name":"wp","href":"https:\/\/api.w.org\/{rel}","templated":true}]}}