{"id":608,"date":"2015-09-20T06:12:09","date_gmt":"2015-09-20T04:12:09","guid":{"rendered":"https:\/\/jania.org\/web\/?page_id=608"},"modified":"2017-07-03T03:00:59","modified_gmt":"2017-07-03T01:00:59","slug":"masaje-de-centros-de-energia","status":"publish","type":"page","link":"https:\/\/jania.org\/web\/sistema-de-centros-de-energia\/masaje-de-centros-de-energia\/","title":{"rendered":"Masaje Correctivo Profundo"},"content":{"rendered":"<p>El <strong>Masaje Correctivo Profundo<\/strong> o <strong>Masaje de Centros de Energ\u00eda<\/strong> es una t\u00e9cnica complementaria al Movimiento, con \u00e9l se act\u00faa sobre las capas m\u00e1s profundas de la musculatura y las articulaciones m\u00e1s r\u00edgidas, que no se activan s\u00f3lo a trav\u00e9s de la gimnasia del Movimiento.<\/p>\n<p>Se trata de un masaje <strong>descontracturante, revitalizante y armonizador<\/strong>; distribuye la energ\u00eda del cuerpo, y por lo tanto es <strong>curativo<\/strong>. La principal funci\u00f3n de este tipo de Masaje es producir cambios en la postura corporal para restablecer la circulaci\u00f3n de energ\u00eda en zonas desvitalizadas con el fin de devolverle al m\u00fasculo su flexibilidad y elasticidad natural.<\/p>\n<p>En el masaje de Centros de Energ\u00eda se toman en cuenta las llamadas <em><strong>\u2018l\u00edneas de energ\u00eda\u2019<\/strong><\/em>, que corren por la cara profunda de nuestra piel. As\u00ed mismo utilizamos diferentes t\u00e9cnicas que van desde el <strong>masaje circulatorio<\/strong>, al amasado, la elongaci\u00f3n muscular, el despegado, el trabajo de planos a la apertura y descarga de las l\u00edneas de energ\u00eda.<\/p>\n<p>El Masaje de Centros de Energ\u00eda act\u00faa sobre las <a href=\"https:\/\/jania.org\/web\/el-sistema-de-centros-de-energia\/\">corazas musculares<\/a>, que implican alteraciones cr\u00f3nicas de la musculatura profunda y ocasionan bloqueos musculares y paralizan la energ\u00eda. Cuando estas corazas se disuelven se transforma nuestro modo de estar, sentir y de relacionarnos con la vida y con las personas que nos rodean.<\/p>\n<p>Desde hace m\u00e1s de 50 a\u00f1os trabajamos con este masaje y <strong>formamos instructores<\/strong>; hemos comprobado su eficacia en el <strong>tratamiento de las disfunciones de origen postural<\/strong> y problemas derivados de la <strong>rigidez<\/strong> y el <strong>acortamiento<\/strong> de los <strong>m\u00fasculos vertebrales<\/strong>, que son el origen de: lumbalgias, ci\u00e1tica, protrusi\u00f3n y hernias de disco; lordosis, cifosis, escoliosis; migra\u00f1as, mareos, v\u00e9rtigo y dolor de origen cervical, dolor de espalda, dolor de pies ( pies planos, exceso de arco plantar, juanete); rodillas en valgo y problemas de menisco; estr\u00e9s y sus derivados (insomnio, ansiedad, angustia, depresi\u00f3n, falta de vitalidad).<\/p>\n<p>Comprueba sus beneficios, ll\u00e1manos y <a href=\"https:\/\/jania.org\/web\/formulario-contacto\/\">pide una cita.<\/a><\/p>\n<p>&nbsp;<\/p>\n","protected":false},"excerpt":{"rendered":"<p>El Masaje Correctivo Profundo o Masaje de Centros de Energ\u00eda es una t\u00e9cnica complementaria al Movimiento, con \u00e9l se act\u00faa sobre las capas m\u00e1s profundas de la musculatura y las articulaciones m\u00e1s r\u00edgidas, que no se activan s\u00f3lo a trav\u00e9s de la gimnasia del Movimiento. Se trata de un masaje descontracturante, revitalizante y armonizador; distribuye la energ\u00eda del cuerpo, y por lo tanto es curativo. La principal funci\u00f3n de este tipo de Masaje es producir cambios en la postura corporal para restablecer la circulaci\u00f3n de energ\u00eda en zonas desvitalizadas con el fin de devolverle al m\u00fasculo su flexibilidad y elasticidad [&hellip;]<\/p>\n","protected":false},"author":1,"featured_media":618,"parent":50,"menu_order":0,"comment_status":"closed","ping_status":"closed","template":"","meta":{"footnotes":""},"class_list":["post-608","page","type-page","status-publish","has-post-thumbnail","hentry"],"yoast_head":"<!-- This site is optimized with the Yoast SEO plugin v15.4 - https:\/\/yoast.com\/wordpress\/plugins\/seo\/ -->\n<meta name=\"robots\" content=\"index, follow, max-snippet:-1, max-image-preview:large, max-video-preview:-1\" \/>\n<link rel=\"canonical\" href=\"https:\/\/jania.org\/web\/sistema-de-centros-de-energia\/masaje-de-centros-de-energia\/\" \/>\n<meta property=\"og:locale\" content=\"es_ES\" \/>\n<meta property=\"og:type\" content=\"article\" \/>\n<meta property=\"og:title\" content=\"Masaje Correctivo Profundo - Jania - Sistema de centros de Energ\u00eda\" \/>\n<meta property=\"og:description\" content=\"El Masaje Correctivo Profundo o Masaje de Centros de Energ\u00eda es una t\u00e9cnica complementaria al Movimiento, con \u00e9l se act\u00faa sobre las capas m\u00e1s profundas de la musculatura y las articulaciones m\u00e1s r\u00edgidas, que no se activan s\u00f3lo a trav\u00e9s de la gimnasia del Movimiento. Se trata de un masaje descontracturante, revitalizante y armonizador; distribuye la energ\u00eda del cuerpo, y por lo tanto es curativo. La principal funci\u00f3n de este tipo de Masaje es producir cambios en la postura corporal para restablecer la circulaci\u00f3n de energ\u00eda en zonas desvitalizadas con el fin de devolverle al m\u00fasculo su flexibilidad y elasticidad [&hellip;]\" \/>\n<meta property=\"og:url\" content=\"https:\/\/jania.org\/web\/sistema-de-centros-de-energia\/masaje-de-centros-de-energia\/\" \/>\n<meta property=\"og:site_name\" content=\"Jania - Sistema de centros de Energ\u00eda\" \/>\n<meta property=\"article:modified_time\" content=\"2017-07-03T01:00:59+00:00\" \/>\n<meta property=\"og:image\" content=\"https:\/\/jania.org\/web\/wp-content\/uploads\/2015\/09\/sistema-masaje.jpg\" \/>\n\t<meta property=\"og:image:width\" content=\"920\" \/>\n\t<meta property=\"og:image:height\" content=\"519\" \/>\n<meta name=\"twitter:label1\" content=\"Escrito por\">\n\t<meta name=\"twitter:data1\" content=\"Ainhoa\">\n\t<meta name=\"twitter:label2\" content=\"Tiempo de lectura\">\n\t<meta name=\"twitter:data2\" content=\"1 minuto\">\n<script type=\"application\/ld+json\" class=\"yoast-schema-graph\">{\"@context\":\"https:\/\/schema.org\",\"@graph\":[{\"@type\":\"WebSite\",\"@id\":\"https:\/\/jania.org\/web\/#website\",\"url\":\"https:\/\/jania.org\/web\/\",\"name\":\"Jania - Sistema de centros de Energ\\u00eda\",\"description\":\"Sistema de centros de Energ\\u00eda - Din\\u00e1micas corporales\",\"potentialAction\":[{\"@type\":\"SearchAction\",\"target\":\"https:\/\/jania.org\/web\/?s={search_term_string}\",\"query-input\":\"required name=search_term_string\"}],\"inLanguage\":\"es\"},{\"@type\":\"ImageObject\",\"@id\":\"https:\/\/jania.org\/web\/sistema-de-centros-de-energia\/masaje-de-centros-de-energia\/#primaryimage\",\"inLanguage\":\"es\",\"url\":\"https:\/\/jania.org\/web\/wp-content\/uploads\/2015\/09\/sistema-masaje.jpg\",\"width\":920,\"height\":519,\"caption\":\"Masaje de centros de energia\"},{\"@type\":\"WebPage\",\"@id\":\"https:\/\/jania.org\/web\/sistema-de-centros-de-energia\/masaje-de-centros-de-energia\/#webpage\",\"url\":\"https:\/\/jania.org\/web\/sistema-de-centros-de-energia\/masaje-de-centros-de-energia\/\",\"name\":\"Masaje Correctivo Profundo - Jania - Sistema de centros de Energ\\u00eda\",\"isPartOf\":{\"@id\":\"https:\/\/jania.org\/web\/#website\"},\"primaryImageOfPage\":{\"@id\":\"https:\/\/jania.org\/web\/sistema-de-centros-de-energia\/masaje-de-centros-de-energia\/#primaryimage\"},\"datePublished\":\"2015-09-20T04:12:09+00:00\",\"dateModified\":\"2017-07-03T01:00:59+00:00\",\"inLanguage\":\"es\",\"potentialAction\":[{\"@type\":\"ReadAction\",\"target\":[\"https:\/\/jania.org\/web\/sistema-de-centros-de-energia\/masaje-de-centros-de-energia\/\"]}]}]}<\/script>\n<!-- \/ Yoast SEO plugin. -->","_links":{"self":[{"href":"https:\/\/jania.org\/web\/wp-json\/wp\/v2\/pages\/608","targetHints":{"allow":["GET"]}}],"collection":[{"href":"https:\/\/jania.org\/web\/wp-json\/wp\/v2\/pages"}],"about":[{"href":"https:\/\/jania.org\/web\/wp-json\/wp\/v2\/types\/page"}],"author":[{"embeddable":true,"href":"https:\/\/jania.org\/web\/wp-json\/wp\/v2\/users\/1"}],"replies":[{"embeddable":true,"href":"https:\/\/jania.org\/web\/wp-json\/wp\/v2\/comments?post=608"}],"version-history":[{"count":14,"href":"https:\/\/jania.org\/web\/wp-json\/wp\/v2\/pages\/608\/revisions"}],"predecessor-version":[{"id":1394,"href":"https:\/\/jania.org\/web\/wp-json\/wp\/v2\/pages\/608\/revisions\/1394"}],"up":[{"embeddable":true,"href":"https:\/\/jania.org\/web\/wp-json\/wp\/v2\/pages\/50"}],"wp:featuredmedia":[{"embeddable":true,"href":"https:\/\/jania.org\/web\/wp-json\/wp\/v2\/media\/618"}],"wp:attachment":[{"href":"https:\/\/jania.org\/web\/wp-json\/wp\/v2\/media?parent=608"}],"curies":[{"name":"wp","href":"https:\/\/api.w.org\/{rel}","templated":true}]}}