{"id":834,"date":"2016-01-22T14:32:27","date_gmt":"2016-01-22T12:32:27","guid":{"rendered":"https:\/\/jania.org\/web\/?page_id=834"},"modified":"2018-09-03T09:16:45","modified_gmt":"2018-09-03T07:16:45","slug":"escuela-jania","status":"publish","type":"page","link":"https:\/\/jania.org\/web\/sistema-de-centros-de-energia\/escuela-jania\/","title":{"rendered":"Escuela Jania"},"content":{"rendered":"<p>JANIA es la Escuela del <strong>Sistema de Centros de Energ\u00eda en Bilbao<\/strong>, dirigida por Ana de la Fuente. Uno de nuestros Objetivos es promover el conocimiento y la transmisi\u00f3n de nuestro Sistema, para ello ofrecemos <strong>Cursos Certificados de Masaje y Movimiento<\/strong> en los que formamos a todas las personas interesadas en la salud, el autoconocimiento y el desarrollo personal que lo deseen. La formaci\u00f3n consta de las diferentes t\u00e9cnicas relacionadas con la filosof\u00eda, la teor\u00eda y la pr\u00e1ctica de este sistema \u00fanico. Se desarrolla en cursos intensivos con un sistema de aprendizaje sencillo y pr\u00e1ctico.<\/p>\n<p>A trav\u00e9s de <strong>nuestros cursos<\/strong> podr\u00e1s sumar a tu trabajo profesional nuestra t\u00e9cnica; el Sistema de Centros de Energ\u00eda, SCE, te ayudar\u00e1 a comprender mejor la estructura corporal y personal de tus pacientes o clientes. Ser<strong> instructor certificado<\/strong> en este sistema te permitir\u00e1 trabajar y ayudar a otras personas a sanar sus cuerpos, eliminar sus \u201ccorazas\u201d, desbloquear sus articulaciones y m\u00fasculos y recuperar la flexibilidad y armon\u00eda natural entre el cuerpo y la mente.<br \/>\n<div class=\"column one_half\"><\/p>\n<div class=\"banner-cursos\"><a href=\"https:\/\/jania.org\/web\/curso-masaje-correctivo-profundo\/\"><img loading=\"lazy\" decoding=\"async\" class=\"opacity:1;\" src=\"https:\/\/jania.org\/web\/wp-content\/uploads\/2016\/02\/bn-curso-masaje-correctivo-profundo.jpg\" alt=\"Curso de masaje correctivo profundo\" width=\"267\" height=\"150\" \/><span class=\"titulo-banner-cursos\">Curso de Masaje Correctivo Profundo<\/span><\/a><\/div>\n<p><\/div> <div class=\"column one_half last\"><\/p>\n<div class=\"banner-cursos\"><a href=\"https:\/\/jania.org\/web\/curso-movimiento-centros-de-energia\/\"><img loading=\"lazy\" decoding=\"async\" src=\"https:\/\/jania.org\/web\/wp-content\/uploads\/2016\/02\/bn-curso-movimiento-centros-energia.jpg\" alt=\"Curso de movimiento de Centros de Energia\" width=\"267\" height=\"150\" \/><span class=\"titulo-banner-cursos\">Curso de Movimiento de Centros de Energ\u00eda<\/span><\/a><\/div>\n<p><\/div><div class=\"clear\"><\/div><\/p>\n","protected":false},"excerpt":{"rendered":"<p>JANIA es la Escuela del Sistema de Centros de Energ\u00eda en Bilbao, dirigida por Ana de la Fuente. Uno de nuestros Objetivos es promover el conocimiento y la transmisi\u00f3n de nuestro Sistema, para ello ofrecemos Cursos Certificados de Masaje y Movimiento en los que formamos a todas las personas interesadas en la salud, el autoconocimiento y el desarrollo personal que lo deseen. La formaci\u00f3n consta de las diferentes t\u00e9cnicas relacionadas con la filosof\u00eda, la teor\u00eda y la pr\u00e1ctica de este sistema \u00fanico. Se desarrolla en cursos intensivos con un sistema de aprendizaje sencillo y pr\u00e1ctico. A trav\u00e9s de nuestros cursos [&hellip;]<\/p>\n","protected":false},"author":1,"featured_media":836,"parent":50,"menu_order":0,"comment_status":"closed","ping_status":"closed","template":"","meta":{"footnotes":""},"class_list":["post-834","page","type-page","status-publish","has-post-thumbnail","hentry"],"yoast_head":"<!-- This site is optimized with the Yoast SEO plugin v15.4 - https:\/\/yoast.com\/wordpress\/plugins\/seo\/ -->\n<meta name=\"robots\" content=\"index, follow, max-snippet:-1, max-image-preview:large, max-video-preview:-1\" \/>\n<link rel=\"canonical\" href=\"https:\/\/jania.org\/web\/sistema-de-centros-de-energia\/escuela-jania\/\" \/>\n<meta property=\"og:locale\" content=\"es_ES\" \/>\n<meta property=\"og:type\" content=\"article\" \/>\n<meta property=\"og:title\" content=\"Escuela Jania - Jania - Sistema de centros de Energ\u00eda\" \/>\n<meta property=\"og:description\" content=\"JANIA es la Escuela del Sistema de Centros de Energ\u00eda en Bilbao, dirigida por Ana de la Fuente. Uno de nuestros Objetivos es promover el conocimiento y la transmisi\u00f3n de nuestro Sistema, para ello ofrecemos Cursos Certificados de Masaje y Movimiento en los que formamos a todas las personas interesadas en la salud, el autoconocimiento y el desarrollo personal que lo deseen. La formaci\u00f3n consta de las diferentes t\u00e9cnicas relacionadas con la filosof\u00eda, la teor\u00eda y la pr\u00e1ctica de este sistema \u00fanico. Se desarrolla en cursos intensivos con un sistema de aprendizaje sencillo y pr\u00e1ctico. A trav\u00e9s de nuestros cursos [&hellip;]\" \/>\n<meta property=\"og:url\" content=\"https:\/\/jania.org\/web\/sistema-de-centros-de-energia\/escuela-jania\/\" \/>\n<meta property=\"og:site_name\" content=\"Jania - Sistema de centros de Energ\u00eda\" \/>\n<meta property=\"article:modified_time\" content=\"2018-09-03T07:16:45+00:00\" \/>\n<meta property=\"og:image\" content=\"https:\/\/jania.org\/web\/wp-content\/uploads\/2016\/01\/escuela-sistema-centros-energia.jpg\" \/>\n\t<meta property=\"og:image:width\" content=\"920\" \/>\n\t<meta property=\"og:image:height\" content=\"590\" \/>\n<meta name=\"twitter:label1\" content=\"Escrito por\">\n\t<meta name=\"twitter:data1\" content=\"Ainhoa\">\n\t<meta name=\"twitter:label2\" content=\"Tiempo de lectura\">\n\t<meta name=\"twitter:data2\" content=\"1 minuto\">\n<script type=\"application\/ld+json\" class=\"yoast-schema-graph\">{\"@context\":\"https:\/\/schema.org\",\"@graph\":[{\"@type\":\"WebSite\",\"@id\":\"https:\/\/jania.org\/web\/#website\",\"url\":\"https:\/\/jania.org\/web\/\",\"name\":\"Jania - Sistema de centros de Energ\\u00eda\",\"description\":\"Sistema de centros de Energ\\u00eda - Din\\u00e1micas corporales\",\"potentialAction\":[{\"@type\":\"SearchAction\",\"target\":\"https:\/\/jania.org\/web\/?s={search_term_string}\",\"query-input\":\"required name=search_term_string\"}],\"inLanguage\":\"es\"},{\"@type\":\"ImageObject\",\"@id\":\"https:\/\/jania.org\/web\/sistema-de-centros-de-energia\/escuela-jania\/#primaryimage\",\"inLanguage\":\"es\",\"url\":\"https:\/\/jania.org\/web\/wp-content\/uploads\/2016\/01\/escuela-sistema-centros-energia.jpg\",\"width\":920,\"height\":590,\"caption\":\"Jania escuela del Sistema de Centros de Energ\\u00eda\"},{\"@type\":\"WebPage\",\"@id\":\"https:\/\/jania.org\/web\/sistema-de-centros-de-energia\/escuela-jania\/#webpage\",\"url\":\"https:\/\/jania.org\/web\/sistema-de-centros-de-energia\/escuela-jania\/\",\"name\":\"Escuela Jania - Jania - Sistema de centros de Energ\\u00eda\",\"isPartOf\":{\"@id\":\"https:\/\/jania.org\/web\/#website\"},\"primaryImageOfPage\":{\"@id\":\"https:\/\/jania.org\/web\/sistema-de-centros-de-energia\/escuela-jania\/#primaryimage\"},\"datePublished\":\"2016-01-22T12:32:27+00:00\",\"dateModified\":\"2018-09-03T07:16:45+00:00\",\"inLanguage\":\"es\",\"potentialAction\":[{\"@type\":\"ReadAction\",\"target\":[\"https:\/\/jania.org\/web\/sistema-de-centros-de-energia\/escuela-jania\/\"]}]}]}<\/script>\n<!-- \/ Yoast SEO plugin. -->","_links":{"self":[{"href":"https:\/\/jania.org\/web\/wp-json\/wp\/v2\/pages\/834","targetHints":{"allow":["GET"]}}],"collection":[{"href":"https:\/\/jania.org\/web\/wp-json\/wp\/v2\/pages"}],"about":[{"href":"https:\/\/jania.org\/web\/wp-json\/wp\/v2\/types\/page"}],"author":[{"embeddable":true,"href":"https:\/\/jania.org\/web\/wp-json\/wp\/v2\/users\/1"}],"replies":[{"embeddable":true,"href":"https:\/\/jania.org\/web\/wp-json\/wp\/v2\/comments?post=834"}],"version-history":[{"count":49,"href":"https:\/\/jania.org\/web\/wp-json\/wp\/v2\/pages\/834\/revisions"}],"predecessor-version":[{"id":1519,"href":"https:\/\/jania.org\/web\/wp-json\/wp\/v2\/pages\/834\/revisions\/1519"}],"up":[{"embeddable":true,"href":"https:\/\/jania.org\/web\/wp-json\/wp\/v2\/pages\/50"}],"wp:featuredmedia":[{"embeddable":true,"href":"https:\/\/jania.org\/web\/wp-json\/wp\/v2\/media\/836"}],"wp:attachment":[{"href":"https:\/\/jania.org\/web\/wp-json\/wp\/v2\/media?parent=834"}],"curies":[{"name":"wp","href":"https:\/\/api.w.org\/{rel}","templated":true}]}}