{"id":840,"date":"2016-01-22T14:52:30","date_gmt":"2016-01-22T12:52:30","guid":{"rendered":"https:\/\/jania.org\/web\/?page_id=840"},"modified":"2018-09-03T09:18:31","modified_gmt":"2018-09-03T07:18:31","slug":"curso-masaje-correctivo-profundo","status":"publish","type":"page","link":"https:\/\/jania.org\/web\/sistema-de-centros-de-energia\/curso-masaje-correctivo-profundo\/","title":{"rendered":"Curso Masaje Correctivo Profundo"},"content":{"rendered":"<p>Desde hace m\u00e1s de 50 a\u00f1os trabajamos y <strong>formamos instructores<\/strong> en este tipo de masaje. Conoceremos un conjunto de <strong>t\u00e9cnicas<\/strong> que sirven para descontracturar, revitalizar, armonizar nuestras tensiones corporales y <strong>modificar la postura corporal<\/strong>.<\/p>\n<p>Durante el curso aprenderemos a realizar la <strong>lectura corporal<\/strong> del paciente, aplicaremos diferentes t\u00e9cnicas para lograr restablecer la <strong>circulaci\u00f3n de la energ\u00eda<\/strong> en aquellas zonas m\u00e1s desvitalizada con el objetivo de lograr desbloquear las rigideces articulares y deshacer las contracturas y tensiones en las diferentes capas musculares.<\/p>\n<p>El curso est\u00e1 <strong>indicado<\/strong> para aquellas personas que quieran <strong>conectar con su propia salud y su cuerpo<\/strong>, adem\u00e1s de profesionales que desean ampliar sus conocimientos e integrar otras t\u00e9cnicas en el trabajo diario con sus pacientes.<\/p>\n<div class=\"fondo-trans\">\n<p><span class=\"titulo-banner-cursos\">Curso de Masaje Correctivo Profundo<\/span><\/p>\n<ul class=\"lista-jania\">\n<li>Filosof\u00eda MCP<\/li>\n<li>Pr\u00e1ctica de las diferentes T\u00e9cnicas de Masaje<\/li>\n<li>Anatom\u00eda y Patolog\u00eda<\/li>\n<\/ul>\n<p>&nbsp;<\/p>\n<hr \/>\n<p><strong>Horario Intensivo:<\/strong> Un fin de semana de cada mes.<\/p>\n<\/div>\n<h3>PROGRAMA:<\/h3>\n<p>El desarrollo del programa es <strong>te\u00f3rico-t\u00e9cnico-vivencial<\/strong>, junto con la gu\u00eda y el acompa\u00f1amiento del alumno en el desarrollo de la aptitud y la responsabilidad para trabajar con otras personas.<\/p>\n<ol>\n<li>Tomar <strong>conciencia<\/strong> de la actitud y la postura frente al <strong>contacto<\/strong>.<\/li>\n<li>Desarrollo de la <strong>capacidad emp\u00e1tica<\/strong> y la <strong>comunicaci\u00f3n no verbal<\/strong> en la relaci\u00f3n con el cliente.<\/li>\n<li>Aprendizaje de las distintas <strong>t\u00e9cnicas de masaje<\/strong>.<\/li>\n<li>Conocimientos de<strong> Anatom\u00eda<\/strong>.<\/li>\n<\/ol>\n<h5>APRENDIZAJE:<\/h5>\n<ul>\n<li>De una serie de <strong>t\u00e9cnicas espec\u00edficas para cada parte del cuerpo <\/strong>que permiten modificar la rigidez de la postura y ampliar la visi\u00f3n de la propia vida.<\/li>\n<li>La <strong>observaci\u00f3n<\/strong>, a trav\u00e9s de la lectura corporal, de c\u00f3mo est\u00e1 distribuida la energ\u00eda en el cuerpo, detectando los <strong>bloqueos<\/strong>, las zonas <strong>sobrecargadas<\/strong> o<strong> desvitalizadas<\/strong>, y viendo c\u00f3mo afectan a nuestra expresi\u00f3n vital (f\u00edsica, emocional y mental).<\/li>\n<\/ul>\n<h5>DE CADA CENTRO DE ENERG\u00cdA:<\/h5>\n<ul>\n<li><strong>Aprendizaje<\/strong> de los distintos <strong>masajes<\/strong> y de las distintas<strong> t\u00e9cnicas<\/strong> en cada \u201cCentro\u201d.<\/li>\n<li>Entrenamiento en <strong>Lectura Corporal<\/strong>, mirada global y anal\u00edtica, <strong>detecci\u00f3n de bloqueos y corazas<\/strong>: blandas, duras y r\u00edgidas. Puntos de apoyo naturales y aquellos generadores de problemas y trastornos de salud.<\/li>\n<li><strong>Conocimiento<\/strong> de las disfunciones de cada <strong>centro<\/strong> y del <strong>Masaje Correctivo Profundo<\/strong>.<\/li>\n<\/ul>\n<h5>T\u00c9CNICAS principales que utilizamos:<\/h5>\n<p><strong>Despegado<\/strong> en peque\u00f1os tramos; trabajo de <strong>planos<\/strong>; <strong>amasado<\/strong>; <strong>circulatorio<\/strong> y <strong>apertura<\/strong> de \u201c<strong>l\u00edneas<\/strong> de <strong>energ\u00eda<\/strong>\u201d.<\/p>\n<h5>PR\u00c1CTICA<\/h5>\n<ol>\n<li>De <strong>lectura corporal<\/strong> en peque\u00f1os grupos. <strong>T\u00e9cnica del espejo<\/strong>.<\/li>\n<li>De los <strong>masajes<\/strong> y de las diferentes <strong>t\u00e9cnicas manuales<\/strong> que podemos aplicar a partir de la lectura corporal.<\/li>\n<li>Aprendizaje de la <strong>organizaci\u00f3n de una sesi\u00f3n<\/strong> completa para el desarrollo del masaje.<\/li>\n<\/ol>\n<div class=\"fondo-trans\">\n<p><span class=\"titulo-banner-cursos\">Impartido por:<\/span><\/p>\n<p><strong>ANA DE LA FUENTE:<\/strong> Formada en el Sistema de Movimiento y Masaje de Centros de Energ\u00eda con Hugo Ardiles en Buenos Aires y con Patricia R\u00edos en Barcelona; en el Sistema R\u00edo Abierto en Buenos Aires. Otras formaciones y estudios: Licenciada en Ciencias de la Informaci\u00f3n, Master en Periodismo, Terapia Craneo-Sacral, Manipulaci\u00f3n Visceral, Cadenas Miofasciales,\u00a0 Bodyrolling, Euton\u00eda, \u00a0Feldenkrais, Reiki, Pilates. Instructora de Movimiento y Masaje desde 1.991, dirige actualmente la Formaci\u00f3n de Instructores de Movimiento y Masaje en Bilbao.<br \/>\n&nbsp;<\/p>\n<hr \/>\n<p><strong>ANATOM\u00cdA<\/strong>:\u00a0 16 horas.\u00a0 Prof. <strong>M\u00aa ANGELES RIVAS<\/strong>, m\u00e9dico.<\/p>\n<\/div>\n","protected":false},"excerpt":{"rendered":"<p>Desde hace m\u00e1s de 50 a\u00f1os trabajamos y formamos instructores en este tipo de masaje. Conoceremos un conjunto de t\u00e9cnicas que sirven para descontracturar, revitalizar, armonizar nuestras tensiones corporales y modificar la postura corporal. Durante el curso aprenderemos a realizar la lectura corporal del paciente, aplicaremos diferentes t\u00e9cnicas para lograr restablecer la circulaci\u00f3n de la energ\u00eda en aquellas zonas m\u00e1s desvitalizada con el objetivo de lograr desbloquear las rigideces articulares y deshacer las contracturas y tensiones en las diferentes capas musculares. El curso est\u00e1 indicado para aquellas personas que quieran conectar con su propia salud y su cuerpo, adem\u00e1s de [&hellip;]<\/p>\n","protected":false},"author":1,"featured_media":1016,"parent":50,"menu_order":0,"comment_status":"closed","ping_status":"closed","template":"","meta":{"footnotes":""},"class_list":["post-840","page","type-page","status-publish","has-post-thumbnail","hentry"],"yoast_head":"<!-- This site is optimized with the Yoast SEO plugin v15.4 - https:\/\/yoast.com\/wordpress\/plugins\/seo\/ -->\n<meta name=\"robots\" content=\"index, follow, max-snippet:-1, max-image-preview:large, max-video-preview:-1\" \/>\n<link rel=\"canonical\" href=\"https:\/\/jania.org\/web\/sistema-de-centros-de-energia\/curso-masaje-correctivo-profundo\/\" \/>\n<meta property=\"og:locale\" content=\"es_ES\" \/>\n<meta property=\"og:type\" content=\"article\" \/>\n<meta property=\"og:title\" content=\"Curso Masaje Correctivo Profundo - Jania - Sistema de centros de Energ\u00eda\" \/>\n<meta property=\"og:description\" content=\"Desde hace m\u00e1s de 50 a\u00f1os trabajamos y formamos instructores en este tipo de masaje. Conoceremos un conjunto de t\u00e9cnicas que sirven para descontracturar, revitalizar, armonizar nuestras tensiones corporales y modificar la postura corporal. Durante el curso aprenderemos a realizar la lectura corporal del paciente, aplicaremos diferentes t\u00e9cnicas para lograr restablecer la circulaci\u00f3n de la energ\u00eda en aquellas zonas m\u00e1s desvitalizada con el objetivo de lograr desbloquear las rigideces articulares y deshacer las contracturas y tensiones en las diferentes capas musculares. El curso est\u00e1 indicado para aquellas personas que quieran conectar con su propia salud y su cuerpo, adem\u00e1s de [&hellip;]\" \/>\n<meta property=\"og:url\" content=\"https:\/\/jania.org\/web\/sistema-de-centros-de-energia\/curso-masaje-correctivo-profundo\/\" \/>\n<meta property=\"og:site_name\" content=\"Jania - Sistema de centros de Energ\u00eda\" \/>\n<meta property=\"article:modified_time\" content=\"2018-09-03T07:18:31+00:00\" \/>\n<meta property=\"og:image\" content=\"https:\/\/jania.org\/web\/wp-content\/uploads\/2016\/01\/curso-masaje-correctivo-profundo.jpg\" \/>\n\t<meta property=\"og:image:width\" content=\"920\" \/>\n\t<meta property=\"og:image:height\" content=\"692\" \/>\n<meta name=\"twitter:label1\" content=\"Escrito por\">\n\t<meta name=\"twitter:data1\" content=\"Ainhoa\">\n\t<meta name=\"twitter:label2\" content=\"Tiempo de lectura\">\n\t<meta name=\"twitter:data2\" content=\"2 minutos\">\n<script type=\"application\/ld+json\" class=\"yoast-schema-graph\">{\"@context\":\"https:\/\/schema.org\",\"@graph\":[{\"@type\":\"WebSite\",\"@id\":\"https:\/\/jania.org\/web\/#website\",\"url\":\"https:\/\/jania.org\/web\/\",\"name\":\"Jania - Sistema de centros de Energ\\u00eda\",\"description\":\"Sistema de centros de Energ\\u00eda - Din\\u00e1micas corporales\",\"potentialAction\":[{\"@type\":\"SearchAction\",\"target\":\"https:\/\/jania.org\/web\/?s={search_term_string}\",\"query-input\":\"required name=search_term_string\"}],\"inLanguage\":\"es\"},{\"@type\":\"ImageObject\",\"@id\":\"https:\/\/jania.org\/web\/sistema-de-centros-de-energia\/curso-masaje-correctivo-profundo\/#primaryimage\",\"inLanguage\":\"es\",\"url\":\"https:\/\/jania.org\/web\/wp-content\/uploads\/2016\/01\/curso-masaje-correctivo-profundo.jpg\",\"width\":920,\"height\":692,\"caption\":\"Curso de masaje correctivo profundo\"},{\"@type\":\"WebPage\",\"@id\":\"https:\/\/jania.org\/web\/sistema-de-centros-de-energia\/curso-masaje-correctivo-profundo\/#webpage\",\"url\":\"https:\/\/jania.org\/web\/sistema-de-centros-de-energia\/curso-masaje-correctivo-profundo\/\",\"name\":\"Curso Masaje Correctivo Profundo - Jania - Sistema de centros de Energ\\u00eda\",\"isPartOf\":{\"@id\":\"https:\/\/jania.org\/web\/#website\"},\"primaryImageOfPage\":{\"@id\":\"https:\/\/jania.org\/web\/sistema-de-centros-de-energia\/curso-masaje-correctivo-profundo\/#primaryimage\"},\"datePublished\":\"2016-01-22T12:52:30+00:00\",\"dateModified\":\"2018-09-03T07:18:31+00:00\",\"inLanguage\":\"es\",\"potentialAction\":[{\"@type\":\"ReadAction\",\"target\":[\"https:\/\/jania.org\/web\/sistema-de-centros-de-energia\/curso-masaje-correctivo-profundo\/\"]}]}]}<\/script>\n<!-- \/ Yoast SEO plugin. -->","_links":{"self":[{"href":"https:\/\/jania.org\/web\/wp-json\/wp\/v2\/pages\/840","targetHints":{"allow":["GET"]}}],"collection":[{"href":"https:\/\/jania.org\/web\/wp-json\/wp\/v2\/pages"}],"about":[{"href":"https:\/\/jania.org\/web\/wp-json\/wp\/v2\/types\/page"}],"author":[{"embeddable":true,"href":"https:\/\/jania.org\/web\/wp-json\/wp\/v2\/users\/1"}],"replies":[{"embeddable":true,"href":"https:\/\/jania.org\/web\/wp-json\/wp\/v2\/comments?post=840"}],"version-history":[{"count":34,"href":"https:\/\/jania.org\/web\/wp-json\/wp\/v2\/pages\/840\/revisions"}],"predecessor-version":[{"id":986,"href":"https:\/\/jania.org\/web\/wp-json\/wp\/v2\/pages\/840\/revisions\/986"}],"up":[{"embeddable":true,"href":"https:\/\/jania.org\/web\/wp-json\/wp\/v2\/pages\/50"}],"wp:featuredmedia":[{"embeddable":true,"href":"https:\/\/jania.org\/web\/wp-json\/wp\/v2\/media\/1016"}],"wp:attachment":[{"href":"https:\/\/jania.org\/web\/wp-json\/wp\/v2\/media?parent=840"}],"curies":[{"name":"wp","href":"https:\/\/api.w.org\/{rel}","templated":true}]}}