{"id":874,"date":"2016-01-24T06:42:17","date_gmt":"2016-01-24T04:42:17","guid":{"rendered":"https:\/\/jania.org\/web\/?page_id=874"},"modified":"2020-12-10T00:55:44","modified_gmt":"2020-12-09T22:55:44","slug":"curso-movimiento-centros-de-energia","status":"publish","type":"page","link":"https:\/\/jania.org\/web\/sistema-de-centros-de-energia\/escuela-jania\/curso-movimiento-centros-de-energia\/","title":{"rendered":"Curso Movimiento de Centros de Energ\u00eda"},"content":{"rendered":"<p>El <strong>objetivo<\/strong> de este curso es realizar un <strong>aprendizaje te\u00f3rico, t\u00e9cnico y vivencial<\/strong> del conjunto de <strong>t\u00e9cnicas y herramientas<\/strong> que integran el <strong>Sistema de Centros de Energ\u00eda<\/strong>. Una t\u00e9cnica muy minuciosa de <strong>desarrollo y desbloqueo<\/strong> de cada zona del cuerpo.<\/p>\n<p>Practicaremos esta <strong>gimnasia expresiva y correctiva<\/strong>, as\u00ed mismo experimentaremos la postura de nuestro cuerpo como expresi\u00f3n f\u00edsica de los propios bloqueos y de la propia potencialidad. <\/p>\n<p>Conoceremos los elementos necesarios para una <strong>lectura energ\u00e9tica<\/strong> del cuerpo y finalmente llevaremos a cabo el <strong>aprendizaje<\/strong> que nos permitir\u00e1 m\u00e1s tarde conducir el proceso de otros como instructores.<\/p>\n<div class=\"fondo-trans\">\n<span class=\"titulo-banner-cursos\">Curso de Movimiento de Centros de Energ\u00eda<\/span><\/p>\n<ul class=\"lista-jania\">\n<li>Filosof\u00eda<\/li>\n<li>T\u00e9cnicas de Gimnasia y Movimiento Expresivo<\/li>\n<li>Puntos de apoyo y l\u00edneas de energ\u00eda<\/li>\n<li>La respiraci\u00f3n<\/li>\n<li>Las asanas de Yoga<\/li>\n<li>Teor\u00eda de los Centros de Energ\u00eda<\/li>\n<li>Anatom\u00eda y Patolog\u00eda<\/li>\n<li>M\u00fasica<\/li>\n<li>Grupo Cerrado<\/li>\n<\/ul>\n<p><\/br><\/p>\n<hr \/>\n<p><strong>Horario regular en clase semanal<\/strong>, grupo abierto: Mi\u00e9rcoles de 18:15 a 20:00 horas.<\/p>\n<p><strong>Horario Intensivo:<\/strong> Un fin de semana de cada mes. Grupo cerrado.<\/p>\n<\/div>\n","protected":false},"excerpt":{"rendered":"<p>El objetivo de este curso es realizar un aprendizaje te\u00f3rico, t\u00e9cnico y vivencial del conjunto de t\u00e9cnicas y herramientas que integran el Sistema de Centros de Energ\u00eda. Una t\u00e9cnica muy minuciosa de desarrollo y desbloqueo de cada zona del cuerpo. Practicaremos esta gimnasia expresiva y correctiva, as\u00ed mismo experimentaremos la postura de nuestro cuerpo como expresi\u00f3n f\u00edsica de los propios bloqueos y de la propia potencialidad. Conoceremos los elementos necesarios para una lectura energ\u00e9tica del cuerpo y finalmente llevaremos a cabo el aprendizaje que nos permitir\u00e1 m\u00e1s tarde conducir el proceso de otros como instructores. Curso de Movimiento de Centros [&hellip;]<\/p>\n","protected":false},"author":1,"featured_media":958,"parent":834,"menu_order":0,"comment_status":"closed","ping_status":"closed","template":"","meta":{"footnotes":""},"class_list":["post-874","page","type-page","status-publish","has-post-thumbnail","hentry"],"yoast_head":"<!-- This site is optimized with the Yoast SEO plugin v15.4 - https:\/\/yoast.com\/wordpress\/plugins\/seo\/ -->\n<meta name=\"robots\" content=\"index, follow, max-snippet:-1, max-image-preview:large, max-video-preview:-1\" \/>\n<link rel=\"canonical\" href=\"https:\/\/jania.org\/web\/sistema-de-centros-de-energia\/escuela-jania\/curso-movimiento-centros-de-energia\/\" \/>\n<meta property=\"og:locale\" content=\"es_ES\" \/>\n<meta property=\"og:type\" content=\"article\" \/>\n<meta property=\"og:title\" content=\"Curso Movimiento de Centros de Energ\u00eda - Jania - Sistema de centros de Energ\u00eda\" \/>\n<meta property=\"og:description\" content=\"El objetivo de este curso es realizar un aprendizaje te\u00f3rico, t\u00e9cnico y vivencial del conjunto de t\u00e9cnicas y herramientas que integran el Sistema de Centros de Energ\u00eda. Una t\u00e9cnica muy minuciosa de desarrollo y desbloqueo de cada zona del cuerpo. Practicaremos esta gimnasia expresiva y correctiva, as\u00ed mismo experimentaremos la postura de nuestro cuerpo como expresi\u00f3n f\u00edsica de los propios bloqueos y de la propia potencialidad. Conoceremos los elementos necesarios para una lectura energ\u00e9tica del cuerpo y finalmente llevaremos a cabo el aprendizaje que nos permitir\u00e1 m\u00e1s tarde conducir el proceso de otros como instructores. Curso de Movimiento de Centros [&hellip;]\" \/>\n<meta property=\"og:url\" content=\"https:\/\/jania.org\/web\/sistema-de-centros-de-energia\/escuela-jania\/curso-movimiento-centros-de-energia\/\" \/>\n<meta property=\"og:site_name\" content=\"Jania - Sistema de centros de Energ\u00eda\" \/>\n<meta property=\"article:modified_time\" content=\"2020-12-09T22:55:44+00:00\" \/>\n<meta property=\"og:image\" content=\"https:\/\/jania.org\/web\/wp-content\/uploads\/2016\/01\/curso-movimiento-centros-energia.jpg\" \/>\n\t<meta property=\"og:image:width\" content=\"920\" \/>\n\t<meta property=\"og:image:height\" content=\"349\" \/>\n<meta name=\"twitter:label1\" content=\"Escrito por\">\n\t<meta name=\"twitter:data1\" content=\"Ainhoa\">\n\t<meta name=\"twitter:label2\" content=\"Tiempo de lectura\">\n\t<meta name=\"twitter:data2\" content=\"1 minuto\">\n<script type=\"application\/ld+json\" class=\"yoast-schema-graph\">{\"@context\":\"https:\/\/schema.org\",\"@graph\":[{\"@type\":\"WebSite\",\"@id\":\"https:\/\/jania.org\/web\/#website\",\"url\":\"https:\/\/jania.org\/web\/\",\"name\":\"Jania - Sistema de centros de Energ\\u00eda\",\"description\":\"Sistema de centros de Energ\\u00eda - Din\\u00e1micas corporales\",\"potentialAction\":[{\"@type\":\"SearchAction\",\"target\":\"https:\/\/jania.org\/web\/?s={search_term_string}\",\"query-input\":\"required name=search_term_string\"}],\"inLanguage\":\"es\"},{\"@type\":\"ImageObject\",\"@id\":\"https:\/\/jania.org\/web\/sistema-de-centros-de-energia\/escuela-jania\/curso-movimiento-centros-de-energia\/#primaryimage\",\"inLanguage\":\"es\",\"url\":\"https:\/\/jania.org\/web\/wp-content\/uploads\/2016\/01\/curso-movimiento-centros-energia.jpg\",\"width\":920,\"height\":349,\"caption\":\"curso movimiento de centros de energia\"},{\"@type\":\"WebPage\",\"@id\":\"https:\/\/jania.org\/web\/sistema-de-centros-de-energia\/escuela-jania\/curso-movimiento-centros-de-energia\/#webpage\",\"url\":\"https:\/\/jania.org\/web\/sistema-de-centros-de-energia\/escuela-jania\/curso-movimiento-centros-de-energia\/\",\"name\":\"Curso Movimiento de Centros de Energ\\u00eda - Jania - Sistema de centros de Energ\\u00eda\",\"isPartOf\":{\"@id\":\"https:\/\/jania.org\/web\/#website\"},\"primaryImageOfPage\":{\"@id\":\"https:\/\/jania.org\/web\/sistema-de-centros-de-energia\/escuela-jania\/curso-movimiento-centros-de-energia\/#primaryimage\"},\"datePublished\":\"2016-01-24T04:42:17+00:00\",\"dateModified\":\"2020-12-09T22:55:44+00:00\",\"inLanguage\":\"es\",\"potentialAction\":[{\"@type\":\"ReadAction\",\"target\":[\"https:\/\/jania.org\/web\/sistema-de-centros-de-energia\/escuela-jania\/curso-movimiento-centros-de-energia\/\"]}]}]}<\/script>\n<!-- \/ Yoast SEO plugin. -->","_links":{"self":[{"href":"https:\/\/jania.org\/web\/wp-json\/wp\/v2\/pages\/874","targetHints":{"allow":["GET"]}}],"collection":[{"href":"https:\/\/jania.org\/web\/wp-json\/wp\/v2\/pages"}],"about":[{"href":"https:\/\/jania.org\/web\/wp-json\/wp\/v2\/types\/page"}],"author":[{"embeddable":true,"href":"https:\/\/jania.org\/web\/wp-json\/wp\/v2\/users\/1"}],"replies":[{"embeddable":true,"href":"https:\/\/jania.org\/web\/wp-json\/wp\/v2\/comments?post=874"}],"version-history":[{"count":23,"href":"https:\/\/jania.org\/web\/wp-json\/wp\/v2\/pages\/874\/revisions"}],"predecessor-version":[{"id":1451,"href":"https:\/\/jania.org\/web\/wp-json\/wp\/v2\/pages\/874\/revisions\/1451"}],"up":[{"embeddable":true,"href":"https:\/\/jania.org\/web\/wp-json\/wp\/v2\/pages\/834"}],"wp:featuredmedia":[{"embeddable":true,"href":"https:\/\/jania.org\/web\/wp-json\/wp\/v2\/media\/958"}],"wp:attachment":[{"href":"https:\/\/jania.org\/web\/wp-json\/wp\/v2\/media?parent=874"}],"curies":[{"name":"wp","href":"https:\/\/api.w.org\/{rel}","templated":true}]}}