{"id":914,"date":"2016-01-24T08:08:46","date_gmt":"2016-01-24T06:08:46","guid":{"rendered":"https:\/\/jania.org\/web\/?page_id=914"},"modified":"2020-12-10T01:00:43","modified_gmt":"2020-12-09T23:00:43","slug":"hugo-ardiles","status":"publish","type":"page","link":"https:\/\/jania.org\/web\/sistema-de-centros-de-energia\/escuela-jania\/hugo-ardiles\/","title":{"rendered":"Hugo Ardiles, el creador del Sistema de Centros de Energ\u00eda"},"content":{"rendered":"<blockquote><p>Las corazas nos hacen mover siempre igual, pero tambi\u00e9n nos hacen vivir siempre igual y, lo que es a\u00fan peor, pensar igual. En ese sentido nos perjudican, porque no nos permiten cambiar.<\/p><\/blockquote>\n<div class=\"column one_third\">\n<div class=\"caption-sinborde\">\n<p><img decoding=\"async\" src=\"https:\/\/jania.org\/web\/wp-content\/uploads\/2016\/02\/hugoloto.jpg\" alt=\"Hugo Ardiles\" \/><\/p>\n<p class=\"texto-caption\">Dr. Hugo Ardiles<\/p>\n<\/div>\n<p><\/div><div class=\"column two_third last\"><strong>Hugo Ardiles<\/strong> fue en su juventud un <strong>violinista<\/strong> con un brillante curr\u00edculum y un prometedor porvenir como <strong>m\u00fasico<\/strong>. Pero su encuentro con Susana Milderman, cuando ten\u00eda 24 a\u00f1os, cambi\u00f3 el rumbo de su vida. A partir de aqu\u00ed decide formarse como instructor de Gimnasia Expresiva Yogui con <strong>Susana Milderman<\/strong> y <strong>estudiar medicina<\/strong> con el objetivo de vincular la gimnasia yogui a la medicina.<\/p>\n<p>Hugo Ardiles es el <strong>creador de la t\u00e9cnica del Sistema de Centros de Energ\u00eda<\/strong>. Una autoridad reconocida por sus aportaciones , que ha dedicado toda su vida a difundir esta gimnasia expresiva de efectos renovadores en las personas que la practican. El origen de su trabajo hay que buscarlo en las investigaciones previas de <strong>Susana Milderman<\/strong>, su maestra, en las que \u00e9l profundiz\u00f3 hasta concebir esta terapia corporal inspirada en la m\u00fasica y el movimiento.<\/div><div class=\"clear\"><\/div><\/p>\n<p><div class=\"column three_fifth\">La filosof\u00eda y las ense\u00f1anzas del maestro Hugo Ardiles son el resultado de a\u00f1os de trabajo y experiencia con sus pacientes, en la <strong>b\u00fasqueda de la salud, el bienestar y la expresi\u00f3n de las emociones a trav\u00e9s de la m\u00fasica, el movimiento, el yoga y la gimnasia correctiva y expresiva<\/strong>, pilares esenciales de esta t\u00e9cnica sanadora con aplicaciones f\u00edsicas y psicol\u00f3gicas.<\/p>\n<p>El <strong>Sistema de Centros de Energ\u00eda<\/strong> es una terapia corporal que busca <strong>disolver<\/strong> las partes las <strong><em>\u201cacorazadas\u201d<\/em><\/strong> de nuestro cuerpo que impiden la expresi\u00f3n de nuestras emociones, nos hacen enfermar y sentirnos infelices.<\/div> <div class=\"column two_fifth last\"><\/p>\n<div class=\"caption-sinborde\">\n<p><img decoding=\"async\" src=\"https:\/\/jania.org\/web\/wp-content\/uploads\/2016\/02\/susana.jpg\" alt=\"Susana Milderman\" \/><\/p>\n<p class=\"texto-caption\">Susana Milderman<\/p>\n<\/div>\n<p><\/div><div class=\"clear\"><\/div><\/p>\n<h2>La salud a trav\u00e9s del movimiento<\/h2>\n<p>La <strong>terapia corporal<\/strong> creada por Ardiles propone al paciente una b\u00fasqueda. Se trata de que cada persona encuentre la <strong>confianza<\/strong> en s\u00ed misma y en su propia energ\u00eda. Precisamente esta gimnasia expresiva es un <strong>camino de sanaci\u00f3n<\/strong> que restablece la energ\u00eda de las personas y las <strong>equilibra emocional y energ\u00e9ticamente<\/strong>.<\/p>\n<p>Hoy <strong>existen<\/strong> varias <strong>escuelas<\/strong> que imparten la filosof\u00eda y las t\u00e9cnicas del maestro Hugo Ardiles en diferentes partes del mundo como <strong>Buenos Aires, Barcelona o Bilbao<\/strong>, donde se puede practicar esta t\u00e9cnica \u00fanica y tambi\u00e9n <strong>formarse<\/strong> en ella como <strong>instructor<\/strong>.<\/p>\n<p>El Dr. Hugo Ardiles es m\u00e9dico, home\u00f3pata, psicoterapeuta, maestro de yoga y autor de varios libros, entre otros <em><strong>La Energ\u00eda en mi Cuerpo<\/strong><\/em>. En su \u00faltimo libro, <em><strong>La Vida en mis Cuerpos<\/strong><\/em>, recopilaci\u00f3n de sus m\u00e1s de 40 a\u00f1os de experiencia, profundiza en la <strong>filosof\u00eda<\/strong> y el Sistema de Terapia Corporal de Centros de Energ\u00eda, como <strong>camino para el desarrollo de la salud y la espiritualidad, comparando el Yoga con la medicina<\/strong> moderna. Su pr\u00f3ximo libro, en preparaci\u00f3n, es un estudio sobre los desequilibrios de los chakras, donde explica las <strong>patolog\u00edas de cada centro<\/strong> de energ\u00eda.<\/p>\n<h2>Su filosof\u00eda<\/h2>\n<p>La filosof\u00eda y la metodolog\u00eda del <strong>Sistema de Centros de Energ\u00eda<\/strong> se crean a partir de la teor\u00eda del<strong> Dr. Hugo Ardiles<\/strong>. Una visi\u00f3n, avalada m\u00e1s tarde, por m\u00e1s de 40 a\u00f1os de experiencia, el estudio y la pr\u00e1ctica diaria de las personas que lo experimentan en varios pa\u00edses del mundo.<\/p>\n<blockquote><p>No se puede corregir sin expresar.<\/p><\/blockquote>\n<p>La visi\u00f3n del Sistema de Centros de Energ\u00eda, y que sirve para todos los aspectos de nuestra vida, es <strong>hallar un camino<\/strong> para que cada persona se encuentre consigo, con su alegr\u00eda, con su fuerza, con su vitalidad, con su tristeza\u2026 con todo lo que somos y lo pueda <strong>expresar<\/strong> sin juicio.<\/p>\n<p>A trav\u00e9s de las <strong>t\u00e9cnicas del masaje<\/strong>, el <strong>movimiento expresivo y correctivo<\/strong> podemos ser conscientes de las corazas que nos limitan y emprender un <strong>camino de sanaci\u00f3n y de armonizaci\u00f3n<\/strong> que nos permita sentir, amar, expresar, relacionarnos. En definitiva, <strong>ser m\u00e1s felices<\/strong>.<\/p>\n<div class=\"fondo-trans\">\n<p><span class=\"titulo-banner-cursos\">Escuelas del Sistema de Centros de Energ\u00eda<\/span><\/p>\n<p>Hoy en d\u00eda el Sistema de Centros de Energ\u00eda difunde este conocimiento a trav\u00e9s de charlas, seminarios, formaci\u00f3n, talleres, cursos y jornadas en sus propias Escuelas ubicadas en<\/p>\n<ul class=\"lista-jania\">\n<li>Bilbao<\/li>\n<li>Barcelona<\/li>\n<li>Buenos Aires<\/li>\n<\/ul>\n<p>&nbsp;<\/p>\n<hr \/>\n<p><strong>Clases<\/strong> regulares y <strong>talleres<\/strong> se imparten habitualmente en otros lugares y ciudades.<\/p>\n<\/div>\n<p>&nbsp;<\/p>\n","protected":false},"excerpt":{"rendered":"<p>La salud a trav\u00e9s del movimiento La terapia corporal creada por Ardiles propone al paciente una b\u00fasqueda. Se trata de que cada persona encuentre la confianza en s\u00ed misma y en su propia energ\u00eda. Precisamente esta gimnasia expresiva es un camino de sanaci\u00f3n que restablece la energ\u00eda de las personas y las equilibra emocional y energ\u00e9ticamente. Hoy existen varias escuelas que imparten la filosof\u00eda y las t\u00e9cnicas del maestro Hugo Ardiles en diferentes partes del mundo como Buenos Aires, Barcelona o Bilbao, donde se puede practicar esta t\u00e9cnica \u00fanica y tambi\u00e9n formarse en ella como instructor. El Dr. Hugo Ardiles [&hellip;]<\/p>\n","protected":false},"author":1,"featured_media":1058,"parent":834,"menu_order":0,"comment_status":"closed","ping_status":"closed","template":"","meta":{"footnotes":""},"class_list":["post-914","page","type-page","status-publish","has-post-thumbnail","hentry"],"yoast_head":"<!-- This site is optimized with the Yoast SEO plugin v15.4 - https:\/\/yoast.com\/wordpress\/plugins\/seo\/ -->\n<meta name=\"robots\" content=\"index, follow, max-snippet:-1, max-image-preview:large, max-video-preview:-1\" \/>\n<link rel=\"canonical\" href=\"https:\/\/jania.org\/web\/sistema-de-centros-de-energia\/escuela-jania\/hugo-ardiles\/\" \/>\n<meta property=\"og:locale\" content=\"es_ES\" \/>\n<meta property=\"og:type\" content=\"article\" \/>\n<meta property=\"og:title\" content=\"Hugo Ardiles, el creador del Sistema de Centros de Energ\u00eda - Jania - Sistema de centros de Energ\u00eda\" \/>\n<meta property=\"og:description\" content=\"La salud a trav\u00e9s del movimiento La terapia corporal creada por Ardiles propone al paciente una b\u00fasqueda. Se trata de que cada persona encuentre la confianza en s\u00ed misma y en su propia energ\u00eda. Precisamente esta gimnasia expresiva es un camino de sanaci\u00f3n que restablece la energ\u00eda de las personas y las equilibra emocional y energ\u00e9ticamente. Hoy existen varias escuelas que imparten la filosof\u00eda y las t\u00e9cnicas del maestro Hugo Ardiles en diferentes partes del mundo como Buenos Aires, Barcelona o Bilbao, donde se puede practicar esta t\u00e9cnica \u00fanica y tambi\u00e9n formarse en ella como instructor. El Dr. Hugo Ardiles [&hellip;]\" \/>\n<meta property=\"og:url\" content=\"https:\/\/jania.org\/web\/sistema-de-centros-de-energia\/escuela-jania\/hugo-ardiles\/\" \/>\n<meta property=\"og:site_name\" content=\"Jania - Sistema de centros de Energ\u00eda\" \/>\n<meta property=\"article:modified_time\" content=\"2020-12-09T23:00:43+00:00\" \/>\n<meta property=\"og:image\" content=\"https:\/\/jania.org\/web\/wp-content\/uploads\/2016\/01\/hugo-ardiles-clase.jpg\" \/>\n\t<meta property=\"og:image:width\" content=\"920\" \/>\n\t<meta property=\"og:image:height\" content=\"296\" \/>\n<meta name=\"twitter:label1\" content=\"Escrito por\">\n\t<meta name=\"twitter:data1\" content=\"Ainhoa\">\n\t<meta name=\"twitter:label2\" content=\"Tiempo de lectura\">\n\t<meta name=\"twitter:data2\" content=\"3 minutos\">\n<script type=\"application\/ld+json\" class=\"yoast-schema-graph\">{\"@context\":\"https:\/\/schema.org\",\"@graph\":[{\"@type\":\"WebSite\",\"@id\":\"https:\/\/jania.org\/web\/#website\",\"url\":\"https:\/\/jania.org\/web\/\",\"name\":\"Jania - Sistema de centros de Energ\\u00eda\",\"description\":\"Sistema de centros de Energ\\u00eda - Din\\u00e1micas corporales\",\"potentialAction\":[{\"@type\":\"SearchAction\",\"target\":\"https:\/\/jania.org\/web\/?s={search_term_string}\",\"query-input\":\"required name=search_term_string\"}],\"inLanguage\":\"es\"},{\"@type\":\"ImageObject\",\"@id\":\"https:\/\/jania.org\/web\/sistema-de-centros-de-energia\/escuela-jania\/hugo-ardiles\/#primaryimage\",\"inLanguage\":\"es\",\"url\":\"https:\/\/jania.org\/web\/wp-content\/uploads\/2016\/01\/hugo-ardiles-clase.jpg\",\"width\":920,\"height\":296,\"caption\":\"Hugo Ardiles\"},{\"@type\":\"WebPage\",\"@id\":\"https:\/\/jania.org\/web\/sistema-de-centros-de-energia\/escuela-jania\/hugo-ardiles\/#webpage\",\"url\":\"https:\/\/jania.org\/web\/sistema-de-centros-de-energia\/escuela-jania\/hugo-ardiles\/\",\"name\":\"Hugo Ardiles, el creador del Sistema de Centros de Energ\\u00eda - Jania - Sistema de centros de Energ\\u00eda\",\"isPartOf\":{\"@id\":\"https:\/\/jania.org\/web\/#website\"},\"primaryImageOfPage\":{\"@id\":\"https:\/\/jania.org\/web\/sistema-de-centros-de-energia\/escuela-jania\/hugo-ardiles\/#primaryimage\"},\"datePublished\":\"2016-01-24T06:08:46+00:00\",\"dateModified\":\"2020-12-09T23:00:43+00:00\",\"inLanguage\":\"es\",\"potentialAction\":[{\"@type\":\"ReadAction\",\"target\":[\"https:\/\/jania.org\/web\/sistema-de-centros-de-energia\/escuela-jania\/hugo-ardiles\/\"]}]}]}<\/script>\n<!-- \/ Yoast SEO plugin. -->","_links":{"self":[{"href":"https:\/\/jania.org\/web\/wp-json\/wp\/v2\/pages\/914","targetHints":{"allow":["GET"]}}],"collection":[{"href":"https:\/\/jania.org\/web\/wp-json\/wp\/v2\/pages"}],"about":[{"href":"https:\/\/jania.org\/web\/wp-json\/wp\/v2\/types\/page"}],"author":[{"embeddable":true,"href":"https:\/\/jania.org\/web\/wp-json\/wp\/v2\/users\/1"}],"replies":[{"embeddable":true,"href":"https:\/\/jania.org\/web\/wp-json\/wp\/v2\/comments?post=914"}],"version-history":[{"count":58,"href":"https:\/\/jania.org\/web\/wp-json\/wp\/v2\/pages\/914\/revisions"}],"predecessor-version":[{"id":2195,"href":"https:\/\/jania.org\/web\/wp-json\/wp\/v2\/pages\/914\/revisions\/2195"}],"up":[{"embeddable":true,"href":"https:\/\/jania.org\/web\/wp-json\/wp\/v2\/pages\/834"}],"wp:featuredmedia":[{"embeddable":true,"href":"https:\/\/jania.org\/web\/wp-json\/wp\/v2\/media\/1058"}],"wp:attachment":[{"href":"https:\/\/jania.org\/web\/wp-json\/wp\/v2\/media?parent=914"}],"curies":[{"name":"wp","href":"https:\/\/api.w.org\/{rel}","templated":true}]}}